{"id":7090,"date":"2024-01-09T17:28:09","date_gmt":"2024-01-09T17:28:09","guid":{"rendered":"https:\/\/www.inovexfoods.com\/urun\/barico-cherry-flavored-syrup-2\/"},"modified":"2025-08-09T16:38:49","modified_gmt":"2025-08-09T16:38:49","slug":"barico-visne-aromali-surup","status":"publish","type":"product","link":"https:\/\/inovexfoods.com\/tr\/urun\/barico-visne-aromali-surup\/","title":{"rendered":"Barico Vi\u015fne Aromal\u0131 \u015eurup"},"content":{"rendered":"<p><strong>Barico Vi\u015fne Aromal\u0131 \u015eurup<\/strong><\/p>\n<p>Barico Vi\u015fne Aromal\u0131 \u015eurup&#8217;un kar\u015f\u0131 konulmaz cazibesine kap\u0131l\u0131n &#8211; tatl\u0131 ve ek\u015fi m\u00fckemmelli\u011fin bir senfonisi. \u00d6zenle haz\u0131rlanan bu \u015furup, sulu vi\u015fnelerin \u00f6z\u00fcn\u00fc yakalayarak en sevdi\u011finiz yemek ve i\u00e7eceklere meyvemsi bir tazelik patlamas\u0131 getiriyor.<\/p>\n<p>Sulu Vi\u015fne Senfonisi: Her damlas\u0131 do\u011fan\u0131n sulu vi\u015fnelerin bir senfonisi olan Barico Vi\u015fne Aromal\u0131 \u015eurup&#8217;un tatl\u0131 ve ek\u015fi melodisiyle damaklar\u0131n\u0131z\u0131 \u015f\u0131mart\u0131n. Vi\u015fnelerin yemye\u015fil tatl\u0131l\u0131\u011f\u0131yla mutfak tasar\u0131mlar\u0131n\u0131z\u0131 zenginle\u015ftirin ve s\u0131radan anlar\u0131 s\u0131ra d\u0131\u015f\u0131 mutfak maceralar\u0131na d\u00f6n\u00fc\u015ft\u00fcr\u00fcn.<\/p>\n<p>\u00c7ok Y\u00f6nl\u00fc Mutfak Harikas\u0131: Kahvalt\u0131l\u0131k lezzetlerden enfes tatl\u0131lara kadar, Barico Vi\u015fne \u015eurubu \u00e7ok y\u00f6nl\u00fcl\u00fck i\u00e7in mutfak ilham\u0131n\u0131zd\u0131r. Kreplerin \u00fczerine gezdirin, yo\u011furda kar\u0131\u015ft\u0131r\u0131n veya vi\u015fnenin nefis \u00f6z\u00fcn\u00fc yans\u0131tan ferahlat\u0131c\u0131 i\u00e7ecekler haz\u0131rlay\u0131n &#8211; olas\u0131l\u0131klar sonsuz.<\/p>\n<p>Do\u011fal Lezzet, Taviz Yok: Barico, y\u00fcksek fruktozlu m\u0131s\u0131r \u015furubu i\u00e7ermeyen ger\u00e7ek vi\u015fne aromas\u0131 sunmaya kendini adam\u0131\u015ft\u0131r. V\u0130\u015fne Aromal\u0131 \u015eurubumuz, do\u011fan\u0131n vi\u015fnelerin sulu ve ferahlat\u0131c\u0131 \u00f6z\u00fcyle saf ve su\u00e7luluk duymadan bir keyif alman\u0131z\u0131 sa\u011flar.<\/p>\n<p>Yarat\u0131c\u0131 Mutfak Ke\u015ffi: Barico Kiraz \u015eurubu ile mutfak hayal g\u00fcc\u00fcn\u00fcz\u00fc harekete ge\u00e7irin. Canl\u0131 meyve salatalar\u0131 haz\u0131rlay\u0131n, kiraz aromal\u0131 lezzetlerle hamur i\u015flerinizi zenginle\u015ftirin veya meyveli bir ferahl\u0131k patlamas\u0131 i\u00e7in kokteyllere ve alkols\u00fcz kokteyllere kar\u0131\u015ft\u0131r\u0131n. Bu \u00e7ok y\u00f6nl\u00fc ve lezzetli \u015furupla mutfakta yarat\u0131c\u0131l\u0131\u011f\u0131n\u0131z\u0131 ortaya \u00e7\u0131kar\u0131n.<\/p>\n<p>Mutfak Deneyiminizi Zenginle\u015ftirin: Barico Vi\u015fne Aromal\u0131 \u015eurup ile mutfa\u011f\u0131n\u0131z\u0131 kirazdan ilham alan lezzetlerle dolu bir cennete d\u00f6n\u00fc\u015ft\u00fcr\u00fcn. Do\u011fan\u0131n vi\u015fnelerinin saf ve otantik tad\u0131n\u0131 deneyimlemek i\u00e7in hemen sipari\u015f verin ve her damlas\u0131n\u0131n mutfak kreasyonlar\u0131n\u0131za meyvemsi bir tazelik katmas\u0131na izin verin. Bug\u00fcn Barico Vi\u015fne \u015eurubu ile lezzetinizi bir \u00fcst seviyeye ta\u015f\u0131y\u0131n!<\/p>\n<p><img fetchpriority=\"high\" decoding=\"async\" class=\"alignnone wp-image-536 size-full\" src=\"https:\/\/inovexfoods.com\/wp-content\/uploads\/2024\/01\/Blackberry-2.png\" alt=\"\" width=\"620\" height=\"955\" srcset=\"https:\/\/inovexfoods.com\/wp-content\/uploads\/2024\/01\/Blackberry-2.png 620w, https:\/\/inovexfoods.com\/wp-content\/uploads\/2024\/01\/Blackberry-2-300x462.png 300w, https:\/\/inovexfoods.com\/wp-content\/uploads\/2024\/01\/Blackberry-2-150x231.png 150w, https:\/\/inovexfoods.com\/wp-content\/uploads\/2024\/01\/Blackberry-2-600x924.png 600w, https:\/\/inovexfoods.com\/wp-content\/uploads\/2024\/01\/Blackberry-2-195x300.png 195w, https:\/\/inovexfoods.com\/wp-content\/uploads\/2024\/01\/Blackberry-2-8x12.png 8w\" sizes=\"(max-width: 620px) 100vw, 620px\" \/><\/p>\n","protected":false},"excerpt":{"rendered":"<p>Barico Vi\u015fne Aromal\u0131 \u015eurup&#8217;un kar\u015f\u0131 konulmaz cazibesine kap\u0131l\u0131n &#8211; mutfak tasar\u0131mlar\u0131n\u0131z\u0131 d\u00f6n\u00fc\u015ft\u00fcren, tatl\u0131 ve ek\u015fi m\u00fckemmelli\u011fin bir senfonisi. \u00d6zenle haz\u0131rlanan bu \u015furup, sulu kirazlar\u0131n \u00f6z\u00fcn\u00fc yakalayarak en sevdi\u011finiz yemek ve i\u00e7eceklere meyvemsi bir tazelik patlamas\u0131 getiriyor.<\/p>\n<table width=\"292\">\n<tbody>\n<tr>\n<td width=\"139\">Volume<\/td>\n<td width=\"153\">1 Liter<\/td>\n<\/tr>\n<tr>\n<td>Net Weight<\/td>\n<td>1315 gr.<\/td>\n<\/tr>\n<tr>\n<td>Gross Weight<\/td>\n<td>1998 gr.<\/td>\n<\/tr>\n<tr>\n<td>Pieces \/ carton<\/td>\n<td>6<\/td>\n<\/tr>\n<tr>\n<td>Carton \/ Pallet<\/td>\n<td>100<\/td>\n<\/tr>\n<tr>\n<td>Carton \/ 20 ft<\/td>\n<td>1000<\/td>\n<\/tr>\n<tr>\n<td>Carton \/ 40 ft<\/td>\n<td>2100<\/td>\n<\/tr>\n<tr>\n<td>Shelf Life<\/td>\n<td>3 years<\/td>\n<\/tr>\n<tr>\n<td>Languages<\/td>\n<td>English, Turkish, Arabic<\/td>\n<\/tr>\n<\/tbody>\n<\/table>\n","protected":false},"featured_media":2435,"comment_status":"closed","ping_status":"closed","template":"","meta":[],"product_brand":[],"product_cat":[486],"product_tag":[275,276,565,278,566,567,559,280,282],"class_list":{"0":"post-7090","1":"product","2":"type-product","3":"status-publish","4":"has-post-thumbnail","6":"product_cat-aromali-suruplar","7":"product_tag-artisanal-syrup-tr","8":"product_tag-barico-syrup-tr","9":"product_tag-berry-flavor-tr","10":"product_tag-breakfast-and-dessert-enhancement-tr","11":"product_tag-cherry-flavored-syrup-tr","12":"product_tag-creative-cooking-with-cherries-tr","13":"product_tag-fruity-syrup-tr","14":"product_tag-guilt-free-indulgence-tr","15":"product_tag-versatile-culinary-ingredient-tr","17":"first","18":"instock","19":"shipping-taxable","20":"product-type-simple"},"_links":{"self":[{"href":"https:\/\/inovexfoods.com\/tr\/wp-json\/wp\/v2\/product\/7090","targetHints":{"allow":["GET"]}}],"collection":[{"href":"https:\/\/inovexfoods.com\/tr\/wp-json\/wp\/v2\/product"}],"about":[{"href":"https:\/\/inovexfoods.com\/tr\/wp-json\/wp\/v2\/types\/product"}],"replies":[{"embeddable":true,"href":"https:\/\/inovexfoods.com\/tr\/wp-json\/wp\/v2\/comments?post=7090"}],"wp:featuredmedia":[{"embeddable":true,"href":"https:\/\/inovexfoods.com\/tr\/wp-json\/wp\/v2\/media\/2435"}],"wp:attachment":[{"href":"https:\/\/inovexfoods.com\/tr\/wp-json\/wp\/v2\/media?parent=7090"}],"wp:term":[{"taxonomy":"product_brand","embeddable":true,"href":"https:\/\/inovexfoods.com\/tr\/wp-json\/wp\/v2\/product_brand?post=7090"},{"taxonomy":"product_cat","embeddable":true,"href":"https:\/\/inovexfoods.com\/tr\/wp-json\/wp\/v2\/product_cat?post=7090"},{"taxonomy":"product_tag","embeddable":true,"href":"https:\/\/inovexfoods.com\/tr\/wp-json\/wp\/v2\/product_tag?post=7090"}],"curies":[{"name":"wp","href":"https:\/\/api.w.org\/{rel}","templated":true}]}}