{"id":7084,"date":"2024-01-09T17:58:20","date_gmt":"2024-01-09T17:58:20","guid":{"rendered":"https:\/\/www.inovexfoods.com\/urun\/barico-green-apple-flavored-syrup\/"},"modified":"2025-08-09T16:17:00","modified_gmt":"2025-08-09T16:17:00","slug":"barico-yesil-elma-aromali-surup","status":"publish","type":"product","link":"https:\/\/inovexfoods.com\/tr\/urun\/barico-yesil-elma-aromali-surup\/","title":{"rendered":"Barico Ye\u015fil Elma Aromal\u0131 \u015eurup"},"content":{"rendered":"<p><strong>Barico Ye\u015fil Elma Aromal\u0131 \u015eurup<\/strong><\/p>\n<p>Barico Ye\u015fil Elma Aromal\u0131 \u015eurup \u2013 taze ye\u015fil elmalar\u0131n tatl\u0131 ve keskin \u00f6z\u00fcn\u00fc mutfak kreasyonlar\u0131n\u0131za ta\u015f\u0131yan, canl\u0131 ve cezbedici bir inf\u00fczyon. \u00d6zenle haz\u0131rlanan bu \u015furup, ye\u015fil elmalar\u0131n parlak ve meyvemsi notalar\u0131n\u0131 yakalayarak en sevdi\u011finiz i\u00e7eceklere ve gurme lezzetlere ferahlat\u0131c\u0131 bir tatl\u0131l\u0131k kat\u0131yor.<\/p>\n<p>Canl\u0131 Ye\u015fil Elma Lezzeti: Her damlas\u0131 \u00e7\u0131t\u0131r \u00e7\u0131t\u0131r bir elma lezzeti patlamas\u0131 olan Barico Ye\u015fil Elma Aromal\u0131 \u015eurup&#8217;un enfes tad\u0131n\u0131n tad\u0131n\u0131 \u00e7\u0131kar\u0131n. Mutfak kreasyonlar\u0131n\u0131z\u0131 taze ye\u015fil elmalar\u0131n tatl\u0131 ve keskin \u00f6z\u00fcyle zenginle\u015ftirin ve s\u0131radan anlar\u0131 s\u0131ra d\u0131\u015f\u0131 gurme maceralar\u0131na d\u00f6n\u00fc\u015ft\u00fcr\u00fcn.<\/p>\n<p>\u00c7ok Y\u00f6nl\u00fc Mutfak Harikas\u0131: Ferahlat\u0131c\u0131 i\u00e7eceklerden yarat\u0131c\u0131 mutfak lezzetlerine kadar, Barico Ye\u015fil Elma \u015eurubu, \u00e7ok y\u00f6nl\u00fcl\u00fck i\u00e7in mutfak ilham\u0131n\u0131zd\u0131r. Elma aromal\u0131 kokteyller haz\u0131rlay\u0131n, tatl\u0131lar\u0131n \u00fczerine gezdirin veya meyveli soslar yarat\u0131n &#8211; olas\u0131l\u0131klar sonsuz, ye\u015fil elmadan ilham alan yarat\u0131c\u0131l\u0131\u011f\u0131n t\u00fcm yelpazesini ke\u015ffetmenizi sa\u011fl\u0131yor.<\/p>\n<p>Do\u011fal Lezzet, Taviz Yok: Barico, y\u00fcksek fruktozlu m\u0131s\u0131r \u015furubu i\u00e7ermeyen otantik ye\u015fil elma aromas\u0131 sunmaya kendini adam\u0131\u015ft\u0131r. Ye\u015fil Elma Aromal\u0131 \u015eurubumuz, taze ye\u015fil elmalar\u0131n \u00e7\u0131t\u0131r ve ferahlat\u0131c\u0131 \u00f6z\u00fcnde saf ve su\u00e7luluk duymadan bir keyif sunar.<\/p>\n<p>Yarat\u0131c\u0131 Mutfak Ke\u015ffi: Barico Ye\u015fil Elma \u015eurubu ile mutfak hayal g\u00fcc\u00fcn\u00fcz\u00fc harekete ge\u00e7irin. Ferahlat\u0131c\u0131 alkols\u00fcz kokteyller haz\u0131rlay\u0131n, elma aromal\u0131 lezzetlerle hamur i\u015flerinizi zenginle\u015ftirin veya tuzlu yemeklerle deneyler yap\u0131n &#8211; bu \u00e7ok y\u00f6nl\u00fc ve lezzetli \u015furupla mutfakta yarat\u0131c\u0131l\u0131\u011f\u0131n\u0131z\u0131 konu\u015fturun.<\/p>\n<p>Mutfak Deneyiminizi Bir \u00dcst Seviyeye Ta\u015f\u0131y\u0131n: Barico Ye\u015fil Elma Aromal\u0131 \u015eurup ile mutfa\u011f\u0131n\u0131z\u0131 bir ye\u015fil elma cennetine d\u00f6n\u00fc\u015ft\u00fcr\u00fcn. Taze ye\u015fil elmalar\u0131n saf ve otantik tad\u0131n\u0131 deneyimlemek ve her damlas\u0131n\u0131n mutfak kreasyonlar\u0131n\u0131za ferahlat\u0131c\u0131 bir tatl\u0131l\u0131k katmas\u0131n\u0131 sa\u011flamak i\u00e7in hemen sipari\u015f verin. Bug\u00fcn Barico Ye\u015fil Elma \u015eurubu ile lezzetinizi y\u00fckseltin!<\/p>\n<p><img fetchpriority=\"high\" decoding=\"async\" class=\"alignnone wp-image-552 size-full\" src=\"https:\/\/inovexfoods.com\/wp-content\/uploads\/2024\/01\/COFFEE-nutrition-table.png\" alt=\"\" width=\"504\" height=\"768\" srcset=\"https:\/\/inovexfoods.com\/wp-content\/uploads\/2024\/01\/COFFEE-nutrition-table.png 504w, https:\/\/inovexfoods.com\/wp-content\/uploads\/2024\/01\/COFFEE-nutrition-table-300x457.png 300w, https:\/\/inovexfoods.com\/wp-content\/uploads\/2024\/01\/COFFEE-nutrition-table-150x229.png 150w, https:\/\/inovexfoods.com\/wp-content\/uploads\/2024\/01\/COFFEE-nutrition-table-197x300.png 197w, https:\/\/inovexfoods.com\/wp-content\/uploads\/2024\/01\/COFFEE-nutrition-table-8x12.png 8w\" sizes=\"(max-width: 504px) 100vw, 504px\" \/><\/p>\n","protected":false},"excerpt":{"rendered":"<p>Barico Ye\u015fil Elma Aromal\u0131 \u015eurup \u2013 taze ye\u015fil elmalar\u0131n tatl\u0131 ve keskin \u00f6z\u00fcn\u00fc mutfak kreasyonlar\u0131n\u0131za ta\u015f\u0131yan, canl\u0131 ve cezbedici bir inf\u00fczyon. \u00d6zenle haz\u0131rlanan bu \u015furup, ye\u015fil elmalar\u0131n parlak ve meyvemsi notalar\u0131n\u0131 yakalayarak en sevdi\u011finiz i\u00e7eceklere ve gurme lezzetlere ferahlat\u0131c\u0131 bir tatl\u0131l\u0131k kat\u0131yor.<\/p>\n<table width=\"292\">\n<tbody>\n<tr>\n<td width=\"139\">Volume<\/td>\n<td width=\"153\">1 Liter<\/td>\n<\/tr>\n<tr>\n<td>Net Weight<\/td>\n<td>1315 gr.<\/td>\n<\/tr>\n<tr>\n<td>Gross Weight<\/td>\n<td>1998 gr.<\/td>\n<\/tr>\n<tr>\n<td>Pieces \/ carton<\/td>\n<td>6<\/td>\n<\/tr>\n<tr>\n<td>Carton \/ Pallet<\/td>\n<td>100<\/td>\n<\/tr>\n<tr>\n<td>Carton \/ 20 ft<\/td>\n<td>1000<\/td>\n<\/tr>\n<tr>\n<td>Carton \/ 40 ft<\/td>\n<td>2100<\/td>\n<\/tr>\n<tr>\n<td>Shelf Life<\/td>\n<td>3 years<\/td>\n<\/tr>\n<tr>\n<td>Languages<\/td>\n<td>English, Turkish, Arabic<\/td>\n<\/tr>\n<\/tbody>\n<\/table>\n","protected":false},"featured_media":2463,"comment_status":"closed","ping_status":"closed","template":"","meta":[],"product_brand":[],"product_cat":[486],"product_tag":[275,276,431,558,559,560,280,561],"class_list":{"0":"post-7084","1":"product","2":"type-product","3":"status-publish","4":"has-post-thumbnail","6":"product_cat-aromali-suruplar","7":"product_tag-artisanal-syrup-tr","8":"product_tag-barico-syrup-tr","9":"product_tag-beverage-enhancement-tr","10":"product_tag-creative-cooking-with-green-apple-tr","11":"product_tag-fruity-syrup-tr","12":"product_tag-green-apple-flavored-syrup-tr","13":"product_tag-guilt-free-indulgence-tr","14":"product_tag-tangy-culinary-ingredient-tr","16":"first","17":"instock","18":"shipping-taxable","19":"product-type-simple"},"_links":{"self":[{"href":"https:\/\/inovexfoods.com\/tr\/wp-json\/wp\/v2\/product\/7084","targetHints":{"allow":["GET"]}}],"collection":[{"href":"https:\/\/inovexfoods.com\/tr\/wp-json\/wp\/v2\/product"}],"about":[{"href":"https:\/\/inovexfoods.com\/tr\/wp-json\/wp\/v2\/types\/product"}],"replies":[{"embeddable":true,"href":"https:\/\/inovexfoods.com\/tr\/wp-json\/wp\/v2\/comments?post=7084"}],"wp:featuredmedia":[{"embeddable":true,"href":"https:\/\/inovexfoods.com\/tr\/wp-json\/wp\/v2\/media\/2463"}],"wp:attachment":[{"href":"https:\/\/inovexfoods.com\/tr\/wp-json\/wp\/v2\/media?parent=7084"}],"wp:term":[{"taxonomy":"product_brand","embeddable":true,"href":"https:\/\/inovexfoods.com\/tr\/wp-json\/wp\/v2\/product_brand?post=7084"},{"taxonomy":"product_cat","embeddable":true,"href":"https:\/\/inovexfoods.com\/tr\/wp-json\/wp\/v2\/product_cat?post=7084"},{"taxonomy":"product_tag","embeddable":true,"href":"https:\/\/inovexfoods.com\/tr\/wp-json\/wp\/v2\/product_tag?post=7084"}],"curies":[{"name":"wp","href":"https:\/\/api.w.org\/{rel}","templated":true}]}}