{"id":7081,"date":"2024-01-02T13:00:34","date_gmt":"2024-01-02T13:00:34","guid":{"rendered":"https:\/\/www.inovexfoods.com\/urun\/barico-vanilla-flavored-syrup-2\/"},"modified":"2025-08-09T16:10:49","modified_gmt":"2025-08-09T16:10:49","slug":"barico-vanilya-aromali-surup","status":"publish","type":"product","link":"https:\/\/inovexfoods.com\/tr\/urun\/barico-vanilya-aromali-surup\/","title":{"rendered":"Barico Vanilya Aromal\u0131 \u015eurup"},"content":{"rendered":"<p>Barico Vanilya Aromal\u0131 \u015eurup \u2013 mutfak lezzetlerinizi zenginle\u015ftirecek saf vanilya \u00f6z\u00fcn\u00fcn muhte\u015fem bir kar\u0131\u015f\u0131m\u0131. \u00d6zenle haz\u0131rlanan bu \u015furup, vanilyan\u0131n zengin ve rahatlat\u0131c\u0131 aromas\u0131n\u0131 yakalayarak en sevdi\u011finiz yemek ve i\u00e7eceklere s\u0131cakl\u0131k ve zarafet katar.<\/p>\n<p>Saf Vanilya Zarafeti: Her damlas\u0131 birinci s\u0131n\u0131f vanilyan\u0131n saf zarafetini yans\u0131tan Barico Vanilya Aromal\u0131 \u015eurup&#8217;un enfes tad\u0131n\u0131n tad\u0131n\u0131 \u00e7\u0131kar\u0131n. Mutfak lezzetlerinizi vanilyan\u0131n s\u0131cak ve tatl\u0131 dokunu\u015fuyla zenginle\u015ftirin ve s\u0131radan anlar\u0131 s\u0131ra d\u0131\u015f\u0131 deneyimlere d\u00f6n\u00fc\u015ft\u00fcr\u00fcn.<\/p>\n<p>\u00c7ok Y\u00f6nl\u00fc Mutfak Harikas\u0131: Sabah kahvesinden enfes tatl\u0131lara kadar, Barico Vanilya \u015eurubu, mutfakta \u00e7ok y\u00f6nl\u00fcl\u00fc\u011f\u00fcn\u00fcz i\u00e7in size e\u015flik eder. En sevdi\u011finiz i\u00e7eceklerin lezzetini art\u0131r\u0131n, kreplerin \u00fczerine gezdirin veya vanilya \u00f6zl\u00fc ikramlar yarat\u0131n; olas\u0131l\u0131klar sonsuzdur ve vanilyadan ilham alan yarat\u0131c\u0131l\u0131\u011f\u0131n t\u00fcm yelpazesini ke\u015ffetmenizi sa\u011flar.<\/p>\n<p>Do\u011fal Lezzet, Taviz Yok: Barico, yapay katk\u0131 maddeleri olmadan otantik vanilya aromas\u0131 sunmaya kendini adam\u0131\u015ft\u0131r. Y\u00fcksek fruktozlu m\u0131s\u0131r \u015furubu ve yapay renklendirici i\u00e7ermeyen Vanilya Aromal\u0131 \u015eurubumuz, vanilyan\u0131n zengin ve kadifemsi \u00f6z\u00fcyle saf ve su\u00e7luluk duymadan keyifli bir deneyim sunar.<\/p>\n<p>Yarat\u0131c\u0131 Mutfak Ke\u015ffi: Barico Vanilya \u015eurubu ile mutfak hayal g\u00fcc\u00fcn\u00fcz\u00fc harekete ge\u00e7irin. Gurme kahveler haz\u0131rlay\u0131n, vanilya \u00f6zl\u00fc lezzetlerle pastalar\u0131n\u0131z\u0131 zenginle\u015ftirin veya vanilyan\u0131n sofistike notalar\u0131n\u0131 yans\u0131tan \u00f6zel kokteyller yarat\u0131n. Bu \u00e7ok y\u00f6nl\u00fc ve lezzetli \u015furupla mutfakta yarat\u0131c\u0131l\u0131\u011f\u0131n\u0131z\u0131 ortaya \u00e7\u0131kar\u0131n.<\/p>\n<p>Mutfak Deneyiminizi Geli\u015ftirin: Barico Vanilya \u015eurubu ile mutfa\u011f\u0131n\u0131z\u0131 vanilya esintili lezzetlerle dolu bir cennete d\u00f6n\u00fc\u015ft\u00fcr\u00fcn. Vanilyan\u0131n saf ve otantik tad\u0131n\u0131 deneyimlemek ve her damlas\u0131n\u0131n mutfak kreasyonlar\u0131n\u0131za s\u0131cakl\u0131k ve zarafet katmas\u0131n\u0131 sa\u011flamak i\u00e7in hemen sipari\u015f verin. Bug\u00fcn Barico Vanilya \u015eurubu ile lezzetinizi geli\u015ftirin!<\/p>\n<p>&nbsp;<\/p>\n<p><img fetchpriority=\"high\" decoding=\"async\" class=\"alignnone wp-image-491 size-full\" src=\"https:\/\/inovexfoods.com\/wp-content\/uploads\/2024\/01\/blueberry-nutrition-facts.png\" alt=\"\" width=\"632\" height=\"964\" srcset=\"https:\/\/inovexfoods.com\/wp-content\/uploads\/2024\/01\/blueberry-nutrition-facts.png 632w, https:\/\/inovexfoods.com\/wp-content\/uploads\/2024\/01\/blueberry-nutrition-facts-300x458.png 300w, https:\/\/inovexfoods.com\/wp-content\/uploads\/2024\/01\/blueberry-nutrition-facts-150x229.png 150w, https:\/\/inovexfoods.com\/wp-content\/uploads\/2024\/01\/blueberry-nutrition-facts-600x915.png 600w, https:\/\/inovexfoods.com\/wp-content\/uploads\/2024\/01\/blueberry-nutrition-facts-197x300.png 197w, https:\/\/inovexfoods.com\/wp-content\/uploads\/2024\/01\/blueberry-nutrition-facts-8x12.png 8w\" sizes=\"(max-width: 632px) 100vw, 632px\" \/><\/p>\n","protected":false},"excerpt":{"rendered":"<p>Barico Vanilya Aromal\u0131 \u015eurup \u2013 mutfak lezzetlerinizi zenginle\u015ftirecek saf vanilya \u00f6z\u00fcn\u00fcn muhte\u015fem bir kar\u0131\u015f\u0131m\u0131. \u00d6zenle haz\u0131rlanan bu \u015furup, vanilyan\u0131n zengin ve rahatlat\u0131c\u0131 aromas\u0131n\u0131 yakalayarak en sevdi\u011finiz yemek ve i\u00e7eceklere s\u0131cakl\u0131k ve zarafet katar.<\/p>\n<table width=\"292\">\n<tbody>\n<tr>\n<td width=\"139\">Volume<\/td>\n<td width=\"153\">1 Liter<\/td>\n<\/tr>\n<tr>\n<td>Net Weight<\/td>\n<td>1315 gr.<\/td>\n<\/tr>\n<tr>\n<td>Gross Weight<\/td>\n<td>1998 gr.<\/td>\n<\/tr>\n<tr>\n<td>Pieces \/ carton<\/td>\n<td>6<\/td>\n<\/tr>\n<tr>\n<td>Carton \/ Pallet<\/td>\n<td>100<\/td>\n<\/tr>\n<tr>\n<td>Carton \/ 20 ft<\/td>\n<td>1000<\/td>\n<\/tr>\n<tr>\n<td>Carton \/ 40 ft<\/td>\n<td>2100<\/td>\n<\/tr>\n<tr>\n<td>Shelf Life<\/td>\n<td>3 years<\/td>\n<\/tr>\n<tr>\n<td>Languages<\/td>\n<td>English, Turkish, Arabic<\/td>\n<\/tr>\n<\/tbody>\n<\/table>\n<p>&nbsp;<\/p>\n","protected":false},"featured_media":2411,"comment_status":"closed","ping_status":"closed","template":"","meta":[],"product_brand":[],"product_cat":[486],"product_tag":[275,276,278,554,555,280,556,557,282],"class_list":{"0":"post-7081","1":"product","2":"type-product","3":"status-publish","4":"has-post-thumbnail","6":"product_cat-aromali-suruplar","7":"product_tag-artisanal-syrup-tr","8":"product_tag-barico-syrup-tr","9":"product_tag-breakfast-and-dessert-enhancement-tr","10":"product_tag-creative-cooking-with-vanilla-tr","11":"product_tag-gourmet-syrup-tr","12":"product_tag-guilt-free-indulgence-tr","13":"product_tag-natural-vanilla-flavor-tr","14":"product_tag-vanilla-flavored-syrup-tr","15":"product_tag-versatile-culinary-ingredient-tr","17":"first","18":"instock","19":"shipping-taxable","20":"product-type-simple"},"_links":{"self":[{"href":"https:\/\/inovexfoods.com\/tr\/wp-json\/wp\/v2\/product\/7081","targetHints":{"allow":["GET"]}}],"collection":[{"href":"https:\/\/inovexfoods.com\/tr\/wp-json\/wp\/v2\/product"}],"about":[{"href":"https:\/\/inovexfoods.com\/tr\/wp-json\/wp\/v2\/types\/product"}],"replies":[{"embeddable":true,"href":"https:\/\/inovexfoods.com\/tr\/wp-json\/wp\/v2\/comments?post=7081"}],"wp:featuredmedia":[{"embeddable":true,"href":"https:\/\/inovexfoods.com\/tr\/wp-json\/wp\/v2\/media\/2411"}],"wp:attachment":[{"href":"https:\/\/inovexfoods.com\/tr\/wp-json\/wp\/v2\/media?parent=7081"}],"wp:term":[{"taxonomy":"product_brand","embeddable":true,"href":"https:\/\/inovexfoods.com\/tr\/wp-json\/wp\/v2\/product_brand?post=7081"},{"taxonomy":"product_cat","embeddable":true,"href":"https:\/\/inovexfoods.com\/tr\/wp-json\/wp\/v2\/product_cat?post=7081"},{"taxonomy":"product_tag","embeddable":true,"href":"https:\/\/inovexfoods.com\/tr\/wp-json\/wp\/v2\/product_tag?post=7081"}],"curies":[{"name":"wp","href":"https:\/\/api.w.org\/{rel}","templated":true}]}}