{"id":7079,"date":"2024-01-08T13:13:52","date_gmt":"2024-01-08T13:13:52","guid":{"rendered":"https:\/\/www.inovexfoods.com\/urun\/barico-strawberry-flavored-syrup\/"},"modified":"2025-08-09T16:05:45","modified_gmt":"2025-08-09T16:05:45","slug":"barico-cilek-aromali-surup","status":"publish","type":"product","link":"https:\/\/inovexfoods.com\/tr\/urun\/barico-cilek-aromali-surup\/","title":{"rendered":"Barico \u00c7ilek Aromal\u0131 \u015eurup"},"content":{"rendered":"<p>Barico \u00c7ilek Aromal\u0131 \u015eurup &#8211; Olgun, g\u00fcne\u015fte \u00f6p\u00fclm\u00fc\u015f \u00e7ileklerin enfes bir kar\u0131\u015f\u0131m\u0131, mutfak \u015faheserlerinize do\u011fal bir tatl\u0131l\u0131k kat\u0131yor. \u00d6zenle haz\u0131rlanan bu \u015furup, yaz\u0131n \u00f6z\u00fcn\u00fc sofralar\u0131n\u0131za ta\u015f\u0131yor ve kar\u015f\u0131 konulmaz \u00e7ilek aromas\u0131yla en sevdi\u011finiz yemek ve i\u00e7ecekleri daha da lezzetli hale getiriyor.<\/p>\n<p>Saf \u00c7ilek Keyfi: Barico \u00c7ilek Aromal\u0131 \u015eurup&#8217;un her yudumunda dolgun \u00e7ileklerin saf keyfinin tad\u0131n\u0131 \u00e7\u0131kar\u0131n. Kahvalt\u0131l\u0131k favorilerden tatl\u0131 \u015f\u00f6lenlerine kadar bu \u015furup, s\u0131radan anlar\u0131 canl\u0131 ve meyvemsi bir lezzet \u015f\u00f6lenine d\u00f6n\u00fc\u015ft\u00fcr\u00fcyor.<\/p>\n<p>\u00c7ok Y\u00f6nl\u00fc Mutfak Arkada\u015f\u0131: Barico \u00c7ilek \u015eurubu&#8217;nun \u00e7ok y\u00f6nl\u00fcl\u00fc\u011f\u00fcyle mutfak kreasyonlar\u0131n\u0131z\u0131 yeni zirvelere ta\u015f\u0131y\u0131n. Kreplerin \u00fczerine gezdirin, yo\u011furda kar\u0131\u015ft\u0131r\u0131n veya damak tad\u0131n\u0131z\u0131 cezbeden ferahlat\u0131c\u0131 i\u00e7ecekler yarat\u0131n. Olas\u0131l\u0131klar hayal g\u00fcc\u00fcn\u00fcz kadar s\u0131n\u0131rs\u0131z.<\/p>\n<p>Do\u011fal Lezzet, Taviz Yok: Barico, otantik \u00e7ilek aromas\u0131 sunmaktan gurur duyar. Y\u00fcksek fruktozlu m\u0131s\u0131r \u015furubu i\u00e7ermeyen \u00c7ilek Aromal\u0131 \u015eurubumuz, \u00e7iftlikten taze \u00e7ilek lezzetini sofran\u0131za getiren, su\u00e7luluk duymadan t\u00fcketebilece\u011finiz bir lezzettir.<\/p>\n<p>Yarat\u0131c\u0131 Yemek Pi\u015firmenin \u00d6n\u00fc A\u00e7\u0131k: Barico \u00c7ilek \u015eurubu ile mutfakta yarat\u0131c\u0131l\u0131\u011f\u0131n\u0131z\u0131 harekete ge\u00e7irin. Yemeklerinizi \u00e7ilek \u00f6zl\u00fc soslar, glazeler ve salata soslar\u0131yla zenginle\u015ftirin veya \u00e7ile\u011fin tatl\u0131 ve yaz \u00f6z\u00fcn\u00fc yans\u0131tan enfes kokteyller ve alkols\u00fcz kokteyller haz\u0131rlay\u0131n.<\/p>\n<p>Mutfak Deneyiminizi Zenginle\u015ftirin: Barico \u00c7ilek Aromal\u0131 \u015eurup ile g\u00fcnl\u00fck anlar\u0131n\u0131z\u0131 s\u0131ra d\u0131\u015f\u0131 deneyimlere d\u00f6n\u00fc\u015ft\u00fcr\u00fcn. Hemen sipari\u015f verin ve yemeklerinize ve i\u00e7eceklerinize olgun \u00e7ileklerin otantik tad\u0131n\u0131 kat\u0131n. Yaz\u0131n tatl\u0131 cazibesinin mutfak kreasyonlar\u0131n\u0131z\u0131 canland\u0131rmas\u0131na izin verin!<\/p>\n<p>&nbsp;<\/p>\n<p><img fetchpriority=\"high\" decoding=\"async\" class=\"alignnone wp-image-491 size-full\" src=\"https:\/\/inovexfoods.com\/wp-content\/uploads\/2024\/01\/blueberry-nutrition-facts.png\" alt=\"\" width=\"632\" height=\"964\" srcset=\"https:\/\/inovexfoods.com\/wp-content\/uploads\/2024\/01\/blueberry-nutrition-facts.png 632w, https:\/\/inovexfoods.com\/wp-content\/uploads\/2024\/01\/blueberry-nutrition-facts-300x458.png 300w, https:\/\/inovexfoods.com\/wp-content\/uploads\/2024\/01\/blueberry-nutrition-facts-150x229.png 150w, https:\/\/inovexfoods.com\/wp-content\/uploads\/2024\/01\/blueberry-nutrition-facts-600x915.png 600w, https:\/\/inovexfoods.com\/wp-content\/uploads\/2024\/01\/blueberry-nutrition-facts-197x300.png 197w, https:\/\/inovexfoods.com\/wp-content\/uploads\/2024\/01\/blueberry-nutrition-facts-8x12.png 8w\" sizes=\"(max-width: 632px) 100vw, 632px\" \/><\/p>\n","protected":false},"excerpt":{"rendered":"<p>Barico \u00c7ilek Aromal\u0131 \u015eurup &#8211; Olgun, g\u00fcne\u015fte \u00f6p\u00fclm\u00fc\u015f \u00e7ileklerin enfes bir kar\u0131\u015f\u0131m\u0131, mutfak \u015faheserlerinize do\u011fal bir tatl\u0131l\u0131k kat\u0131yor. \u00d6zenle haz\u0131rlanan bu \u015furup, yaz\u0131n \u00f6z\u00fcn\u00fc sofralar\u0131n\u0131za ta\u015f\u0131yor ve kar\u015f\u0131 konulmaz \u00e7ilek aromas\u0131yla en sevdi\u011finiz yemek ve i\u00e7ecekleri daha da lezzetli hale getiriyor.<\/p>\n<table width=\"292\">\n<tbody>\n<tr>\n<td width=\"139\">Volume<\/td>\n<td width=\"153\">1 Liter<\/td>\n<\/tr>\n<tr>\n<td>Net Weight<\/td>\n<td>1315 gr.<\/td>\n<\/tr>\n<tr>\n<td>Gross Weight<\/td>\n<td>1998 gr.<\/td>\n<\/tr>\n<tr>\n<td>Pieces \/ carton<\/td>\n<td>6<\/td>\n<\/tr>\n<tr>\n<td>Carton \/ Pallet<\/td>\n<td>100<\/td>\n<\/tr>\n<tr>\n<td>Carton \/ 20 ft<\/td>\n<td>1000<\/td>\n<\/tr>\n<tr>\n<td>Carton \/ 40 ft<\/td>\n<td>2100<\/td>\n<\/tr>\n<tr>\n<td>Shelf Life<\/td>\n<td>3 years<\/td>\n<\/tr>\n<tr>\n<td>Languages<\/td>\n<td>English, Turkish, Arabic<\/td>\n<\/tr>\n<\/tbody>\n<\/table>\n","protected":false},"featured_media":2383,"comment_status":"closed","ping_status":"closed","template":"","meta":[],"product_brand":[],"product_cat":[486],"product_tag":[275,276,278,551,280,552,281,553,282],"class_list":{"0":"post-7079","1":"product","2":"type-product","3":"status-publish","4":"has-post-thumbnail","6":"product_cat-aromali-suruplar","7":"product_tag-artisanal-syrup-tr","8":"product_tag-barico-syrup-tr","9":"product_tag-breakfast-and-dessert-enhancement-tr","10":"product_tag-creative-cooking-with-strawberries-tr","11":"product_tag-guilt-free-indulgence-tr","12":"product_tag-natural-strawberry-flavor-tr","13":"product_tag-premium-syrup-tr","14":"product_tag-strawberry-flavored-syrup-tr","15":"product_tag-versatile-culinary-ingredient-tr","17":"first","18":"instock","19":"shipping-taxable","20":"product-type-simple"},"_links":{"self":[{"href":"https:\/\/inovexfoods.com\/tr\/wp-json\/wp\/v2\/product\/7079","targetHints":{"allow":["GET"]}}],"collection":[{"href":"https:\/\/inovexfoods.com\/tr\/wp-json\/wp\/v2\/product"}],"about":[{"href":"https:\/\/inovexfoods.com\/tr\/wp-json\/wp\/v2\/types\/product"}],"replies":[{"embeddable":true,"href":"https:\/\/inovexfoods.com\/tr\/wp-json\/wp\/v2\/comments?post=7079"}],"wp:featuredmedia":[{"embeddable":true,"href":"https:\/\/inovexfoods.com\/tr\/wp-json\/wp\/v2\/media\/2383"}],"wp:attachment":[{"href":"https:\/\/inovexfoods.com\/tr\/wp-json\/wp\/v2\/media?parent=7079"}],"wp:term":[{"taxonomy":"product_brand","embeddable":true,"href":"https:\/\/inovexfoods.com\/tr\/wp-json\/wp\/v2\/product_brand?post=7079"},{"taxonomy":"product_cat","embeddable":true,"href":"https:\/\/inovexfoods.com\/tr\/wp-json\/wp\/v2\/product_cat?post=7079"},{"taxonomy":"product_tag","embeddable":true,"href":"https:\/\/inovexfoods.com\/tr\/wp-json\/wp\/v2\/product_tag?post=7079"}],"curies":[{"name":"wp","href":"https:\/\/api.w.org\/{rel}","templated":true}]}}