{"id":7065,"date":"2024-01-02T19:51:28","date_gmt":"2024-01-02T19:51:28","guid":{"rendered":"https:\/\/www.inovexfoods.com\/urun\/barico-l-carnitine-coffee\/"},"modified":"2025-08-07T13:57:40","modified_gmt":"2025-08-07T13:57:40","slug":"barico-l-karnitin-kahve","status":"publish","type":"product","link":"https:\/\/inovexfoods.com\/tr\/urun\/barico-l-karnitin-kahve\/","title":{"rendered":"Barico L-Karnitin Kahve"},"content":{"rendered":"<div class=\"flex-1 overflow-hidden\">\n<div class=\"react-scroll-to-bottom--css-emhyu-79elbk h-full\">\n<div class=\"react-scroll-to-bottom--css-emhyu-1n7m0yu\">\n<div class=\"flex flex-col pb-9 text-sm\">\n<div class=\"w-full text-token-text-primary\" data-testid=\"conversation-turn-68\">\n<div class=\"px-4 py-2 justify-center text-base md:gap-6 m-auto\">\n<div class=\"flex flex-1 text-base mx-auto gap-3 md:px-5 lg:px-1 xl:px-5 md:max-w-3xl lg:max-w-[40rem] xl:max-w-[48rem] group final-completion\">\n<div class=\"relative flex w-full flex-col lg:w-[calc(100%-115px)] agent-turn\">\n<div class=\"flex-col gap-1 md:gap-3\">\n<div class=\"flex flex-grow flex-col max-w-full\">\n<div class=\"min-h-[20px] text-message flex flex-col items-start gap-3 whitespace-pre-wrap break-words [.text-message+&amp;]:mt-5 overflow-x-auto\" data-message-author-role=\"assistant\" data-message-id=\"4bd26469-eb32-4c76-9e83-44b02eeebb6e\">\n<div class=\"markdown prose w-full break-words dark:prose-invert dark\">\n<p>Barico L-Carnitine Kahve ile g\u00fcn\u00fcn\u00fcze enerji kat\u0131n &#8211; birinci s\u0131n\u0131f kahve ve L-Karnitinin do\u011fal enerji verici faydalar\u0131n\u0131n g\u00fc\u00e7l\u00fc bir birle\u015fimi. \u00d6zenle haz\u0131rlanan bu enerji verici kar\u0131\u015f\u0131m, sadece kahve isteklerinizi gidermekle kalmaz, ayn\u0131 zamanda L-Karnitinin ek avantaj\u0131yla aktif ya\u015fam tarz\u0131n\u0131z\u0131 da destekler.<\/p>\n<p>L-Karnitin Destekli Birinci S\u0131n\u0131f Kahve Keyfi: Her yudumunda birinci s\u0131n\u0131f kahve keyfi ve L-Karnitinin canland\u0131r\u0131c\u0131 g\u00fcc\u00fcn\u00fcn bir kar\u0131\u015f\u0131m\u0131 olan Barico L-Carnitine Kahvenin enfes tad\u0131n\u0131n tad\u0131n\u0131 \u00e7\u0131kar\u0131n. Lezzet ve i\u015flevin bu g\u00fc\u00e7l\u00fc birle\u015fimiyle kahve deneyiminizi zenginle\u015ftirin ve g\u00fcn\u00fcn\u00fcze enerji kat\u0131n.<\/p>\n<p>\u00c7ok Y\u00f6nl\u00fc Sa\u011fl\u0131k Harikas\u0131: Sabah rit\u00fcelinizden antrenman sonras\u0131 toparlanman\u0131za kadar, Barico L-Carnitine Kahve \u00e7ok y\u00f6nl\u00fc sa\u011fl\u0131k arkada\u015f\u0131n\u0131zd\u0131r. \u0130ster s\u0131cak ister so\u011fuk, ister antrenman \u00f6ncesi enerji verici olarak ister \u00f6\u011fleden sonra enerji verici olarak t\u00fcketin; olas\u0131l\u0131klar s\u0131n\u0131rs\u0131zd\u0131r ve bu enerji verici kar\u0131\u015f\u0131m\u0131 aktif ya\u015fam tarz\u0131n\u0131za sorunsuz bir \u015fekilde entegre edebilirsiniz.<\/p>\n<p>Do\u011fal Enerji, Taviz Yok: Barico, yapay renklendiriciler olmadan \u00f6zg\u00fcn kahve aromas\u0131 ve L-Karnitinin do\u011fal faydalar\u0131n\u0131 sunmaya kendini adam\u0131\u015ft\u0131r. L-Karnitinli Kahvemiz, birinci s\u0131n\u0131f kahvenin enerji verici ve canland\u0131r\u0131c\u0131 \u00f6z\u00fcyle saf ve su\u00e7luluk duymadan keyif alman\u0131z\u0131 sa\u011flar.<\/p>\n<p>Yarat\u0131c\u0131 Sa\u011fl\u0131k Ke\u015ffi: Barico L-Karnitinli Kahve ile sa\u011fl\u0131k yolculu\u011funuzu ate\u015fleyin. G\u00fcnl\u00fck rutininizin bir par\u00e7as\u0131 haline getirin, egzersizlerinizi geli\u015ftirin veya enerji dolu bir fark\u0131ndal\u0131k an\u0131 olarak tad\u0131n\u0131 \u00e7\u0131kar\u0131n; bu g\u00fc\u00e7l\u00fc ve keyifli kahve kar\u0131\u015f\u0131m\u0131yla yarat\u0131c\u0131l\u0131\u011f\u0131n\u0131z\u0131n ye\u015fermesine izin verin.<\/p>\n<p>Sa\u011fl\u0131k Deneyiminizi Geli\u015ftirin: Barico L-Karnitinli Kahve ile kahve rutininizi bir sa\u011fl\u0131k rit\u00fceline d\u00f6n\u00fc\u015ft\u00fcr\u00fcn. Birinci s\u0131n\u0131f kahvenin saf ve otantik tad\u0131n\u0131, L-Karnitinin do\u011fal enerji art\u0131\u015f\u0131yla birle\u015ftirmek i\u00e7in hemen sipari\u015f verin. Bug\u00fcn Barico L-Karnitinli Kahve ile lezzetinizi geli\u015ftirin ve ya\u015fam tarz\u0131n\u0131za enerji kat\u0131n!<\/p>\n<p>&nbsp;<\/p>\n<\/div>\n<p><img fetchpriority=\"high\" decoding=\"async\" class=\"alignnone wp-image-559 size-large\" src=\"https:\/\/inovexfoods.com\/wp-content\/uploads\/2024\/01\/l-carnitine-coffee-nutrition-facts--1024x758.png\" alt=\"\" width=\"1024\" height=\"758\" srcset=\"https:\/\/inovexfoods.com\/wp-content\/uploads\/2024\/01\/l-carnitine-coffee-nutrition-facts--1024x758.png 1024w, https:\/\/inovexfoods.com\/wp-content\/uploads\/2024\/01\/l-carnitine-coffee-nutrition-facts--300x222.png 300w, https:\/\/inovexfoods.com\/wp-content\/uploads\/2024\/01\/l-carnitine-coffee-nutrition-facts--150x111.png 150w, https:\/\/inovexfoods.com\/wp-content\/uploads\/2024\/01\/l-carnitine-coffee-nutrition-facts--600x444.png 600w, https:\/\/inovexfoods.com\/wp-content\/uploads\/2024\/01\/l-carnitine-coffee-nutrition-facts--768x568.png 768w, https:\/\/inovexfoods.com\/wp-content\/uploads\/2024\/01\/l-carnitine-coffee-nutrition-facts--16x12.png 16w, https:\/\/inovexfoods.com\/wp-content\/uploads\/2024\/01\/l-carnitine-coffee-nutrition-facts-.png 1142w\" sizes=\"(max-width: 1024px) 100vw, 1024px\" \/><\/p>\n<\/div>\n<\/div>\n<div class=\"mt-1 flex justify-start gap-3 empty:hidden\">\n<div class=\"text-gray-400 flex self-end lg:self-center justify-center lg:justify-start mt-0 gap-1 visible\">\n<p>&nbsp;<\/p>\n<div class=\"flex gap-1\"><\/div>\n<div class=\"flex items-center gap-1.5 text-xs\"><\/div>\n<\/div>\n<\/div>\n<\/div>\n<div class=\"absolute\">\n<div class=\"flex w-full gap-2 items-center justify-center\"><\/div>\n<\/div>\n<\/div>\n<\/div>\n<\/div>\n<\/div>\n<\/div>\n<\/div>\n<\/div>\n<\/div>\n<div class=\"w-full pt-2 md:pt-0 dark:border-white\/20 md:border-transparent md:dark:border-transparent md:w-[calc(100%-.5rem)]\">\n<form class=\"stretch mx-2 flex flex-row gap-3 last:mb-2 md:mx-4 md:last:mb-6 lg:mx-auto lg:max-w-2xl xl:max-w-3xl\">\n<div class=\"relative flex h-full flex-1 items-stretch md:flex-col\">\n<div class=\"flex w-full items-center\"><\/div>\n<\/div>\n<\/form>\n<\/div>\n","protected":false},"excerpt":{"rendered":"<p>Barico L-Karnitin Kahve ile g\u00fcn\u00fcn\u00fcze enerji kat\u0131n &#8211; birinci s\u0131n\u0131f kahve ve L-Karnitinin do\u011fal enerji verici faydalar\u0131n\u0131n g\u00fc\u00e7l\u00fc bir birle\u015fimi. \u00d6zenle haz\u0131rlanan bu enerji verici kar\u0131\u015f\u0131m, sadece kahve isteklerinizi gidermekle kalmaz, ayn\u0131 zamanda L-Karnitinin ek avantaj\u0131yla aktif ya\u015fam tarz\u0131n\u0131z\u0131 da destekler.<\/p>\n","protected":false},"featured_media":2291,"comment_status":"closed","ping_status":"closed","template":"","meta":[],"product_brand":[],"product_cat":[494],"product_tag":[543,544,545,280,546,547,548,549],"class_list":{"0":"post-7065","1":"product","2":"type-product","3":"status-publish","4":"has-post-thumbnail","6":"product_cat-fit-urunler","7":"product_tag-active-lifestyle-beverage-tr","8":"product_tag-barico-coffee-tr","9":"product_tag-energy-boosting-coffee-tr","10":"product_tag-guilt-free-indulgence-tr","11":"product_tag-l-carnitine-coffee-tr","12":"product_tag-natural-energy-tr","13":"product_tag-premium-coffee-blend-tr","14":"product_tag-wellness-fusion-tr","16":"first","17":"instock","18":"shipping-taxable","19":"product-type-simple"},"_links":{"self":[{"href":"https:\/\/inovexfoods.com\/tr\/wp-json\/wp\/v2\/product\/7065","targetHints":{"allow":["GET"]}}],"collection":[{"href":"https:\/\/inovexfoods.com\/tr\/wp-json\/wp\/v2\/product"}],"about":[{"href":"https:\/\/inovexfoods.com\/tr\/wp-json\/wp\/v2\/types\/product"}],"replies":[{"embeddable":true,"href":"https:\/\/inovexfoods.com\/tr\/wp-json\/wp\/v2\/comments?post=7065"}],"wp:featuredmedia":[{"embeddable":true,"href":"https:\/\/inovexfoods.com\/tr\/wp-json\/wp\/v2\/media\/2291"}],"wp:attachment":[{"href":"https:\/\/inovexfoods.com\/tr\/wp-json\/wp\/v2\/media?parent=7065"}],"wp:term":[{"taxonomy":"product_brand","embeddable":true,"href":"https:\/\/inovexfoods.com\/tr\/wp-json\/wp\/v2\/product_brand?post=7065"},{"taxonomy":"product_cat","embeddable":true,"href":"https:\/\/inovexfoods.com\/tr\/wp-json\/wp\/v2\/product_cat?post=7065"},{"taxonomy":"product_tag","embeddable":true,"href":"https:\/\/inovexfoods.com\/tr\/wp-json\/wp\/v2\/product_tag?post=7065"}],"curies":[{"name":"wp","href":"https:\/\/api.w.org\/{rel}","templated":true}]}}