{"id":7061,"date":"2024-06-27T18:43:07","date_gmt":"2024-06-27T18:43:07","guid":{"rendered":"https:\/\/www.inovexfoods.com\/urun\/instant-coffee-classic\/"},"modified":"2025-08-07T13:45:12","modified_gmt":"2025-08-07T13:45:12","slug":"cozunebilir-kahve-klasik","status":"publish","type":"product","link":"https:\/\/inovexfoods.com\/tr\/urun\/cozunebilir-kahve-klasik\/","title":{"rendered":"\u00c7\u00f6z\u00fcnebilir Kahve &#8211; Klasik"},"content":{"rendered":"","protected":false},"excerpt":{"rendered":"","protected":false},"featured_media":2575,"comment_status":"closed","ping_status":"closed","template":"","meta":[],"product_brand":[],"product_cat":[492],"product_tag":[],"class_list":{"0":"post-7061","1":"product","2":"type-product","3":"status-publish","4":"has-post-thumbnail","6":"product_cat-cozunebilir-kahve","8":"first","9":"instock","10":"shipping-taxable","11":"product-type-simple"},"_links":{"self":[{"href":"https:\/\/inovexfoods.com\/tr\/wp-json\/wp\/v2\/product\/7061","targetHints":{"allow":["GET"]}}],"collection":[{"href":"https:\/\/inovexfoods.com\/tr\/wp-json\/wp\/v2\/product"}],"about":[{"href":"https:\/\/inovexfoods.com\/tr\/wp-json\/wp\/v2\/types\/product"}],"replies":[{"embeddable":true,"href":"https:\/\/inovexfoods.com\/tr\/wp-json\/wp\/v2\/comments?post=7061"}],"wp:featuredmedia":[{"embeddable":true,"href":"https:\/\/inovexfoods.com\/tr\/wp-json\/wp\/v2\/media\/2575"}],"wp:attachment":[{"href":"https:\/\/inovexfoods.com\/tr\/wp-json\/wp\/v2\/media?parent=7061"}],"wp:term":[{"taxonomy":"product_brand","embeddable":true,"href":"https:\/\/inovexfoods.com\/tr\/wp-json\/wp\/v2\/product_brand?post=7061"},{"taxonomy":"product_cat","embeddable":true,"href":"https:\/\/inovexfoods.com\/tr\/wp-json\/wp\/v2\/product_cat?post=7061"},{"taxonomy":"product_tag","embeddable":true,"href":"https:\/\/inovexfoods.com\/tr\/wp-json\/wp\/v2\/product_tag?post=7061"}],"curies":[{"name":"wp","href":"https:\/\/api.w.org\/{rel}","templated":true}]}}