{"id":7047,"date":"2024-01-02T18:23:02","date_gmt":"2024-01-02T18:23:02","guid":{"rendered":"https:\/\/www.inovexfoods.com\/urun\/barico-cacao-biscuit-milkshake\/"},"modified":"2025-08-07T13:41:14","modified_gmt":"2025-08-07T13:41:14","slug":"barico-bitter-kakao-biskuvi-milkshake-icecek-tozu","status":"publish","type":"product","link":"https:\/\/inovexfoods.com\/tr\/urun\/barico-bitter-kakao-biskuvi-milkshake-icecek-tozu\/","title":{"rendered":"Barico Bitter Kakao Bisk\u00fcvi Milkshake \u0130\u00e7ecek Tozu"},"content":{"rendered":"<p>Barico Bitter Kakao Bisk\u00fcvi Milkshake \u0130\u00e7ecek Tozu<\/p>\n<p>Zengin kakao, kadifemsi karamel ve enfes bisk\u00fcvi \u00e7\u0131t\u0131rt\u0131lar\u0131n\u0131n muhte\u015fem senfonisine Barico Koyu Kakao Bisk\u00fcvi Milkshake \u0130\u00e7ecek Tozu ile kendinizi b\u0131rak\u0131n. S\u0131radan i\u00e7eceklerinizi l\u00fcks \u00e7ikolata aromal\u0131 bir lezzete d\u00f6n\u00fc\u015ft\u00fcren bu nefis kar\u0131\u015f\u0131m, \u00f6zenle haz\u0131rlanm\u0131\u015f. Bu i\u00e7ecek tozu, anlar\u0131n\u0131z\u0131 kremal\u0131 bir \u015f\u0131martman\u0131n yeni zirvelerine ta\u015f\u0131yor.<\/p>\n<p>Muhte\u015fem\u00a0 Bitter Kakao Uyumu: Her yudumda birinci s\u0131n\u0131f koyu kakaonun kadifemsi kucaklamas\u0131na, karamelin hafif tatl\u0131l\u0131\u011f\u0131na ve bisk\u00fcvi k\u0131r\u0131nt\u0131lar\u0131n\u0131n enfes \u00e7\u0131t\u0131rt\u0131s\u0131na do\u011fru bir yolculuk sunan Barico Koyu Kakao Bisk\u00fcvi Milkshake \u0130\u00e7ecek Tozu&#8217;nun l\u00fcks tad\u0131n\u0131n tad\u0131n\u0131 \u00e7\u0131kar\u0131n. M\u00fckemmel bir \u015fekilde harmanlanm\u0131\u015f bir milkshake&#8217;in klasik cazibesini tan\u0131mlayan zengin, \u00e7ikolatal\u0131 notalar ve doyurucu bisk\u00fcvi \u00e7\u0131t\u0131rt\u0131s\u0131yla i\u00e7ecek deneyiminizi zenginle\u015ftirin ve duyular\u0131n\u0131z\u0131 \u015fenlendirin.<\/p>\n<p><img fetchpriority=\"high\" decoding=\"async\" class=\"alignnone wp-image-590 size-full\" src=\"https:\/\/inovexfoods.com\/wp-content\/uploads\/2024\/01\/white-chocolate-Powder-Nutrition.png\" alt=\"\" width=\"444\" height=\"293\" srcset=\"https:\/\/inovexfoods.com\/wp-content\/uploads\/2024\/01\/white-chocolate-Powder-Nutrition.png 444w, https:\/\/inovexfoods.com\/wp-content\/uploads\/2024\/01\/white-chocolate-Powder-Nutrition-300x198.png 300w, https:\/\/inovexfoods.com\/wp-content\/uploads\/2024\/01\/white-chocolate-Powder-Nutrition-150x99.png 150w, https:\/\/inovexfoods.com\/wp-content\/uploads\/2024\/01\/white-chocolate-Powder-Nutrition-18x12.png 18w\" sizes=\"(max-width: 444px) 100vw, 444px\" \/><\/p>\n","protected":false},"excerpt":{"rendered":"<p>Bitter Kakao Bisk\u00fcvi Milkshake<\/p>\n<p>Zengin kakao, kadifemsi karamel ve enfes bisk\u00fcvi \u00e7\u0131t\u0131rt\u0131lar\u0131n\u0131n muhte\u015fem senfonisine Barico Koyu Kakao Bisk\u00fcvi Milkshake \u0130\u00e7ecek Tozu ile kendinizi b\u0131rak\u0131n. S\u0131radan i\u00e7eceklerinizi l\u00fcks \u00e7ikolata aromal\u0131 bir lezzete d\u00f6n\u00fc\u015ft\u00fcren bu nefis kar\u0131\u015f\u0131m, \u00f6zenle haz\u0131rlanm\u0131\u015f. Bu i\u00e7ecek tozu, anlar\u0131n\u0131z\u0131 kremal\u0131 bir \u015f\u0131martman\u0131n yeni zirvelerine ta\u015f\u0131yor.<\/p>\n<table width=\"309\">\n<tbody>\n<tr>\n<td width=\"147\">Net Weight<\/td>\n<td width=\"162\">900 gr.<\/td>\n<\/tr>\n<tr>\n<td>Pieces \/ carton<\/td>\n<td>12<\/td>\n<\/tr>\n<tr>\n<td>Carton \/ Pallet<\/td>\n<td>80<\/td>\n<\/tr>\n<tr>\n<td>Carton \/ 20 ft<\/td>\n<td>880<\/td>\n<\/tr>\n<tr>\n<td>Carton \/ 40 ft<\/td>\n<td>1920<\/td>\n<\/tr>\n<tr>\n<td>Shelf Life<\/td>\n<td>2 years<\/td>\n<\/tr>\n<tr>\n<td>Languages<\/td>\n<td>English, Turkish, Arabic<\/td>\n<\/tr>\n<\/tbody>\n<\/table>\n","protected":false},"featured_media":2219,"comment_status":"closed","ping_status":"closed","template":"","meta":[],"product_brand":[],"product_cat":[490],"product_tag":[538,429,498,431,539,540,541,504,501,280,542],"class_list":{"0":"post-7047","1":"product","2":"type-product","3":"status-publish","4":"has-post-thumbnail","6":"product_cat-icecek-tozlari","7":"product_tag-and-biscuits-tr","8":"product_tag-artisanal-beverage-mix-tr","9":"product_tag-barico-powder-tr","10":"product_tag-beverage-enhancement-tr","11":"product_tag-caramel-tr","12":"product_tag-creative-cooking-with-dark-cacao-tr","13":"product_tag-dark-cacao-biscuit-milkshake-beverage-powder-tr","14":"product_tag-decadent-flavor-tr","15":"product_tag-gourmet-culinary-ingredient-tr","16":"product_tag-guilt-free-indulgence-tr","17":"product_tag-oreo-milkshake-tr","19":"first","20":"instock","21":"shipping-taxable","22":"product-type-simple"},"_links":{"self":[{"href":"https:\/\/inovexfoods.com\/tr\/wp-json\/wp\/v2\/product\/7047","targetHints":{"allow":["GET"]}}],"collection":[{"href":"https:\/\/inovexfoods.com\/tr\/wp-json\/wp\/v2\/product"}],"about":[{"href":"https:\/\/inovexfoods.com\/tr\/wp-json\/wp\/v2\/types\/product"}],"replies":[{"embeddable":true,"href":"https:\/\/inovexfoods.com\/tr\/wp-json\/wp\/v2\/comments?post=7047"}],"wp:featuredmedia":[{"embeddable":true,"href":"https:\/\/inovexfoods.com\/tr\/wp-json\/wp\/v2\/media\/2219"}],"wp:attachment":[{"href":"https:\/\/inovexfoods.com\/tr\/wp-json\/wp\/v2\/media?parent=7047"}],"wp:term":[{"taxonomy":"product_brand","embeddable":true,"href":"https:\/\/inovexfoods.com\/tr\/wp-json\/wp\/v2\/product_brand?post=7047"},{"taxonomy":"product_cat","embeddable":true,"href":"https:\/\/inovexfoods.com\/tr\/wp-json\/wp\/v2\/product_cat?post=7047"},{"taxonomy":"product_tag","embeddable":true,"href":"https:\/\/inovexfoods.com\/tr\/wp-json\/wp\/v2\/product_tag?post=7047"}],"curies":[{"name":"wp","href":"https:\/\/api.w.org\/{rel}","templated":true}]}}