{"id":7046,"date":"2024-01-02T18:24:16","date_gmt":"2024-01-02T18:24:16","guid":{"rendered":"https:\/\/www.inovexfoods.com\/urun\/barico-caramel-biscuits-milkshake\/"},"modified":"2025-08-07T13:38:54","modified_gmt":"2025-08-07T13:38:54","slug":"barico-karamel-biskuvili-milkshake-icecek-tozu","status":"publish","type":"product","link":"https:\/\/inovexfoods.com\/tr\/urun\/barico-karamel-biskuvili-milkshake-icecek-tozu\/","title":{"rendered":"Barico Karamel Bisk\u00fcvili Milkshake \u0130\u00e7ecek Tozu"},"content":{"rendered":"<p>Barico Karamel Bisk\u00fcvi Milkshake \u0130\u00e7ecek Tozunun kar\u015f\u0131 konulmaz f\u00fczyonuyla duyular\u0131n\u0131z\u0131 \u015fenlendirin &#8211; karamelin zengin aromas\u0131n\u0131 bisk\u00fcvi lezzetinin enfes \u00e7\u0131t\u0131rt\u0131s\u0131yla birle\u015ftiren muhte\u015fem bir kar\u0131\u015f\u0131m. \u00d6zenle haz\u0131rlanan bu i\u00e7ecek tozu, g\u00fcnl\u00fck i\u00e7eceklerinizi muhte\u015fem bir karamel-bisk\u00fcvi kar\u0131\u015f\u0131m\u0131na d\u00f6n\u00fc\u015ft\u00fcrerek, anlar\u0131n\u0131z\u0131 kremal\u0131 bir \u015f\u0131martma seviyesine y\u00fckseltir.<\/p>\n<p>Muhte\u015fem Karamel-Bisk\u00fcvi Uyumu: Her yudumda kremal\u0131 milkshake&#8217;in kadifemsi kuca\u011f\u0131na, karamelin enfes tatl\u0131l\u0131\u011f\u0131na ve bisk\u00fcvi k\u0131r\u0131nt\u0131lar\u0131n\u0131n enfes \u00e7\u0131t\u0131rt\u0131s\u0131na do\u011fru bir yolculuk olan Barico Karamel Bisk\u00fcvi Milkshake \u0130\u00e7ecek Tozunun l\u00fcks tad\u0131n\u0131n tad\u0131n\u0131 \u00e7\u0131kar\u0131n. M\u00fckemmel harmanlanm\u0131\u015f bir milkshake&#8217;in klasik cazibesini tan\u0131mlayan zengin karamel notalar\u0131 ve doyurucu bisk\u00fcvi \u00e7\u0131t\u0131rt\u0131s\u0131yla i\u00e7ecek deneyiminizi zenginle\u015ftirin ve duyular\u0131n\u0131z\u0131 \u015fenlendirin.<\/p>\n<p><img fetchpriority=\"high\" decoding=\"async\" class=\"alignnone wp-image-590 size-full\" src=\"https:\/\/inovexfoods.com\/wp-content\/uploads\/2024\/01\/white-chocolate-Powder-Nutrition.png\" alt=\"\" width=\"444\" height=\"293\" srcset=\"https:\/\/inovexfoods.com\/wp-content\/uploads\/2024\/01\/white-chocolate-Powder-Nutrition.png 444w, https:\/\/inovexfoods.com\/wp-content\/uploads\/2024\/01\/white-chocolate-Powder-Nutrition-300x198.png 300w, https:\/\/inovexfoods.com\/wp-content\/uploads\/2024\/01\/white-chocolate-Powder-Nutrition-150x99.png 150w, https:\/\/inovexfoods.com\/wp-content\/uploads\/2024\/01\/white-chocolate-Powder-Nutrition-18x12.png 18w\" sizes=\"(max-width: 444px) 100vw, 444px\" \/><\/p>\n","protected":false},"excerpt":{"rendered":"<p>Barico Karamel Bisk\u00fcvili Milkshake \u0130\u00e7ecek Tozunun kar\u015f\u0131 konulmaz f\u00fczyonuyla duyular\u0131n\u0131z\u0131 \u015fenlendirin &#8211; karamelin zengin aromas\u0131n\u0131 bisk\u00fcvi lezzetinin enfes \u00e7\u0131t\u0131rt\u0131s\u0131yla birle\u015ftiren muhte\u015fem bir kar\u0131\u015f\u0131m. \u00d6zenle haz\u0131rlanan bu i\u00e7ecek tozu, g\u00fcnl\u00fck i\u00e7eceklerinizi muhte\u015fem bir karamel-bisk\u00fcvi kar\u0131\u015f\u0131m\u0131na d\u00f6n\u00fc\u015ft\u00fcrerek, anlar\u0131n\u0131z\u0131 kremal\u0131 bir \u015f\u0131martma seviyesine y\u00fckseltir.<\/p>\n<table width=\"309\">\n<tbody>\n<tr>\n<td width=\"147\">Net Weight<\/td>\n<td width=\"162\">900 gr.<\/td>\n<\/tr>\n<tr>\n<td>Pieces \/ carton<\/td>\n<td>12<\/td>\n<\/tr>\n<tr>\n<td>Carton \/ Pallet<\/td>\n<td>80<\/td>\n<\/tr>\n<tr>\n<td>Carton \/ 20 ft<\/td>\n<td>880<\/td>\n<\/tr>\n<tr>\n<td>Carton \/ 40 ft<\/td>\n<td>1920<\/td>\n<\/tr>\n<tr>\n<td>Shelf Life<\/td>\n<td>2 years<\/td>\n<\/tr>\n<tr>\n<td>Languages<\/td>\n<td>English, Turkish, Arabic<\/td>\n<\/tr>\n<\/tbody>\n<\/table>\n","protected":false},"featured_media":2223,"comment_status":"closed","ping_status":"closed","template":"","meta":[],"product_brand":[],"product_cat":[490],"product_tag":[429,498,431,534,535,536,501,280,537,533],"class_list":{"0":"post-7046","1":"product","2":"type-product","3":"status-publish","4":"has-post-thumbnail","6":"product_cat-icecek-tozlari","7":"product_tag-artisanal-beverage-mix-tr","8":"product_tag-barico-powder-tr","9":"product_tag-beverage-enhancement-tr","10":"product_tag-biscoff-milkshake-tr","11":"product_tag-caramel-biscuits-milkshake-beverage-powder-tr","12":"product_tag-creative-cooking-with-caramel-and-biscuits-tr","13":"product_tag-gourmet-culinary-ingredient-tr","14":"product_tag-guilt-free-indulgence-tr","15":"product_tag-lotus-milkshake-tr","16":"product_tag-rich-flavor-tr","18":"first","19":"instock","20":"shipping-taxable","21":"product-type-simple"},"_links":{"self":[{"href":"https:\/\/inovexfoods.com\/tr\/wp-json\/wp\/v2\/product\/7046","targetHints":{"allow":["GET"]}}],"collection":[{"href":"https:\/\/inovexfoods.com\/tr\/wp-json\/wp\/v2\/product"}],"about":[{"href":"https:\/\/inovexfoods.com\/tr\/wp-json\/wp\/v2\/types\/product"}],"replies":[{"embeddable":true,"href":"https:\/\/inovexfoods.com\/tr\/wp-json\/wp\/v2\/comments?post=7046"}],"wp:featuredmedia":[{"embeddable":true,"href":"https:\/\/inovexfoods.com\/tr\/wp-json\/wp\/v2\/media\/2223"}],"wp:attachment":[{"href":"https:\/\/inovexfoods.com\/tr\/wp-json\/wp\/v2\/media?parent=7046"}],"wp:term":[{"taxonomy":"product_brand","embeddable":true,"href":"https:\/\/inovexfoods.com\/tr\/wp-json\/wp\/v2\/product_brand?post=7046"},{"taxonomy":"product_cat","embeddable":true,"href":"https:\/\/inovexfoods.com\/tr\/wp-json\/wp\/v2\/product_cat?post=7046"},{"taxonomy":"product_tag","embeddable":true,"href":"https:\/\/inovexfoods.com\/tr\/wp-json\/wp\/v2\/product_tag?post=7046"}],"curies":[{"name":"wp","href":"https:\/\/api.w.org\/{rel}","templated":true}]}}