{"id":7044,"date":"2024-01-02T18:30:12","date_gmt":"2024-01-02T18:30:12","guid":{"rendered":"https:\/\/www.inovexfoods.com\/urun\/barico-chai-tea-latte-powder\/"},"modified":"2025-08-07T13:32:58","modified_gmt":"2025-08-07T13:32:58","slug":"barico-chai-tea-latte-icecek-tozu","status":"publish","type":"product","link":"https:\/\/inovexfoods.com\/tr\/urun\/barico-chai-tea-latte-icecek-tozu\/","title":{"rendered":"Barico Chai Tea Latte \u0130\u00e7ecek Tozu"},"content":{"rendered":"<p>Barico Chai Tea Latte \u0130\u00e7ecek Tozu ile aromatik bir keyif yolculu\u011funa \u00e7\u0131k\u0131n. Geleneksel \u00e7ay\u0131n \u00f6z\u00fcn\u00fc yakalayan, g\u00fcnl\u00fck i\u00e7ecekleriniz i\u00e7in zengin ve lezzetli bir deneyim yaratan, \u00f6zenle haz\u0131rlanm\u0131\u015f bir kar\u0131\u015f\u0131m. Egzotik baharatlar\u0131n ve yumu\u015fak siyah \u00e7ay\u0131n s\u0131cak kuca\u011f\u0131na kendinizi b\u0131rak\u0131n ve anlar\u0131n\u0131z\u0131 yeni bir chai mutlulu\u011funa ta\u015f\u0131y\u0131n.<\/p>\n<p>Egzotik Chai Uyumu: Her yudumda, g\u00fc\u00e7l\u00fc siyah \u00e7ay\u0131n ve aromatik baharatlar\u0131n egzotik kar\u0131\u015f\u0131m\u0131na bir yolculuk olan Barico Chai Tea Latte \u0130\u00e7ecek Tozu&#8217;nun otantik tad\u0131n\u0131n tad\u0131n\u0131 \u00e7\u0131kar\u0131n. \u0130\u00e7ecek deneyiminizi bir \u00fcst seviyeye ta\u015f\u0131y\u0131n ve tar\u00e7\u0131n, kakule ve karanfilin \u0131s\u0131t\u0131c\u0131 notalar\u0131yla duyular\u0131n\u0131z\u0131 \u015fenlendirin, her an\u0131 rahatlat\u0131c\u0131 bir chai mutlulu\u011funa d\u00f6n\u00fc\u015ft\u00fcr\u00fcn.<\/p>\n<p><img fetchpriority=\"high\" decoding=\"async\" class=\"alignnone wp-image-590 size-full\" src=\"https:\/\/inovexfoods.com\/wp-content\/uploads\/2024\/01\/white-chocolate-Powder-Nutrition.png\" alt=\"\" width=\"444\" height=\"293\" srcset=\"https:\/\/inovexfoods.com\/wp-content\/uploads\/2024\/01\/white-chocolate-Powder-Nutrition.png 444w, https:\/\/inovexfoods.com\/wp-content\/uploads\/2024\/01\/white-chocolate-Powder-Nutrition-300x198.png 300w, https:\/\/inovexfoods.com\/wp-content\/uploads\/2024\/01\/white-chocolate-Powder-Nutrition-150x99.png 150w, https:\/\/inovexfoods.com\/wp-content\/uploads\/2024\/01\/white-chocolate-Powder-Nutrition-18x12.png 18w\" sizes=\"(max-width: 444px) 100vw, 444px\" \/><\/p>\n","protected":false},"excerpt":{"rendered":"<p>Barico Chai Tea Latte \u0130\u00e7ecek Tozu ile aromatik bir keyif yolculu\u011funa \u00e7\u0131k\u0131n. Geleneksel \u00e7ay\u0131n \u00f6z\u00fcn\u00fc yakalayan, g\u00fcnl\u00fck i\u00e7ecekleriniz i\u00e7in zengin ve lezzetli bir deneyim yaratan, \u00f6zenle haz\u0131rlanm\u0131\u015f bir kar\u0131\u015f\u0131m. Egzotik baharatlar\u0131n ve yumu\u015fak siyah \u00e7ay\u0131n s\u0131cak kuca\u011f\u0131na kendinizi b\u0131rak\u0131n ve anlar\u0131n\u0131z\u0131 yeni bir chai mutlulu\u011funa ta\u015f\u0131y\u0131n.<\/p>\n<table width=\"309\">\n<tbody>\n<tr>\n<td width=\"147\">Net Weight<\/td>\n<td width=\"162\">900 gr.<\/td>\n<\/tr>\n<tr>\n<td>Pieces \/ carton<\/td>\n<td>12<\/td>\n<\/tr>\n<tr>\n<td>Carton \/ Pallet<\/td>\n<td>80<\/td>\n<\/tr>\n<tr>\n<td>Carton \/ 20 ft<\/td>\n<td>880<\/td>\n<\/tr>\n<tr>\n<td>Carton \/ 40 ft<\/td>\n<td>1920<\/td>\n<\/tr>\n<tr>\n<td>Shelf Life<\/td>\n<td>2 years<\/td>\n<\/tr>\n<tr>\n<td>Languages<\/td>\n<td>English, Turkish, Arabic<\/td>\n<\/tr>\n<\/tbody>\n<\/table>\n","protected":false},"featured_media":2231,"comment_status":"closed","ping_status":"closed","template":"","meta":[],"product_brand":[],"product_cat":[490],"product_tag":[429,498,431,528,529,530,501,280],"class_list":{"0":"post-7044","1":"product","2":"type-product","3":"status-publish","4":"has-post-thumbnail","6":"product_cat-icecek-tozlari","7":"product_tag-artisanal-beverage-mix-tr","8":"product_tag-barico-powder-tr","9":"product_tag-beverage-enhancement-tr","10":"product_tag-chai-tea-latte-beverage-powder-tr","11":"product_tag-creative-cooking-with-chai-tr","12":"product_tag-exotic-flavor-tr","13":"product_tag-gourmet-culinary-ingredient-tr","14":"product_tag-guilt-free-indulgence-tr","16":"first","17":"instock","18":"shipping-taxable","19":"product-type-simple"},"_links":{"self":[{"href":"https:\/\/inovexfoods.com\/tr\/wp-json\/wp\/v2\/product\/7044","targetHints":{"allow":["GET"]}}],"collection":[{"href":"https:\/\/inovexfoods.com\/tr\/wp-json\/wp\/v2\/product"}],"about":[{"href":"https:\/\/inovexfoods.com\/tr\/wp-json\/wp\/v2\/types\/product"}],"replies":[{"embeddable":true,"href":"https:\/\/inovexfoods.com\/tr\/wp-json\/wp\/v2\/comments?post=7044"}],"wp:featuredmedia":[{"embeddable":true,"href":"https:\/\/inovexfoods.com\/tr\/wp-json\/wp\/v2\/media\/2231"}],"wp:attachment":[{"href":"https:\/\/inovexfoods.com\/tr\/wp-json\/wp\/v2\/media?parent=7044"}],"wp:term":[{"taxonomy":"product_brand","embeddable":true,"href":"https:\/\/inovexfoods.com\/tr\/wp-json\/wp\/v2\/product_brand?post=7044"},{"taxonomy":"product_cat","embeddable":true,"href":"https:\/\/inovexfoods.com\/tr\/wp-json\/wp\/v2\/product_cat?post=7044"},{"taxonomy":"product_tag","embeddable":true,"href":"https:\/\/inovexfoods.com\/tr\/wp-json\/wp\/v2\/product_tag?post=7044"}],"curies":[{"name":"wp","href":"https:\/\/api.w.org\/{rel}","templated":true}]}}