{"id":7043,"date":"2024-01-02T18:35:23","date_gmt":"2024-01-02T18:35:23","guid":{"rendered":"https:\/\/www.inovexfoods.com\/urun\/barico-chocolate-milkhsake-powder\/"},"modified":"2025-08-07T13:35:21","modified_gmt":"2025-08-07T13:35:21","slug":"barico-cikolata-aromali-milkshake-tozu","status":"publish","type":"product","link":"https:\/\/inovexfoods.com\/tr\/urun\/barico-cikolata-aromali-milkshake-tozu\/","title":{"rendered":"Barico \u00c7ikolata Aromal\u0131 Milkshake Tozu"},"content":{"rendered":"<p>Barico \u00c7ikolata Aromal\u0131 Milkshake Tozunun zamans\u0131z keyfini ya\u015fay\u0131n &#8211; zengin kakao ve kremams\u0131 lezzetin klasik tad\u0131n\u0131 yakalayan kadifemsi bir kar\u0131\u015f\u0131m. \u00d6zenle haz\u0131rlanan bu i\u00e7ecek tozu, g\u00fcnl\u00fck i\u00e7eceklerinizi enfes bir \u00e7ikolatal\u0131 ikrama d\u00f6n\u00fc\u015ft\u00fcrerek anlar\u0131n\u0131z\u0131 yeni bir tatl\u0131 doyum seviyesine ta\u015f\u0131r.<\/p>\n<p>Klasik \u00c7ikolata Zarafeti: Her yudumda birinci s\u0131n\u0131f kakaonun kadifemsi kucaklamas\u0131na ve s\u00fct\u00fcn p\u00fcr\u00fczs\u00fcz kremams\u0131l\u0131\u011f\u0131na do\u011fru bir yolculuk olan Barico \u00c7ikolatal\u0131 Milkshake \u0130\u00e7ecek Tozunun kar\u015f\u0131 konulmaz tad\u0131n\u0131n tad\u0131n\u0131 \u00e7\u0131kar\u0131n. M\u00fckemmel harmanlanm\u0131\u015f bir milkshake&#8217;in klasik cazibesini tan\u0131mlayan zengin, \u00e7ikolatams\u0131 notalarla i\u00e7ecek deneyiminizi zenginle\u015ftirin ve duyular\u0131n\u0131z\u0131 \u015fenlendirin.<\/p>\n<p><img fetchpriority=\"high\" decoding=\"async\" class=\"alignnone wp-image-590 size-full\" src=\"https:\/\/inovexfoods.com\/wp-content\/uploads\/2024\/01\/white-chocolate-Powder-Nutrition.png\" alt=\"\" width=\"444\" height=\"293\" srcset=\"https:\/\/inovexfoods.com\/wp-content\/uploads\/2024\/01\/white-chocolate-Powder-Nutrition.png 444w, https:\/\/inovexfoods.com\/wp-content\/uploads\/2024\/01\/white-chocolate-Powder-Nutrition-300x198.png 300w, https:\/\/inovexfoods.com\/wp-content\/uploads\/2024\/01\/white-chocolate-Powder-Nutrition-150x99.png 150w, https:\/\/inovexfoods.com\/wp-content\/uploads\/2024\/01\/white-chocolate-Powder-Nutrition-18x12.png 18w\" sizes=\"(max-width: 444px) 100vw, 444px\" \/><\/p>\n","protected":false},"excerpt":{"rendered":"<p>Barico \u00c7ikolatal\u0131 Milkshake \u0130\u00e7ecek Tozunun zamans\u0131z keyfini ya\u015fay\u0131n &#8211; zengin kakao ve kremams\u0131 lezzetin klasik tad\u0131n\u0131 yakalayan kadifemsi bir kar\u0131\u015f\u0131m. \u00d6zenle haz\u0131rlanan bu i\u00e7ecek tozu, g\u00fcnl\u00fck i\u00e7eceklerinizi enfes bir \u00e7ikolatal\u0131 ikrama d\u00f6n\u00fc\u015ft\u00fcrerek anlar\u0131n\u0131z\u0131 yeni bir tatl\u0131 doyum seviyesine ta\u015f\u0131r.<\/p>\n<table width=\"309\">\n<tbody>\n<tr>\n<td width=\"147\">Net Weight<\/td>\n<td width=\"162\">900 gr.<\/td>\n<\/tr>\n<tr>\n<td>Pieces \/ carton<\/td>\n<td>12<\/td>\n<\/tr>\n<tr>\n<td>Carton \/ Pallet<\/td>\n<td>80<\/td>\n<\/tr>\n<tr>\n<td>Carton \/ 20 ft<\/td>\n<td>880<\/td>\n<\/tr>\n<tr>\n<td>Carton \/ 40 ft<\/td>\n<td>1920<\/td>\n<\/tr>\n<tr>\n<td>Shelf Life<\/td>\n<td>2 years<\/td>\n<\/tr>\n<tr>\n<td>Languages<\/td>\n<td>English, Turkish, Arabic<\/td>\n<\/tr>\n<\/tbody>\n<\/table>\n","protected":false},"featured_media":2235,"comment_status":"closed","ping_status":"closed","template":"","meta":[],"product_brand":[],"product_cat":[490],"product_tag":[429,498,431,526,527,517,501,280],"class_list":{"0":"post-7043","1":"product","2":"type-product","3":"status-publish","4":"has-post-thumbnail","6":"product_cat-icecek-tozlari","7":"product_tag-artisanal-beverage-mix-tr","8":"product_tag-barico-powder-tr","9":"product_tag-beverage-enhancement-tr","10":"product_tag-chocolate-milkshake-beverage-powder-tr","11":"product_tag-classic-flavor-tr","12":"product_tag-creative-cooking-with-chocolate-tr","13":"product_tag-gourmet-culinary-ingredient-tr","14":"product_tag-guilt-free-indulgence-tr","16":"first","17":"instock","18":"shipping-taxable","19":"product-type-simple"},"_links":{"self":[{"href":"https:\/\/inovexfoods.com\/tr\/wp-json\/wp\/v2\/product\/7043","targetHints":{"allow":["GET"]}}],"collection":[{"href":"https:\/\/inovexfoods.com\/tr\/wp-json\/wp\/v2\/product"}],"about":[{"href":"https:\/\/inovexfoods.com\/tr\/wp-json\/wp\/v2\/types\/product"}],"replies":[{"embeddable":true,"href":"https:\/\/inovexfoods.com\/tr\/wp-json\/wp\/v2\/comments?post=7043"}],"wp:featuredmedia":[{"embeddable":true,"href":"https:\/\/inovexfoods.com\/tr\/wp-json\/wp\/v2\/media\/2235"}],"wp:attachment":[{"href":"https:\/\/inovexfoods.com\/tr\/wp-json\/wp\/v2\/media?parent=7043"}],"wp:term":[{"taxonomy":"product_brand","embeddable":true,"href":"https:\/\/inovexfoods.com\/tr\/wp-json\/wp\/v2\/product_brand?post=7043"},{"taxonomy":"product_cat","embeddable":true,"href":"https:\/\/inovexfoods.com\/tr\/wp-json\/wp\/v2\/product_cat?post=7043"},{"taxonomy":"product_tag","embeddable":true,"href":"https:\/\/inovexfoods.com\/tr\/wp-json\/wp\/v2\/product_tag?post=7043"}],"curies":[{"name":"wp","href":"https:\/\/api.w.org\/{rel}","templated":true}]}}