{"id":7042,"date":"2024-01-02T18:37:55","date_gmt":"2024-01-02T18:37:55","guid":{"rendered":"https:\/\/www.inovexfoods.com\/urun\/barico-dark-cookies-hot-chocolate-powder\/"},"modified":"2025-08-07T13:20:34","modified_gmt":"2025-08-07T13:20:34","slug":"barico-bitter-kurabiye-sicak-cikolata-icecek-tozu","status":"publish","type":"product","link":"https:\/\/inovexfoods.com\/tr\/urun\/barico-bitter-kurabiye-sicak-cikolata-icecek-tozu\/","title":{"rendered":"Barico Bitter Kurabiye S\u0131cak \u00c7ikolata \u0130\u00e7ecek Tozu"},"content":{"rendered":"<p>Barico Bitter Kurabiye S\u0131cak \u00c7ikolatal\u0131 \u0130\u00e7ecek Tozu \u2013 bitter \u00e7ikolatan\u0131n zengin cazibesini kurabiye k\u0131r\u0131nt\u0131lar\u0131n\u0131n nefis \u00e7\u0131t\u0131rt\u0131s\u0131yla birle\u015ftiren bir keyif senfonisi. \u00d6zenle haz\u0131rlanan bu nefis kar\u0131\u015f\u0131m, s\u0131radan s\u0131cak \u00e7ikolatan\u0131z\u0131 muhte\u015fem bir deneyime d\u00f6n\u00fc\u015ft\u00fcrerek keyifli anlar\u0131n\u0131z\u0131 yeni bir doyum seviyesine ta\u015f\u0131yor.<\/p>\n<p>Bitter \u00c7ikolata ve Kurabiyelerin Muhte\u015fem F\u00fczyonu: Her yudumda birinci s\u0131n\u0131f bitter \u00e7ikolatan\u0131n kadifemsi kucaklamas\u0131na ve kurabiye k\u0131r\u0131nt\u0131lar\u0131n\u0131n nefis \u00e7\u0131t\u0131rt\u0131s\u0131na do\u011fru bir yolculuk sunan Barico Bitter Kurabiye S\u0131cak \u00c7ikolatal\u0131 \u0130\u00e7ecek Tozu&#8217; nun l\u00fcks lezzetinin tad\u0131n\u0131 \u00e7\u0131kar\u0131n. S\u0131cak i\u00e7ecek deneyiminizi bir \u00fcst seviyeye ta\u015f\u0131y\u0131n ve yo\u011fun kakao ile tatl\u0131 kurabiye lezzetinin uyumlu birle\u015fimiyle duyular\u0131n\u0131z\u0131 \u015f\u0131mart\u0131n, her an\u0131 lezzetli bir keyif senfonisine d\u00f6n\u00fc\u015ft\u00fcr\u00fcn.<\/p>\n<p>&nbsp;<\/p>\n<p><img fetchpriority=\"high\" decoding=\"async\" class=\"alignnone wp-image-590 size-full\" src=\"https:\/\/inovexfoods.com\/wp-content\/uploads\/2024\/01\/white-chocolate-Powder-Nutrition.png\" alt=\"\" width=\"444\" height=\"293\" srcset=\"https:\/\/inovexfoods.com\/wp-content\/uploads\/2024\/01\/white-chocolate-Powder-Nutrition.png 444w, https:\/\/inovexfoods.com\/wp-content\/uploads\/2024\/01\/white-chocolate-Powder-Nutrition-300x198.png 300w, https:\/\/inovexfoods.com\/wp-content\/uploads\/2024\/01\/white-chocolate-Powder-Nutrition-150x99.png 150w, https:\/\/inovexfoods.com\/wp-content\/uploads\/2024\/01\/white-chocolate-Powder-Nutrition-18x12.png 18w\" sizes=\"(max-width: 444px) 100vw, 444px\" \/><\/p>\n","protected":false},"excerpt":{"rendered":"<p>Barico Bitter Kurabiye S\u0131cak \u00c7ikolatal\u0131 \u0130\u00e7ecek Tozu \u2013 bitter \u00e7ikolatan\u0131n zengin cazibesini kurabiye k\u0131r\u0131nt\u0131lar\u0131n\u0131n nefis \u00e7\u0131t\u0131rt\u0131s\u0131yla birle\u015ftiren bir keyif senfonisi. \u00d6zenle haz\u0131rlanan bu nefis kar\u0131\u015f\u0131m, s\u0131radan s\u0131cak \u00e7ikolatan\u0131z\u0131 muhte\u015fem bir deneyime d\u00f6n\u00fc\u015ft\u00fcrerek keyifli anlar\u0131n\u0131z\u0131 yeni bir doyum seviyesine ta\u015f\u0131yor.<\/p>\n<table width=\"309\">\n<tbody>\n<tr>\n<td width=\"147\">Net Weight<\/td>\n<td width=\"162\">900 gr.<\/td>\n<\/tr>\n<tr>\n<td>Pieces \/ carton<\/td>\n<td>12<\/td>\n<\/tr>\n<tr>\n<td>Carton \/ Pallet<\/td>\n<td>80<\/td>\n<\/tr>\n<tr>\n<td>Carton \/ 20 ft<\/td>\n<td>880<\/td>\n<\/tr>\n<tr>\n<td>Carton \/ 40 ft<\/td>\n<td>1920<\/td>\n<\/tr>\n<tr>\n<td>Shelf Life<\/td>\n<td>2 years<\/td>\n<\/tr>\n<tr>\n<td>Languages<\/td>\n<td>English, Turkish, Arabic<\/td>\n<\/tr>\n<\/tbody>\n<\/table>\n","protected":false},"featured_media":2239,"comment_status":"closed","ping_status":"closed","template":"","meta":[],"product_brand":[],"product_cat":[490],"product_tag":[523,498,431,524,525,504,501,280],"class_list":{"0":"post-7042","1":"product","2":"type-product","3":"status-publish","4":"has-post-thumbnail","6":"product_cat-icecek-tozlari","7":"product_tag-artisanal-hot-chocolate-mix-tr","8":"product_tag-barico-powder-tr","9":"product_tag-beverage-enhancement-tr","10":"product_tag-creative-cooking-with-dark-chocolate-and-cookies-tr","11":"product_tag-dark-cookies-hot-chocolate-beverage-powder-tr","12":"product_tag-decadent-flavor-tr","13":"product_tag-gourmet-culinary-ingredient-tr","14":"product_tag-guilt-free-indulgence-tr","16":"first","17":"instock","18":"shipping-taxable","19":"product-type-simple"},"_links":{"self":[{"href":"https:\/\/inovexfoods.com\/tr\/wp-json\/wp\/v2\/product\/7042","targetHints":{"allow":["GET"]}}],"collection":[{"href":"https:\/\/inovexfoods.com\/tr\/wp-json\/wp\/v2\/product"}],"about":[{"href":"https:\/\/inovexfoods.com\/tr\/wp-json\/wp\/v2\/types\/product"}],"replies":[{"embeddable":true,"href":"https:\/\/inovexfoods.com\/tr\/wp-json\/wp\/v2\/comments?post=7042"}],"wp:featuredmedia":[{"embeddable":true,"href":"https:\/\/inovexfoods.com\/tr\/wp-json\/wp\/v2\/media\/2239"}],"wp:attachment":[{"href":"https:\/\/inovexfoods.com\/tr\/wp-json\/wp\/v2\/media?parent=7042"}],"wp:term":[{"taxonomy":"product_brand","embeddable":true,"href":"https:\/\/inovexfoods.com\/tr\/wp-json\/wp\/v2\/product_brand?post=7042"},{"taxonomy":"product_cat","embeddable":true,"href":"https:\/\/inovexfoods.com\/tr\/wp-json\/wp\/v2\/product_cat?post=7042"},{"taxonomy":"product_tag","embeddable":true,"href":"https:\/\/inovexfoods.com\/tr\/wp-json\/wp\/v2\/product_tag?post=7042"}],"curies":[{"name":"wp","href":"https:\/\/api.w.org\/{rel}","templated":true}]}}