{"id":7041,"date":"2024-01-02T18:43:11","date_gmt":"2024-01-02T18:43:11","guid":{"rendered":"https:\/\/www.inovexfoods.com\/urun\/barico-frappe-powder\/"},"modified":"2025-08-07T13:17:40","modified_gmt":"2025-08-07T13:17:40","slug":"barico-frappe-icecek-tozu","status":"publish","type":"product","link":"https:\/\/inovexfoods.com\/tr\/urun\/barico-frappe-icecek-tozu\/","title":{"rendered":"Barico Frappe \u0130\u00e7ecek Tozu"},"content":{"rendered":"<p>Barico Frappe \u0130\u00e7ecek Tozunun serinletici ve ferahlat\u0131c\u0131 lezzetini ortaya \u00e7\u0131kar\u0131n &#8211; g\u00fcnl\u00fck i\u00e7eceklerinizi ba\u015f d\u00f6nd\u00fcr\u00fcc\u00fc bir ziyafete d\u00f6n\u00fc\u015ft\u00fcrmek i\u00e7in \u00f6zenle haz\u0131rlanm\u0131\u015f bir kar\u0131\u015f\u0131m. Kusursuz bir \u015fekilde harmanlanm\u0131\u015f bir frappe&#8217;nin \u015f\u0131mart\u0131c\u0131 deneyimine kendinizi b\u0131rak\u0131n ve ferahl\u0131k anlar\u0131n\u0131z\u0131 yeni bir serinlik ve doyum seviyesine ta\u015f\u0131y\u0131n.<\/p>\n<p>Frappe F\u00fczyon Keyfi: Her yudumda zengin kahve veya \u00e7ikolatan\u0131n enfes birle\u015fimine ve dondurulmu\u015f m\u00fckemmelli\u011fin serin kucakla\u015fmas\u0131na do\u011fru bir yolculuk olan Barico Frappe \u0130\u00e7ecek Tozunun buzlu ve canland\u0131r\u0131c\u0131 tad\u0131n\u0131n tad\u0131n\u0131 \u00e7\u0131kar\u0131n. Cesur tatlar\u0131n ve tatmin edici serinli\u011fin uyumlu kar\u0131\u015f\u0131m\u0131yla i\u00e7ecek deneyiminizi bir \u00fcst seviyeye ta\u015f\u0131y\u0131n ve duyular\u0131n\u0131z\u0131 harekete ge\u00e7irerek her an\u0131 ferahlat\u0131c\u0131 bir frappe keyfine d\u00f6n\u00fc\u015ft\u00fcr\u00fcn.<\/p>\n<p><img fetchpriority=\"high\" decoding=\"async\" class=\"alignnone wp-image-590 size-full\" src=\"https:\/\/inovexfoods.com\/wp-content\/uploads\/2024\/01\/white-chocolate-Powder-Nutrition.png\" alt=\"\" width=\"444\" height=\"293\" srcset=\"https:\/\/inovexfoods.com\/wp-content\/uploads\/2024\/01\/white-chocolate-Powder-Nutrition.png 444w, https:\/\/inovexfoods.com\/wp-content\/uploads\/2024\/01\/white-chocolate-Powder-Nutrition-300x198.png 300w, https:\/\/inovexfoods.com\/wp-content\/uploads\/2024\/01\/white-chocolate-Powder-Nutrition-150x99.png 150w, https:\/\/inovexfoods.com\/wp-content\/uploads\/2024\/01\/white-chocolate-Powder-Nutrition-18x12.png 18w\" sizes=\"(max-width: 444px) 100vw, 444px\" \/><\/p>\n","protected":false},"excerpt":{"rendered":"<p>Barico Frappe \u0130\u00e7ecek Tozunun serinletici ve ferahlat\u0131c\u0131 lezzetini ortaya \u00e7\u0131kar\u0131n &#8211; g\u00fcnl\u00fck i\u00e7eceklerinizi ba\u015f d\u00f6nd\u00fcr\u00fcc\u00fc bir ziyafete d\u00f6n\u00fc\u015ft\u00fcrmek i\u00e7in \u00f6zenle haz\u0131rlanm\u0131\u015f bir kar\u0131\u015f\u0131m. Kusursuz bir \u015fekilde harmanlanm\u0131\u015f bir frappe&#8217;nin \u015f\u0131mart\u0131c\u0131 deneyimine kendinizi b\u0131rak\u0131n ve ferahl\u0131k anlar\u0131n\u0131z\u0131 yeni bir serinlik ve doyum seviyesine ta\u015f\u0131y\u0131n.<\/p>\n<table width=\"309\">\n<tbody>\n<tr>\n<td width=\"147\">Net Weight<\/td>\n<td width=\"162\">900 gr.<\/td>\n<\/tr>\n<tr>\n<td>Pieces \/ carton<\/td>\n<td>12<\/td>\n<\/tr>\n<tr>\n<td>Carton \/ Pallet<\/td>\n<td>80<\/td>\n<\/tr>\n<tr>\n<td>Carton \/ 20 ft<\/td>\n<td>880<\/td>\n<\/tr>\n<tr>\n<td>Carton \/ 40 ft<\/td>\n<td>1920<\/td>\n<\/tr>\n<tr>\n<td>Shelf Life<\/td>\n<td>2 years<\/td>\n<\/tr>\n<tr>\n<td>Languages<\/td>\n<td>English, Turkish, Arabic<\/td>\n<\/tr>\n<\/tbody>\n<\/table>\n","protected":false},"featured_media":2243,"comment_status":"closed","ping_status":"closed","template":"","meta":[],"product_brand":[],"product_cat":[490],"product_tag":[429,498,431,519,520,521,280,522],"class_list":{"0":"post-7041","1":"product","2":"type-product","3":"status-publish","4":"has-post-thumbnail","6":"product_cat-icecek-tozlari","7":"product_tag-artisanal-beverage-mix-tr","8":"product_tag-barico-powder-tr","9":"product_tag-beverage-enhancement-tr","10":"product_tag-cool-culinary-ingredient-tr","11":"product_tag-creative-cooking-with-coffee-or-chocolate-tr","12":"product_tag-frappe-beverage-powder-tr","13":"product_tag-guilt-free-indulgence-tr","14":"product_tag-refreshing-flavor-tr","16":"first","17":"instock","18":"shipping-taxable","19":"product-type-simple"},"_links":{"self":[{"href":"https:\/\/inovexfoods.com\/tr\/wp-json\/wp\/v2\/product\/7041","targetHints":{"allow":["GET"]}}],"collection":[{"href":"https:\/\/inovexfoods.com\/tr\/wp-json\/wp\/v2\/product"}],"about":[{"href":"https:\/\/inovexfoods.com\/tr\/wp-json\/wp\/v2\/types\/product"}],"replies":[{"embeddable":true,"href":"https:\/\/inovexfoods.com\/tr\/wp-json\/wp\/v2\/comments?post=7041"}],"wp:featuredmedia":[{"embeddable":true,"href":"https:\/\/inovexfoods.com\/tr\/wp-json\/wp\/v2\/media\/2243"}],"wp:attachment":[{"href":"https:\/\/inovexfoods.com\/tr\/wp-json\/wp\/v2\/media?parent=7041"}],"wp:term":[{"taxonomy":"product_brand","embeddable":true,"href":"https:\/\/inovexfoods.com\/tr\/wp-json\/wp\/v2\/product_brand?post=7041"},{"taxonomy":"product_cat","embeddable":true,"href":"https:\/\/inovexfoods.com\/tr\/wp-json\/wp\/v2\/product_cat?post=7041"},{"taxonomy":"product_tag","embeddable":true,"href":"https:\/\/inovexfoods.com\/tr\/wp-json\/wp\/v2\/product_tag?post=7041"}],"curies":[{"name":"wp","href":"https:\/\/api.w.org\/{rel}","templated":true}]}}