{"id":7040,"date":"2024-01-02T18:45:21","date_gmt":"2024-01-02T18:45:21","guid":{"rendered":"https:\/\/www.inovexfoods.com\/urun\/barico-hot-chocolate-powder\/"},"modified":"2025-08-07T13:10:28","modified_gmt":"2025-08-07T13:10:28","slug":"barico-sicak-cikolata-icecek-tozu","status":"publish","type":"product","link":"https:\/\/inovexfoods.com\/tr\/urun\/barico-sicak-cikolata-icecek-tozu\/","title":{"rendered":"Barico S\u0131cak \u00c7ikolata \u0130\u00e7ecek Tozu"},"content":{"rendered":"<p>Barico S\u0131cak \u00c7ikolata \u0130\u00e7ecek Tozu ile s\u0131cakl\u0131k ve keyif dolu bir yolculu\u011fa \u00e7\u0131k\u0131n. Kusursuz bir \u015fekilde haz\u0131rlanm\u0131\u015f kadifemsi bir kar\u0131\u015f\u0131m olan Barico S\u0131cak \u00c7ikolata \u0130\u00e7ecek Tozu, s\u0131cak \u00e7ikolatan\u0131n klasik konforunu kupan\u0131za ta\u015f\u0131yor. S\u0131radan anlar\u0131 keyifli bir ka\u00e7ama\u011fa d\u00f6n\u00fc\u015ft\u00fcren zengin ve kremsi lezzete kendinizi b\u0131rak\u0131n.<\/p>\n<p>Muhte\u015fem S\u0131cak \u00c7ikolata Mutlulu\u011fu: Her yudumda birinci s\u0131n\u0131f kakaonun kadifemsi kuca\u011f\u0131na rahatlat\u0131c\u0131 bir yolculuk sunan Barico S\u0131cak \u00c7ikolata \u0130\u00e7ecek Tozu&#8217;nun b\u00fcy\u00fcleyici cazibesinin tad\u0131n\u0131 \u00e7\u0131kar\u0131n. Kusursuz bir \u015fekilde haz\u0131rlanm\u0131\u015f bir fincan s\u0131cak \u00e7ikolatan\u0131n klasik cazibesini tan\u0131mlayan zengin ve kremsi notalarla i\u00e7ecek deneyiminizi zenginle\u015ftirin ve duyular\u0131n\u0131z\u0131 harekete ge\u00e7irin.<\/p>\n<p><img fetchpriority=\"high\" decoding=\"async\" class=\"alignnone wp-image-590 size-full\" src=\"https:\/\/inovexfoods.com\/wp-content\/uploads\/2024\/01\/white-chocolate-Powder-Nutrition.png\" alt=\"\" width=\"444\" height=\"293\" srcset=\"https:\/\/inovexfoods.com\/wp-content\/uploads\/2024\/01\/white-chocolate-Powder-Nutrition.png 444w, https:\/\/inovexfoods.com\/wp-content\/uploads\/2024\/01\/white-chocolate-Powder-Nutrition-300x198.png 300w, https:\/\/inovexfoods.com\/wp-content\/uploads\/2024\/01\/white-chocolate-Powder-Nutrition-150x99.png 150w, https:\/\/inovexfoods.com\/wp-content\/uploads\/2024\/01\/white-chocolate-Powder-Nutrition-18x12.png 18w\" sizes=\"(max-width: 444px) 100vw, 444px\" \/><\/p>\n","protected":false},"excerpt":{"rendered":"<p>Barico S\u0131cak \u00c7ikolata \u0130\u00e7ecek Tozu ile s\u0131cakl\u0131k ve keyif dolu bir yolculu\u011fa \u00e7\u0131k\u0131n. Kusursuz bir \u015fekilde haz\u0131rlanm\u0131\u015f kadifemsi bir kar\u0131\u015f\u0131m olan Barico S\u0131cak \u00c7ikolata \u0130\u00e7ecek Tozu, s\u0131cak \u00e7ikolatan\u0131n klasik konforunu kupan\u0131za ta\u015f\u0131yor. S\u0131radan anlar\u0131 keyifli bir ka\u00e7ama\u011fa d\u00f6n\u00fc\u015ft\u00fcren zengin ve kremsi lezzete kendinizi b\u0131rak\u0131n.<\/p>\n<table width=\"309\">\n<tbody>\n<tr>\n<td width=\"147\">Net Weight<\/td>\n<td width=\"162\">900 gr.<\/td>\n<\/tr>\n<tr>\n<td>Pieces \/ carton<\/td>\n<td>12<\/td>\n<\/tr>\n<tr>\n<td>Carton \/ Pallet<\/td>\n<td>80<\/td>\n<\/tr>\n<tr>\n<td>Carton \/ 20 ft<\/td>\n<td>880<\/td>\n<\/tr>\n<tr>\n<td>Carton \/ 40 ft<\/td>\n<td>1920<\/td>\n<\/tr>\n<tr>\n<td>Shelf Life<\/td>\n<td>2 years<\/td>\n<\/tr>\n<tr>\n<td>Languages<\/td>\n<td>English, Turkish, Arabic<\/td>\n<\/tr>\n<\/tbody>\n<\/table>\n","protected":false},"featured_media":2247,"comment_status":"closed","ping_status":"closed","template":"","meta":[],"product_brand":[],"product_cat":[490],"product_tag":[429,498,431,507,517,501,280,518],"class_list":{"0":"post-7040","1":"product","2":"type-product","3":"status-publish","4":"has-post-thumbnail","6":"product_cat-icecek-tozlari","7":"product_tag-artisanal-beverage-mix-tr","8":"product_tag-barico-powder-tr","9":"product_tag-beverage-enhancement-tr","10":"product_tag-comforting-flavor-tr","11":"product_tag-creative-cooking-with-chocolate-tr","12":"product_tag-gourmet-culinary-ingredient-tr","13":"product_tag-guilt-free-indulgence-tr","14":"product_tag-hot-chocolate-beverage-powder-tr","16":"first","17":"instock","18":"shipping-taxable","19":"product-type-simple"},"_links":{"self":[{"href":"https:\/\/inovexfoods.com\/tr\/wp-json\/wp\/v2\/product\/7040","targetHints":{"allow":["GET"]}}],"collection":[{"href":"https:\/\/inovexfoods.com\/tr\/wp-json\/wp\/v2\/product"}],"about":[{"href":"https:\/\/inovexfoods.com\/tr\/wp-json\/wp\/v2\/types\/product"}],"replies":[{"embeddable":true,"href":"https:\/\/inovexfoods.com\/tr\/wp-json\/wp\/v2\/comments?post=7040"}],"wp:featuredmedia":[{"embeddable":true,"href":"https:\/\/inovexfoods.com\/tr\/wp-json\/wp\/v2\/media\/2247"}],"wp:attachment":[{"href":"https:\/\/inovexfoods.com\/tr\/wp-json\/wp\/v2\/media?parent=7040"}],"wp:term":[{"taxonomy":"product_brand","embeddable":true,"href":"https:\/\/inovexfoods.com\/tr\/wp-json\/wp\/v2\/product_brand?post=7040"},{"taxonomy":"product_cat","embeddable":true,"href":"https:\/\/inovexfoods.com\/tr\/wp-json\/wp\/v2\/product_cat?post=7040"},{"taxonomy":"product_tag","embeddable":true,"href":"https:\/\/inovexfoods.com\/tr\/wp-json\/wp\/v2\/product_tag?post=7040"}],"curies":[{"name":"wp","href":"https:\/\/api.w.org\/{rel}","templated":true}]}}