{"id":7039,"date":"2024-01-02T18:47:25","date_gmt":"2024-01-02T18:47:25","guid":{"rendered":"https:\/\/www.inovexfoods.com\/urun\/barico-iced-mocha-beverage-powder\/"},"modified":"2025-08-07T13:05:27","modified_gmt":"2025-08-07T13:05:27","slug":"barico-buzlu-moka-aromali-icecek-tozu","status":"publish","type":"product","link":"https:\/\/inovexfoods.com\/tr\/urun\/barico-buzlu-moka-aromali-icecek-tozu\/","title":{"rendered":"Barico Buzlu Moka Aromal\u0131 \u0130\u00e7ecek Tozu"},"content":{"rendered":"<p>Barico Buzlu Moka Aromal\u0131 \u0130\u00e7ecek Tozu ile zengin bir \u015f\u0131martma ve ferahlat\u0131c\u0131 bir lezzetin m\u00fckemmel kar\u0131\u015f\u0131m\u0131n\u0131 deneyimleyin. Espressonun cesur aromas\u0131n\u0131 \u00e7ikolatan\u0131n kremams\u0131 lezzetiyle bir araya getirerek muhte\u015fem bir buzlu mocha deneyimi yaratmak i\u00e7in \u00f6zenle haz\u0131rlanm\u0131\u015f bir kar\u0131\u015f\u0131m. Bu kar\u015f\u0131 konulmaz i\u00e7ecek tozuyla serinletici ve tatmin edici anlar\u0131n\u0131z\u0131 daha da keyifli hale getirin.<\/p>\n<p>Cesur Buzlu Moka Uyan\u0131\u015f\u0131: Her yudumda espressonun g\u00fc\u00e7l\u00fc \u00f6z\u00fcne ve \u00e7ikolatan\u0131n \u015f\u0131mart\u0131c\u0131 kucaklamas\u0131na bir yolculuk olan Barico Buzlu Moka \u0130\u00e7ecek Tozu&#8217;nun cesur ve canland\u0131r\u0131c\u0131 tad\u0131n\u0131n tad\u0131n\u0131 \u00e7\u0131kar\u0131n. Yo\u011fun kahve notalar\u0131 ve zengin, kremams\u0131 \u00e7ikolatan\u0131n uyumlu birle\u015fimiyle i\u00e7ecek deneyiminizi zenginle\u015ftirin ve duyular\u0131n\u0131z\u0131 harekete ge\u00e7irin, her an\u0131 ferahlat\u0131c\u0131 bir uyan\u0131\u015fa d\u00f6n\u00fc\u015ft\u00fcr\u00fcn.<\/p>\n<p><img fetchpriority=\"high\" decoding=\"async\" class=\"alignnone wp-image-590 size-full\" src=\"https:\/\/inovexfoods.com\/wp-content\/uploads\/2024\/01\/white-chocolate-Powder-Nutrition.png\" alt=\"\" width=\"444\" height=\"293\" srcset=\"https:\/\/inovexfoods.com\/wp-content\/uploads\/2024\/01\/white-chocolate-Powder-Nutrition.png 444w, https:\/\/inovexfoods.com\/wp-content\/uploads\/2024\/01\/white-chocolate-Powder-Nutrition-300x198.png 300w, https:\/\/inovexfoods.com\/wp-content\/uploads\/2024\/01\/white-chocolate-Powder-Nutrition-150x99.png 150w, https:\/\/inovexfoods.com\/wp-content\/uploads\/2024\/01\/white-chocolate-Powder-Nutrition-18x12.png 18w\" sizes=\"(max-width: 444px) 100vw, 444px\" \/><\/p>\n<p>&nbsp;<\/p>\n","protected":false},"excerpt":{"rendered":"<p>Barico Buzlu Moka Aromal\u0131 \u0130\u00e7ecek Tozu ile zengin bir \u015f\u0131martma ve ferahlat\u0131c\u0131 bir lezzetin m\u00fckemmel kar\u0131\u015f\u0131m\u0131n\u0131 deneyimleyin. Espressonun cesur aromas\u0131n\u0131 \u00e7ikolatan\u0131n kremams\u0131 lezzetiyle bir araya getirerek muhte\u015fem bir buzlu mocha deneyimi yaratmak i\u00e7in \u00f6zenle haz\u0131rlanm\u0131\u015f bir kar\u0131\u015f\u0131m. Bu kar\u015f\u0131 konulmaz i\u00e7ecek tozuyla serinletici ve tatmin edici anlar\u0131n\u0131z\u0131 daha da keyifli hale getirin.<\/p>\n<table width=\"309\">\n<tbody>\n<tr>\n<td width=\"147\">Net Weight<\/td>\n<td width=\"162\">900 gr.<\/td>\n<\/tr>\n<tr>\n<td>Pieces \/ carton<\/td>\n<td>12<\/td>\n<\/tr>\n<tr>\n<td>Carton \/ Pallet<\/td>\n<td>80<\/td>\n<\/tr>\n<tr>\n<td>Carton \/ 20 ft<\/td>\n<td>880<\/td>\n<\/tr>\n<tr>\n<td>Carton \/ 40 ft<\/td>\n<td>1920<\/td>\n<\/tr>\n<tr>\n<td>Shelf Life<\/td>\n<td>2 years<\/td>\n<\/tr>\n<tr>\n<td>Languages<\/td>\n<td>English, Turkish, Arabic<\/td>\n<\/tr>\n<\/tbody>\n<\/table>\n","protected":false},"featured_media":2251,"comment_status":"closed","ping_status":"closed","template":"","meta":[],"product_brand":[],"product_cat":[490],"product_tag":[429,498,431,514,515,280,516,513],"class_list":{"0":"post-7039","1":"product","2":"type-product","3":"status-publish","4":"has-post-thumbnail","6":"product_cat-icecek-tozlari","7":"product_tag-artisanal-beverage-mix-tr","8":"product_tag-barico-powder-tr","9":"product_tag-beverage-enhancement-tr","10":"product_tag-bold-flavor-tr","11":"product_tag-creative-cooking-with-espresso-and-chocolate-tr","12":"product_tag-guilt-free-indulgence-tr","13":"product_tag-iced-mocha-beverage-powder-tr","14":"product_tag-refreshing-culinary-ingredient-tr","16":"first","17":"instock","18":"shipping-taxable","19":"product-type-simple"},"_links":{"self":[{"href":"https:\/\/inovexfoods.com\/tr\/wp-json\/wp\/v2\/product\/7039","targetHints":{"allow":["GET"]}}],"collection":[{"href":"https:\/\/inovexfoods.com\/tr\/wp-json\/wp\/v2\/product"}],"about":[{"href":"https:\/\/inovexfoods.com\/tr\/wp-json\/wp\/v2\/types\/product"}],"replies":[{"embeddable":true,"href":"https:\/\/inovexfoods.com\/tr\/wp-json\/wp\/v2\/comments?post=7039"}],"wp:featuredmedia":[{"embeddable":true,"href":"https:\/\/inovexfoods.com\/tr\/wp-json\/wp\/v2\/media\/2251"}],"wp:attachment":[{"href":"https:\/\/inovexfoods.com\/tr\/wp-json\/wp\/v2\/media?parent=7039"}],"wp:term":[{"taxonomy":"product_brand","embeddable":true,"href":"https:\/\/inovexfoods.com\/tr\/wp-json\/wp\/v2\/product_brand?post=7039"},{"taxonomy":"product_cat","embeddable":true,"href":"https:\/\/inovexfoods.com\/tr\/wp-json\/wp\/v2\/product_cat?post=7039"},{"taxonomy":"product_tag","embeddable":true,"href":"https:\/\/inovexfoods.com\/tr\/wp-json\/wp\/v2\/product_tag?post=7039"}],"curies":[{"name":"wp","href":"https:\/\/api.w.org\/{rel}","templated":true}]}}