{"id":7038,"date":"2024-01-02T18:48:41","date_gmt":"2024-01-02T18:48:41","guid":{"rendered":"https:\/\/www.inovexfoods.com\/urun\/barico-iced-white-chocolate-mocha\/"},"modified":"2025-08-07T13:01:05","modified_gmt":"2025-08-07T13:01:05","slug":"barico-buzlu-beyaz-cikolatali-moka-tozu","status":"publish","type":"product","link":"https:\/\/inovexfoods.com\/tr\/urun\/barico-buzlu-beyaz-cikolatali-moka-tozu\/","title":{"rendered":"Barico Buzlu Beyaz \u00c7ikolatal\u0131 Moka Tozu"},"content":{"rendered":"<p>Barico Buzlu Beyaz \u00c7ikolatal\u0131 Moka \u0130\u00e7ecek Tozu ile ferahl\u0131k ve l\u00fcks\u00fcn m\u00fckemmel uyumuna kendinizi b\u0131rak\u0131n. Klasik beyaz \u00e7ikolatal\u0131 mochan\u0131n sofistikeli\u011fini so\u011fuk i\u00e7eceklerinize ta\u015f\u0131mak i\u00e7in tasarlanm\u0131\u015f nefis bir kar\u0131\u015f\u0131m. \u00d6zenle haz\u0131rlanan bu i\u00e7ecek tozu, buzlu i\u00e7eceklerinizi kadifemsi beyaz \u00e7ikolata ve cesur espresso aromalar\u0131n\u0131n keyifli bir senfonisine d\u00f6n\u00fc\u015ft\u00fcr\u00fcr.<\/p>\n<p>Buzlu Beyaz \u00c7ikolatal\u0131 Moka Mutlulu\u011fu: Her yudumda kadifemsi beyaz \u00e7ikolata ve yo\u011fun espressonun l\u00fcks f\u00fczyonuna bir yolculuk olan Barico Buzlu Beyaz \u00c7ikolatal\u0131 Mocha \u0130\u00e7ecek Tozu&#8217;nun \u015f\u0131mart\u0131c\u0131 cazibesinin tad\u0131n\u0131 \u00e7\u0131kar\u0131n. Kusursuzca haz\u0131rlanm\u0131\u015f buzlu mochan\u0131n klasik cazibesini tan\u0131mlayan zengin, kremsi notalarla i\u00e7ecek deneyiminizi zenginle\u015ftirin ve duyular\u0131n\u0131z\u0131 harekete ge\u00e7irin.<\/p>\n<p><img fetchpriority=\"high\" decoding=\"async\" class=\"alignnone wp-image-590 size-full\" src=\"https:\/\/inovexfoods.com\/wp-content\/uploads\/2024\/01\/white-chocolate-Powder-Nutrition.png\" alt=\"\" width=\"444\" height=\"293\" srcset=\"https:\/\/inovexfoods.com\/wp-content\/uploads\/2024\/01\/white-chocolate-Powder-Nutrition.png 444w, https:\/\/inovexfoods.com\/wp-content\/uploads\/2024\/01\/white-chocolate-Powder-Nutrition-300x198.png 300w, https:\/\/inovexfoods.com\/wp-content\/uploads\/2024\/01\/white-chocolate-Powder-Nutrition-150x99.png 150w, https:\/\/inovexfoods.com\/wp-content\/uploads\/2024\/01\/white-chocolate-Powder-Nutrition-18x12.png 18w\" sizes=\"(max-width: 444px) 100vw, 444px\" \/><\/p>\n","protected":false},"excerpt":{"rendered":"<p>Barico Buzlu Beyaz \u00c7ikolatal\u0131 Mocha \u0130\u00e7ecek Tozu ile ferahl\u0131k ve l\u00fcks\u00fcn m\u00fckemmel uyumuna kendinizi b\u0131rak\u0131n. Klasik beyaz \u00e7ikolatal\u0131 mochan\u0131n sofistikeli\u011fini so\u011fuk i\u00e7eceklerinize ta\u015f\u0131mak i\u00e7in tasarlanm\u0131\u015f nefis bir kar\u0131\u015f\u0131m. \u00d6zenle haz\u0131rlanan bu i\u00e7ecek tozu, buzlu i\u00e7eceklerinizi kadifemsi beyaz \u00e7ikolata ve cesur espresso aromalar\u0131n\u0131n keyifli bir senfonisine d\u00f6n\u00fc\u015ft\u00fcr\u00fcr.<\/p>\n<table width=\"309\">\n<tbody>\n<tr>\n<td width=\"147\">Net Weight<\/td>\n<td width=\"162\">900 gr.<\/td>\n<\/tr>\n<tr>\n<td>Pieces \/ carton<\/td>\n<td>12<\/td>\n<\/tr>\n<tr>\n<td>Carton \/ Pallet<\/td>\n<td>80<\/td>\n<\/tr>\n<tr>\n<td>Carton \/ 20 ft<\/td>\n<td>880<\/td>\n<\/tr>\n<tr>\n<td>Carton \/ 40 ft<\/td>\n<td>1920<\/td>\n<\/tr>\n<tr>\n<td>Shelf Life<\/td>\n<td>2 years<\/td>\n<\/tr>\n<tr>\n<td>Languages<\/td>\n<td>English, Turkish, Arabic<\/td>\n<\/tr>\n<\/tbody>\n<\/table>\n","protected":false},"featured_media":2255,"comment_status":"closed","ping_status":"closed","template":"","meta":[],"product_brand":[],"product_cat":[490],"product_tag":[429,498,431,511,504,280,512,513],"class_list":{"0":"post-7038","1":"product","2":"type-product","3":"status-publish","4":"has-post-thumbnail","6":"product_cat-icecek-tozlari","7":"product_tag-artisanal-beverage-mix-tr","8":"product_tag-barico-powder-tr","9":"product_tag-beverage-enhancement-tr","10":"product_tag-creative-cooking-with-white-chocolate-and-espresso-tr","11":"product_tag-decadent-flavor-tr","12":"product_tag-guilt-free-indulgence-tr","13":"product_tag-iced-white-chocolate-mocha-beverage-powder-tr","14":"product_tag-refreshing-culinary-ingredient-tr","16":"first","17":"instock","18":"shipping-taxable","19":"product-type-simple"},"_links":{"self":[{"href":"https:\/\/inovexfoods.com\/tr\/wp-json\/wp\/v2\/product\/7038","targetHints":{"allow":["GET"]}}],"collection":[{"href":"https:\/\/inovexfoods.com\/tr\/wp-json\/wp\/v2\/product"}],"about":[{"href":"https:\/\/inovexfoods.com\/tr\/wp-json\/wp\/v2\/types\/product"}],"replies":[{"embeddable":true,"href":"https:\/\/inovexfoods.com\/tr\/wp-json\/wp\/v2\/comments?post=7038"}],"wp:featuredmedia":[{"embeddable":true,"href":"https:\/\/inovexfoods.com\/tr\/wp-json\/wp\/v2\/media\/2255"}],"wp:attachment":[{"href":"https:\/\/inovexfoods.com\/tr\/wp-json\/wp\/v2\/media?parent=7038"}],"wp:term":[{"taxonomy":"product_brand","embeddable":true,"href":"https:\/\/inovexfoods.com\/tr\/wp-json\/wp\/v2\/product_brand?post=7038"},{"taxonomy":"product_cat","embeddable":true,"href":"https:\/\/inovexfoods.com\/tr\/wp-json\/wp\/v2\/product_cat?post=7038"},{"taxonomy":"product_tag","embeddable":true,"href":"https:\/\/inovexfoods.com\/tr\/wp-json\/wp\/v2\/product_tag?post=7038"}],"curies":[{"name":"wp","href":"https:\/\/api.w.org\/{rel}","templated":true}]}}