{"id":7037,"date":"2024-01-02T18:49:42","date_gmt":"2024-01-02T18:49:42","guid":{"rendered":"https:\/\/www.inovexfoods.com\/urun\/barico-salep-powder\/"},"modified":"2025-08-07T12:55:30","modified_gmt":"2025-08-07T12:55:30","slug":"barico-sahlep-icecek-tozu","status":"publish","type":"product","link":"https:\/\/inovexfoods.com\/tr\/urun\/barico-sahlep-icecek-tozu\/","title":{"rendered":"Barico Sahlep Aromal\u0131 \u0130\u00e7ecek Tozu"},"content":{"rendered":"<p>Barico Sahlep Aromal\u0131 \u0130\u00e7ecek Tozu &#8211; Sahlep&#8217;in zengin gelene\u011fine sayg\u0131 duru\u015funda bulunan, rahatlat\u0131c\u0131 ve aromatik bir kar\u0131\u015f\u0131m, hem keyifli hem de rahatlat\u0131c\u0131 bir i\u00e7ecek deneyimi yarat\u0131yor. \u00d6zenle haz\u0131rlanan bu i\u00e7ecek tozu, Sahlep&#8217;in s\u0131cak ve rahatlat\u0131c\u0131 lezzetlerine keyifli bir yolculuk sunarak rahatlama anlar\u0131n\u0131z\u0131 zenginle\u015ftiriyor.<\/p>\n<p><img fetchpriority=\"high\" decoding=\"async\" class=\"alignnone wp-image-590 size-full\" src=\"https:\/\/inovexfoods.com\/wp-content\/uploads\/2024\/01\/white-chocolate-Powder-Nutrition.png\" alt=\"\" width=\"444\" height=\"293\" srcset=\"https:\/\/inovexfoods.com\/wp-content\/uploads\/2024\/01\/white-chocolate-Powder-Nutrition.png 444w, https:\/\/inovexfoods.com\/wp-content\/uploads\/2024\/01\/white-chocolate-Powder-Nutrition-300x198.png 300w, https:\/\/inovexfoods.com\/wp-content\/uploads\/2024\/01\/white-chocolate-Powder-Nutrition-150x99.png 150w, https:\/\/inovexfoods.com\/wp-content\/uploads\/2024\/01\/white-chocolate-Powder-Nutrition-18x12.png 18w\" sizes=\"(max-width: 444px) 100vw, 444px\" \/><\/p>\n<p>&nbsp;<\/p>\n","protected":false},"excerpt":{"rendered":"<p>Barico Sahlep Aromal\u0131 \u0130\u00e7ecek Tozu &#8211; Sahlep&#8217;in zengin gelene\u011fine sayg\u0131 duru\u015funda bulunan, rahatlat\u0131c\u0131 ve aromatik bir kar\u0131\u015f\u0131m, hem keyifli hem de rahatlat\u0131c\u0131 bir i\u00e7ecek deneyimi yarat\u0131yor. \u00d6zenle haz\u0131rlanan bu i\u00e7ecek tozu, Sahlep&#8217;in s\u0131cak ve rahatlat\u0131c\u0131 lezzetlerine keyifli bir yolculuk sunarak rahatlama anlar\u0131n\u0131z\u0131 zenginle\u015ftiriyor.<\/p>\n<table width=\"309\">\n<tbody>\n<tr>\n<td width=\"147\">Net Weight<\/td>\n<td width=\"162\">900 gr.<\/td>\n<\/tr>\n<tr>\n<td>Pieces \/ carton<\/td>\n<td>12<\/td>\n<\/tr>\n<tr>\n<td>Carton \/ Pallet<\/td>\n<td>80<\/td>\n<\/tr>\n<tr>\n<td>Carton \/ 20 ft<\/td>\n<td>880<\/td>\n<\/tr>\n<tr>\n<td>Carton \/ 40 ft<\/td>\n<td>1920<\/td>\n<\/tr>\n<tr>\n<td>Shelf Life<\/td>\n<td>2 years<\/td>\n<\/tr>\n<tr>\n<td>Languages<\/td>\n<td>English, Turkish, Arabic<\/td>\n<\/tr>\n<\/tbody>\n<\/table>\n<p>&nbsp;<\/p>\n","protected":false},"featured_media":2259,"comment_status":"closed","ping_status":"closed","template":"","meta":[],"product_brand":[],"product_cat":[490],"product_tag":[506,429,498,431,507,508,280,509,510],"class_list":{"0":"post-7037","1":"product","2":"type-product","3":"status-publish","4":"has-post-thumbnail","6":"product_cat-icecek-tozlari","7":"product_tag-arabic-tr","8":"product_tag-artisanal-beverage-mix-tr","9":"product_tag-barico-powder-tr","10":"product_tag-beverage-enhancement-tr","11":"product_tag-comforting-flavor-tr","12":"product_tag-creative-cooking-with-salep-tr","13":"product_tag-guilt-free-indulgence-tr","14":"product_tag-salep-beverage-powder-tr","15":"product_tag-traditional-culinary-ingredient-tr","17":"first","18":"instock","19":"shipping-taxable","20":"product-type-simple"},"_links":{"self":[{"href":"https:\/\/inovexfoods.com\/tr\/wp-json\/wp\/v2\/product\/7037","targetHints":{"allow":["GET"]}}],"collection":[{"href":"https:\/\/inovexfoods.com\/tr\/wp-json\/wp\/v2\/product"}],"about":[{"href":"https:\/\/inovexfoods.com\/tr\/wp-json\/wp\/v2\/types\/product"}],"replies":[{"embeddable":true,"href":"https:\/\/inovexfoods.com\/tr\/wp-json\/wp\/v2\/comments?post=7037"}],"wp:featuredmedia":[{"embeddable":true,"href":"https:\/\/inovexfoods.com\/tr\/wp-json\/wp\/v2\/media\/2259"}],"wp:attachment":[{"href":"https:\/\/inovexfoods.com\/tr\/wp-json\/wp\/v2\/media?parent=7037"}],"wp:term":[{"taxonomy":"product_brand","embeddable":true,"href":"https:\/\/inovexfoods.com\/tr\/wp-json\/wp\/v2\/product_brand?post=7037"},{"taxonomy":"product_cat","embeddable":true,"href":"https:\/\/inovexfoods.com\/tr\/wp-json\/wp\/v2\/product_cat?post=7037"},{"taxonomy":"product_tag","embeddable":true,"href":"https:\/\/inovexfoods.com\/tr\/wp-json\/wp\/v2\/product_tag?post=7037"}],"curies":[{"name":"wp","href":"https:\/\/api.w.org\/{rel}","templated":true}]}}