{"id":7036,"date":"2024-01-02T18:50:50","date_gmt":"2024-01-02T18:50:50","guid":{"rendered":"https:\/\/www.inovexfoods.com\/urun\/barico-white-chocolate-powder\/"},"modified":"2025-08-07T12:43:24","modified_gmt":"2025-08-07T12:43:24","slug":"barico-beyaz-cikolatali-icecek-tozu","status":"publish","type":"product","link":"https:\/\/inovexfoods.com\/tr\/urun\/barico-beyaz-cikolatali-icecek-tozu\/","title":{"rendered":"Barico Beyaz \u00c7ikolatal\u0131 \u0130\u00e7ecek Tozu"},"content":{"rendered":"<p>Barico Beyaz \u00c7ikolatal\u0131 \u0130\u00e7ecek Tozunun l\u00fcks tatl\u0131l\u0131\u011f\u0131n\u0131n tad\u0131n\u0131 \u00e7\u0131kar\u0131n &#8211; m\u00fckemmel bir \u015fekilde haz\u0131rlanm\u0131\u015f kadifemsi bir kar\u0131\u015f\u0131m, s\u0131radan i\u00e7eceklerinizi zengin ve kremal\u0131 bir lezzete d\u00f6n\u00fc\u015ft\u00fcren, muhte\u015fem bir deneyim yarat\u0131yor. Beyaz \u00e7ikolatan\u0131n yumu\u015fak ve enfes aromas\u0131na kendinizi kapt\u0131r\u0131n ve i\u00e7ecek anlar\u0131n\u0131z\u0131 yeni bir \u015f\u0131martma seviyesine ta\u015f\u0131y\u0131n.<\/p>\n<p>Muhte\u015fem Beyaz \u00c7ikolata Zarafeti: Her yudumda birinci s\u0131n\u0131f beyaz \u00e7ikolatan\u0131n kadifemsi kuca\u011f\u0131na bir yolculuk olan Barico Beyaz \u00c7ikolatal\u0131 \u0130\u00e7ecek Tozunun sofistikeli\u011finin tad\u0131n\u0131 \u00e7\u0131kar\u0131n. L\u00fcks ve \u015f\u0131martmay\u0131 tan\u0131mlayan zengin, kremams\u0131 notalarla i\u00e7ecek deneyiminizi zenginle\u015ftirin ve duyular\u0131n\u0131z\u0131 \u015fenlendirin.<\/p>\n<p><img fetchpriority=\"high\" decoding=\"async\" class=\"alignnone wp-image-590 size-full\" src=\"https:\/\/inovexfoods.com\/wp-content\/uploads\/2024\/01\/white-chocolate-Powder-Nutrition.png\" alt=\"\" width=\"444\" height=\"293\" srcset=\"https:\/\/inovexfoods.com\/wp-content\/uploads\/2024\/01\/white-chocolate-Powder-Nutrition.png 444w, https:\/\/inovexfoods.com\/wp-content\/uploads\/2024\/01\/white-chocolate-Powder-Nutrition-300x198.png 300w, https:\/\/inovexfoods.com\/wp-content\/uploads\/2024\/01\/white-chocolate-Powder-Nutrition-150x99.png 150w, https:\/\/inovexfoods.com\/wp-content\/uploads\/2024\/01\/white-chocolate-Powder-Nutrition-18x12.png 18w\" sizes=\"(max-width: 444px) 100vw, 444px\" \/><\/p>\n","protected":false},"excerpt":{"rendered":"<p>Barico Beyaz \u00c7ikolatal\u0131 \u0130\u00e7ecek Tozunun l\u00fcks tatl\u0131l\u0131\u011f\u0131n\u0131n tad\u0131n\u0131 \u00e7\u0131kar\u0131n &#8211; m\u00fckemmel bir \u015fekilde haz\u0131rlanm\u0131\u015f kadifemsi bir kar\u0131\u015f\u0131m, s\u0131radan i\u00e7eceklerinizi zengin ve kremal\u0131 bir lezzete d\u00f6n\u00fc\u015ft\u00fcren, muhte\u015fem bir deneyim yarat\u0131yor. Beyaz \u00e7ikolatan\u0131n yumu\u015fak ve enfes aromas\u0131na kendinizi kapt\u0131r\u0131n ve i\u00e7ecek anlar\u0131n\u0131z\u0131 yeni bir \u015f\u0131martma seviyesine ta\u015f\u0131y\u0131n.<\/p>\n<table width=\"309\">\n<tbody>\n<tr>\n<td width=\"147\">Net Weight<\/td>\n<td width=\"162\">900 gr.<\/td>\n<\/tr>\n<tr>\n<td>Pieces \/ carton<\/td>\n<td>12<\/td>\n<\/tr>\n<tr>\n<td>Carton \/ Pallet<\/td>\n<td>80<\/td>\n<\/tr>\n<tr>\n<td>Carton \/ 20 ft<\/td>\n<td>880<\/td>\n<\/tr>\n<tr>\n<td>Carton \/ 40 ft<\/td>\n<td>1920<\/td>\n<\/tr>\n<tr>\n<td>Shelf Life<\/td>\n<td>2 years<\/td>\n<\/tr>\n<tr>\n<td>Languages<\/td>\n<td>English, Turkish, Arabic<\/td>\n<\/tr>\n<\/tbody>\n<\/table>\n","protected":false},"featured_media":2267,"comment_status":"closed","ping_status":"closed","template":"","meta":[],"product_brand":[],"product_cat":[490],"product_tag":[429,498,431,503,504,501,280,505],"class_list":{"0":"post-7036","1":"product","2":"type-product","3":"status-publish","4":"has-post-thumbnail","6":"product_cat-icecek-tozlari","7":"product_tag-artisanal-beverage-mix-tr","8":"product_tag-barico-powder-tr","9":"product_tag-beverage-enhancement-tr","10":"product_tag-creative-cooking-with-white-chocolate-tr","11":"product_tag-decadent-flavor-tr","12":"product_tag-gourmet-culinary-ingredient-tr","13":"product_tag-guilt-free-indulgence-tr","14":"product_tag-white-chocolate-beverage-powder-tr","16":"first","17":"instock","18":"shipping-taxable","19":"product-type-simple"},"_links":{"self":[{"href":"https:\/\/inovexfoods.com\/tr\/wp-json\/wp\/v2\/product\/7036","targetHints":{"allow":["GET"]}}],"collection":[{"href":"https:\/\/inovexfoods.com\/tr\/wp-json\/wp\/v2\/product"}],"about":[{"href":"https:\/\/inovexfoods.com\/tr\/wp-json\/wp\/v2\/types\/product"}],"replies":[{"embeddable":true,"href":"https:\/\/inovexfoods.com\/tr\/wp-json\/wp\/v2\/comments?post=7036"}],"wp:featuredmedia":[{"embeddable":true,"href":"https:\/\/inovexfoods.com\/tr\/wp-json\/wp\/v2\/media\/2267"}],"wp:attachment":[{"href":"https:\/\/inovexfoods.com\/tr\/wp-json\/wp\/v2\/media?parent=7036"}],"wp:term":[{"taxonomy":"product_brand","embeddable":true,"href":"https:\/\/inovexfoods.com\/tr\/wp-json\/wp\/v2\/product_brand?post=7036"},{"taxonomy":"product_cat","embeddable":true,"href":"https:\/\/inovexfoods.com\/tr\/wp-json\/wp\/v2\/product_cat?post=7036"},{"taxonomy":"product_tag","embeddable":true,"href":"https:\/\/inovexfoods.com\/tr\/wp-json\/wp\/v2\/product_tag?post=7036"}],"curies":[{"name":"wp","href":"https:\/\/api.w.org\/{rel}","templated":true}]}}