{"id":7022,"date":"2024-06-27T18:15:31","date_gmt":"2024-06-27T18:15:31","guid":{"rendered":"https:\/\/www.inovexfoods.com\/urun\/mastic-flavored-coffee-creamer\/"},"modified":"2025-08-07T12:18:35","modified_gmt":"2025-08-07T12:18:35","slug":"barico-damla-sakizi-aromali-kahve-kremasi","status":"publish","type":"product","link":"https:\/\/inovexfoods.com\/tr\/urun\/barico-damla-sakizi-aromali-kahve-kremasi\/","title":{"rendered":"Barico Damla Sak\u0131z\u0131 Aromal\u0131 Kahve Kremas\u0131"},"content":{"rendered":"<p>Barico Damla Sak\u0131z\u0131 Aromal\u0131 Kahve Kremas\u0131, benzersiz ve aromatik sak\u0131z aromas\u0131yla kahve rutininize egzotik bir dokunu\u015f kat\u0131yor. Tatl\u0131, hafif \u00e7am aromal\u0131 tad\u0131yla bilinen sak\u0131z, kahvenizin zengin derinli\u011fiyle m\u00fckemmel bir uyum sa\u011flayan \u00f6zg\u00fcn ve ferahlat\u0131c\u0131 bir \u00f6z kat\u0131yor. Bu kremsi ve yumu\u015fak krema, en sevdi\u011finiz s\u0131cak veya buzlu kahveye zahmetsizce kar\u0131\u015farak l\u00fcks bir doku ve incelikli ama ilgi \u00e7ekici bir lezzet profili sunuyor. Yeni tatlar ke\u015ffetmek isteyenler i\u00e7in m\u00fckemmel olan Barico Damla Sak\u0131z\u0131 Aromal\u0131 Kahve Kremas\u0131, her fincan\u0131 keyifli ve lezzetli bir deneyime d\u00f6n\u00fc\u015ft\u00fcrerek macerac\u0131 kahve severler i\u00e7in ideal bir se\u00e7im.<\/p>\n","protected":false},"excerpt":{"rendered":"<p>Barico Mastic Flavored Coffee Creamer brings an exotic twist to your coffee routine with its unique and aromatic mastic flavor.<\/p>\n","protected":false},"featured_media":2811,"comment_status":"closed","ping_status":"closed","template":"","meta":[],"product_brand":[],"product_cat":[493],"product_tag":[],"class_list":{"0":"post-7022","1":"product","2":"type-product","3":"status-publish","4":"has-post-thumbnail","6":"product_cat-kahve-kremalari","8":"first","9":"instock","10":"shipping-taxable","11":"product-type-simple"},"_links":{"self":[{"href":"https:\/\/inovexfoods.com\/tr\/wp-json\/wp\/v2\/product\/7022","targetHints":{"allow":["GET"]}}],"collection":[{"href":"https:\/\/inovexfoods.com\/tr\/wp-json\/wp\/v2\/product"}],"about":[{"href":"https:\/\/inovexfoods.com\/tr\/wp-json\/wp\/v2\/types\/product"}],"replies":[{"embeddable":true,"href":"https:\/\/inovexfoods.com\/tr\/wp-json\/wp\/v2\/comments?post=7022"}],"wp:featuredmedia":[{"embeddable":true,"href":"https:\/\/inovexfoods.com\/tr\/wp-json\/wp\/v2\/media\/2811"}],"wp:attachment":[{"href":"https:\/\/inovexfoods.com\/tr\/wp-json\/wp\/v2\/media?parent=7022"}],"wp:term":[{"taxonomy":"product_brand","embeddable":true,"href":"https:\/\/inovexfoods.com\/tr\/wp-json\/wp\/v2\/product_brand?post=7022"},{"taxonomy":"product_cat","embeddable":true,"href":"https:\/\/inovexfoods.com\/tr\/wp-json\/wp\/v2\/product_cat?post=7022"},{"taxonomy":"product_tag","embeddable":true,"href":"https:\/\/inovexfoods.com\/tr\/wp-json\/wp\/v2\/product_tag?post=7022"}],"curies":[{"name":"wp","href":"https:\/\/api.w.org\/{rel}","templated":true}]}}