{"id":7020,"date":"2024-06-27T11:03:54","date_gmt":"2024-06-27T11:03:54","guid":{"rendered":"https:\/\/www.inovexfoods.com\/urun\/coffee-creamer\/"},"modified":"2025-08-07T12:14:19","modified_gmt":"2025-08-07T12:14:19","slug":"standart-kahve-kremasi","status":"publish","type":"product","link":"https:\/\/inovexfoods.com\/tr\/urun\/standart-kahve-kremasi\/","title":{"rendered":"Barico Standart Kahve Kremas\u0131"},"content":{"rendered":"<p>Barico S\u00fctl\u00fc Krema Aromal\u0131 Kahve Kremas\u0131, kahvenize taze s\u00fct kremas\u0131n\u0131n zengin ve yumu\u015fak tad\u0131n\u0131 katarak her fincana enfes bir lezzet dokunu\u015fu katar. Kremsi dokusu ve hafif tatl\u0131 aromas\u0131yla, hem tan\u0131d\u0131k hem de doyurucu, rahatlat\u0131c\u0131 ve kadifemsi bir dokunu\u015f katar. Kahvelerinde klasik, s\u00fctl\u00fc bir lezzet tercih edenler i\u00e7in ideal olan Barico S\u00fctl\u00fc Krema Aromal\u0131 Kahve Kremas\u0131, s\u0131cak veya buzlu i\u00e7eceklere zahmetsizce kar\u0131\u015farak kahvenizin g\u00fc\u00e7l\u00fc aromas\u0131n\u0131 tamamlayan keyifli bir denge yarat\u0131r. G\u00fcnl\u00fck kahve rit\u00fcelinize m\u00fckemmel bir katk\u0131 sa\u011flayacak bu \u00fcr\u00fcnle kendinize kremal\u0131 ve zengin bir deneyim \u0131smarlay\u0131n.<\/p>\n","protected":false},"excerpt":{"rendered":"<p>Barico Milk Cream Flavored Coffee Creamer brings the rich, smooth taste of fresh milk cream to your coffee, adding a perfect touch of indulgence to every cup.<\/p>\n","protected":false},"featured_media":2803,"comment_status":"closed","ping_status":"closed","template":"","meta":[],"product_brand":[],"product_cat":[493],"product_tag":[],"class_list":{"0":"post-7020","1":"product","2":"type-product","3":"status-publish","4":"has-post-thumbnail","6":"product_cat-kahve-kremalari","8":"first","9":"instock","10":"shipping-taxable","11":"product-type-simple"},"_links":{"self":[{"href":"https:\/\/inovexfoods.com\/tr\/wp-json\/wp\/v2\/product\/7020","targetHints":{"allow":["GET"]}}],"collection":[{"href":"https:\/\/inovexfoods.com\/tr\/wp-json\/wp\/v2\/product"}],"about":[{"href":"https:\/\/inovexfoods.com\/tr\/wp-json\/wp\/v2\/types\/product"}],"replies":[{"embeddable":true,"href":"https:\/\/inovexfoods.com\/tr\/wp-json\/wp\/v2\/comments?post=7020"}],"wp:featuredmedia":[{"embeddable":true,"href":"https:\/\/inovexfoods.com\/tr\/wp-json\/wp\/v2\/media\/2803"}],"wp:attachment":[{"href":"https:\/\/inovexfoods.com\/tr\/wp-json\/wp\/v2\/media?parent=7020"}],"wp:term":[{"taxonomy":"product_brand","embeddable":true,"href":"https:\/\/inovexfoods.com\/tr\/wp-json\/wp\/v2\/product_brand?post=7020"},{"taxonomy":"product_cat","embeddable":true,"href":"https:\/\/inovexfoods.com\/tr\/wp-json\/wp\/v2\/product_cat?post=7020"},{"taxonomy":"product_tag","embeddable":true,"href":"https:\/\/inovexfoods.com\/tr\/wp-json\/wp\/v2\/product_tag?post=7020"}],"curies":[{"name":"wp","href":"https:\/\/api.w.org\/{rel}","templated":true}]}}