{"id":7019,"date":"2024-06-27T18:12:22","date_gmt":"2024-06-27T18:12:22","guid":{"rendered":"https:\/\/www.inovexfoods.com\/urun\/orange-flavored-coffee-creamer\/"},"modified":"2025-08-07T12:10:09","modified_gmt":"2025-08-07T12:10:09","slug":"portakal-aromali-kahve-kremasi","status":"publish","type":"product","link":"https:\/\/inovexfoods.com\/tr\/urun\/portakal-aromali-kahve-kremasi\/","title":{"rendered":"Barico Portakal Aromal\u0131 Kahve Kremas\u0131"},"content":{"rendered":"<p>Barico Portakal Aromal\u0131 Kahve Kremas\u0131, g\u00fcnl\u00fck kahvenize ferahlat\u0131c\u0131 ve canl\u0131 bir dokunu\u015f katar. Canl\u0131, narenciye aromal\u0131 bu krema, kahvenizin zengin ve cesur tad\u0131n\u0131 m\u00fckemmel bir \u015fekilde tamamlayarak yumu\u015fak, tatl\u0131 ve keskin bir biti\u015f katar. \u0130ster s\u0131cak bir fincan kahvede ister buzlu olarak t\u00fcketin, Barico Portakal Aromal\u0131 Kahve Kremas\u0131, her yudumda narenciye aromas\u0131n\u0131n canl\u0131l\u0131\u011f\u0131n\u0131 ortaya \u00e7\u0131karmak i\u00e7in zahmetsizce harmanlan\u0131r. \u0130\u00e7eceklerine meyvemsi ve canland\u0131r\u0131c\u0131 bir dokunu\u015f katmay\u0131 sevenler i\u00e7in ideal olan bu krema, kahvenizi lezzetli ve ferahlat\u0131c\u0131 bir tada d\u00f6n\u00fc\u015ft\u00fcrmenin keyifli bir yoludur.<\/p>\n","protected":false},"excerpt":{"rendered":"<p>Barico Orange Flavored Coffee Creamer offers a refreshing and vibrant twist to your daily coffee<\/p>\n","protected":false},"featured_media":2807,"comment_status":"closed","ping_status":"closed","template":"","meta":[],"product_brand":[],"product_cat":[493],"product_tag":[],"class_list":{"0":"post-7019","1":"product","2":"type-product","3":"status-publish","4":"has-post-thumbnail","6":"product_cat-kahve-kremalari","8":"first","9":"instock","10":"shipping-taxable","11":"product-type-simple"},"_links":{"self":[{"href":"https:\/\/inovexfoods.com\/tr\/wp-json\/wp\/v2\/product\/7019","targetHints":{"allow":["GET"]}}],"collection":[{"href":"https:\/\/inovexfoods.com\/tr\/wp-json\/wp\/v2\/product"}],"about":[{"href":"https:\/\/inovexfoods.com\/tr\/wp-json\/wp\/v2\/types\/product"}],"replies":[{"embeddable":true,"href":"https:\/\/inovexfoods.com\/tr\/wp-json\/wp\/v2\/comments?post=7019"}],"wp:featuredmedia":[{"embeddable":true,"href":"https:\/\/inovexfoods.com\/tr\/wp-json\/wp\/v2\/media\/2807"}],"wp:attachment":[{"href":"https:\/\/inovexfoods.com\/tr\/wp-json\/wp\/v2\/media?parent=7019"}],"wp:term":[{"taxonomy":"product_brand","embeddable":true,"href":"https:\/\/inovexfoods.com\/tr\/wp-json\/wp\/v2\/product_brand?post=7019"},{"taxonomy":"product_cat","embeddable":true,"href":"https:\/\/inovexfoods.com\/tr\/wp-json\/wp\/v2\/product_cat?post=7019"},{"taxonomy":"product_tag","embeddable":true,"href":"https:\/\/inovexfoods.com\/tr\/wp-json\/wp\/v2\/product_tag?post=7019"}],"curies":[{"name":"wp","href":"https:\/\/api.w.org\/{rel}","templated":true}]}}