{"id":7016,"date":"2024-06-27T18:13:38","date_gmt":"2024-06-27T18:13:38","guid":{"rendered":"https:\/\/www.inovexfoods.com\/urun\/hazelnut-flavored-coffee-creamer\/"},"modified":"2025-08-07T12:06:26","modified_gmt":"2025-08-07T12:06:26","slug":"findik-aromali-kahve-kremasi","status":"publish","type":"product","link":"https:\/\/inovexfoods.com\/tr\/urun\/findik-aromali-kahve-kremasi\/","title":{"rendered":"F\u0131nd\u0131k Aromal\u0131 Kahve Kremas\u0131"},"content":{"rendered":"<p>Barico F\u0131nd\u0131k Aromal\u0131 Kahve Kremas\u0131, kahvenize s\u0131cak ve f\u0131nd\u0131ks\u0131 bir tatl\u0131l\u0131k katarak, yumu\u015fak kremams\u0131l\u0131k ve zengin f\u0131nd\u0131k aromas\u0131n\u0131n m\u00fckemmel dengesini yarat\u0131r. Kadifemsi dokusu her yudumun tad\u0131n\u0131 zenginle\u015ftirir ve s\u0131radan kahvenizi l\u00fcks bir ikrama d\u00f6n\u00fc\u015ft\u00fcr\u00fcr. \u0130ster sabah demlemenizde ister \u00f6\u011fleden sonra keyfinizde, Barico F\u0131nd\u0131k Aromal\u0131 Kahve Kremas\u0131, i\u00e7ece\u011finize kahvenizin cesur tad\u0131n\u0131 tamamlayan rahatlat\u0131c\u0131, hafif tatl\u0131 ve f\u0131nd\u0131ks\u0131 bir \u00f6z katar. Kremsi ve f\u0131nd\u0131ks\u0131 bir dokunu\u015f arayanlar i\u00e7in m\u00fckemmel olan bu krema, kahve deneyiminizi zenginle\u015ftirmek i\u00e7in ideal bir se\u00e7enektir.<\/p>\n","protected":false},"excerpt":{"rendered":"<p>Barico Hazelnut Flavored Coffee Creamer adds a warm, nutty sweetness to your coffee, creating the perfect balance of smooth creaminess and rich hazelnut flavor.<\/p>\n","protected":false},"featured_media":2799,"comment_status":"closed","ping_status":"closed","template":"","meta":[],"product_brand":[],"product_cat":[493],"product_tag":[],"class_list":{"0":"post-7016","1":"product","2":"type-product","3":"status-publish","4":"has-post-thumbnail","6":"product_cat-kahve-kremalari","8":"first","9":"instock","10":"shipping-taxable","11":"product-type-simple"},"_links":{"self":[{"href":"https:\/\/inovexfoods.com\/tr\/wp-json\/wp\/v2\/product\/7016","targetHints":{"allow":["GET"]}}],"collection":[{"href":"https:\/\/inovexfoods.com\/tr\/wp-json\/wp\/v2\/product"}],"about":[{"href":"https:\/\/inovexfoods.com\/tr\/wp-json\/wp\/v2\/types\/product"}],"replies":[{"embeddable":true,"href":"https:\/\/inovexfoods.com\/tr\/wp-json\/wp\/v2\/comments?post=7016"}],"wp:featuredmedia":[{"embeddable":true,"href":"https:\/\/inovexfoods.com\/tr\/wp-json\/wp\/v2\/media\/2799"}],"wp:attachment":[{"href":"https:\/\/inovexfoods.com\/tr\/wp-json\/wp\/v2\/media?parent=7016"}],"wp:term":[{"taxonomy":"product_brand","embeddable":true,"href":"https:\/\/inovexfoods.com\/tr\/wp-json\/wp\/v2\/product_brand?post=7016"},{"taxonomy":"product_cat","embeddable":true,"href":"https:\/\/inovexfoods.com\/tr\/wp-json\/wp\/v2\/product_cat?post=7016"},{"taxonomy":"product_tag","embeddable":true,"href":"https:\/\/inovexfoods.com\/tr\/wp-json\/wp\/v2\/product_tag?post=7016"}],"curies":[{"name":"wp","href":"https:\/\/api.w.org\/{rel}","templated":true}]}}