{"id":7007,"date":"2024-07-13T14:12:05","date_gmt":"2024-07-13T14:12:05","guid":{"rendered":"https:\/\/www.inovexfoods.com\/urun\/fineday-berry-mix\/"},"modified":"2025-08-07T11:43:50","modified_gmt":"2025-08-07T11:43:50","slug":"fineday-berry-mix","status":"publish","type":"product","link":"https:\/\/inovexfoods.com\/tr\/urun\/fineday-berry-mix\/","title":{"rendered":"Fineday Berry Kar\u0131\u015f\u0131m\u0131"},"content":{"rendered":"<p>Fineday Marka Meyveli Diyet Kar\u0131\u015f\u0131m\u0131<br \/>\nMeyvelerin G\u00fcc\u00fcn\u00fc Ke\u015ffedin<\/p>\n<p>Fineday Marka Meyveli Diyet Kar\u0131\u015f\u0131m\u0131 ile daha sa\u011fl\u0131kl\u0131 ve daha canl\u0131 bir bedenin s\u0131rr\u0131n\u0131 ke\u015ffedin. Birinci s\u0131n\u0131f kar\u0131\u015f\u0131m\u0131m\u0131z, sa\u011fl\u0131kl\u0131 ya\u015fam yolculu\u011funuzu desteklemek ve beslenme hedeflerinize ula\u015fman\u0131za yard\u0131mc\u0131 olmak i\u00e7in \u00f6zenle se\u00e7ilmi\u015f, besin a\u00e7\u0131s\u0131ndan zengin meyvelerin en iyilerinden \u00fcretilmi\u015ftir.<\/p>\n<p>Besin De\u011feri Y\u00fcksek: Vitaminler, antioksidanlar ve liflerle dolu Meyveli Diyet Kar\u0131\u015f\u0131m\u0131m\u0131z, g\u00fcn boyunca enerjik ve tok kalman\u0131z i\u00e7in gerekli besinleri sa\u011flar.<br \/>\nDo\u011fal \u0130\u00e7erikler: S\u00fcrd\u00fcr\u00fclebilir uygulamalara kendini adam\u0131\u015f g\u00fcvenilir \u00e7iftliklerden temin edilen lezzetli bir \u00e7ilek, yaban mersini, ahududu ve b\u00f6\u011f\u00fcrtlen kar\u0131\u015f\u0131m\u0131ndan yap\u0131lm\u0131\u015ft\u0131r.<br \/>\nKilo Y\u00f6netimi: Kar\u0131\u015f\u0131m\u0131m\u0131z, tokluk hissini art\u0131rarak ve i\u015ftah\u0131 azaltarak sa\u011fl\u0131kl\u0131 kilo y\u00f6netimini desteklemek i\u00e7in \u00f6zel olarak form\u00fcle edilmi\u015ftir ve diyet plan\u0131n\u0131za ba\u011fl\u0131 kalman\u0131z\u0131 kolayla\u015ft\u0131r\u0131r.<br \/>\nBa\u011f\u0131\u015f\u0131kl\u0131k Deste\u011fi: Antioksidanlar a\u00e7\u0131s\u0131ndan zengin olan bu kar\u0131\u015f\u0131m, ba\u011f\u0131\u015f\u0131kl\u0131k sisteminizi g\u00fc\u00e7lendirmeye, v\u00fccudunuzu serbest radikallerden korumaya ve genel sa\u011fl\u0131\u011f\u0131 desteklemeye yard\u0131mc\u0131 olur. Kullan\u0131m\u0131 Kolay: En sevdi\u011finiz smoothie, yo\u011furt veya kahvalt\u0131 kasesine bir \u00f6l\u00e7ek ekleyerek bol meyveli bir lezzet patlamas\u0131 ya\u015fay\u0131n. G\u00fcnl\u00fck beslenmenizi geli\u015ftirmenin pratik ve lezzetli bir yoludur.<\/p>\n<p>Neden Fineday&#8217;i Se\u00e7melisiniz?<\/p>\n<p>Fineday olarak, sa\u011fl\u0131\u011f\u0131n\u0131z\u0131 d\u00f6n\u00fc\u015ft\u00fcrmek i\u00e7in do\u011fal i\u00e7eriklerin g\u00fcc\u00fcne inan\u0131yoruz. Meyveli Diyet Kar\u0131\u015f\u0131m\u0131m\u0131z yapay katk\u0131 maddeleri, koruyucu maddeler ve tatland\u0131r\u0131c\u0131lar i\u00e7ermez, b\u00f6ylece do\u011fan\u0131n sundu\u011fu en iyiyi elde edersiniz. \u0130ster birka\u00e7 kilo vermek, ister ba\u011f\u0131\u015f\u0131kl\u0131k sisteminizi g\u00fc\u00e7lendirmek, ister sadece lezzetli ve besleyici bir at\u0131\u015ft\u0131rmal\u0131k yemek isteyin, Fineday Markal\u0131 Meyveli Diyet Kar\u0131\u015f\u0131m\u0131 sizin i\u00e7in m\u00fckemmel bir e\u015flik\u00e7idir.<\/p>\n<p>Fark\u0131 Tad\u0131n<\/p>\n<p>Meyveli Diyet Kar\u0131\u015f\u0131m\u0131m\u0131z\u0131n canl\u0131 ve ferahlat\u0131c\u0131 tad\u0131n\u0131n tad\u0131n\u0131 \u00e7\u0131kar\u0131n ve her g\u00fcn\u00fc G\u00fczel Bir G\u00fcne d\u00f6n\u00fc\u015ft\u00fcr\u00fcn. Bug\u00fcn deneyin ve kalite ve \u00f6zenin beslenmenizde ve ya\u015fam tarz\u0131n\u0131zda yaratabilece\u011fi fark\u0131 deneyimleyin.<\/p>\n","protected":false},"excerpt":{"rendered":"<p>Fineday Marka Meyveli Diyet Kar\u0131\u015f\u0131m\u0131 Meyvelerin G\u00fcc\u00fcn\u00fc Ke\u015ffedin Fineday Marka Meyveli Diyet Kar\u0131\u015f\u0131m\u0131 ile daha sa\u011fl\u0131kl\u0131 ve daha canl\u0131 bir<\/p>\n","protected":false},"featured_media":2623,"comment_status":"closed","ping_status":"closed","template":"","meta":[],"product_brand":[],"product_cat":[494],"product_tag":[],"class_list":{"0":"post-7007","1":"product","2":"type-product","3":"status-publish","4":"has-post-thumbnail","6":"product_cat-fit-urunler","8":"first","9":"instock","10":"shipping-taxable","11":"product-type-simple"},"_links":{"self":[{"href":"https:\/\/inovexfoods.com\/tr\/wp-json\/wp\/v2\/product\/7007","targetHints":{"allow":["GET"]}}],"collection":[{"href":"https:\/\/inovexfoods.com\/tr\/wp-json\/wp\/v2\/product"}],"about":[{"href":"https:\/\/inovexfoods.com\/tr\/wp-json\/wp\/v2\/types\/product"}],"replies":[{"embeddable":true,"href":"https:\/\/inovexfoods.com\/tr\/wp-json\/wp\/v2\/comments?post=7007"}],"wp:featuredmedia":[{"embeddable":true,"href":"https:\/\/inovexfoods.com\/tr\/wp-json\/wp\/v2\/media\/2623"}],"wp:attachment":[{"href":"https:\/\/inovexfoods.com\/tr\/wp-json\/wp\/v2\/media?parent=7007"}],"wp:term":[{"taxonomy":"product_brand","embeddable":true,"href":"https:\/\/inovexfoods.com\/tr\/wp-json\/wp\/v2\/product_brand?post=7007"},{"taxonomy":"product_cat","embeddable":true,"href":"https:\/\/inovexfoods.com\/tr\/wp-json\/wp\/v2\/product_cat?post=7007"},{"taxonomy":"product_tag","embeddable":true,"href":"https:\/\/inovexfoods.com\/tr\/wp-json\/wp\/v2\/product_tag?post=7007"}],"curies":[{"name":"wp","href":"https:\/\/api.w.org\/{rel}","templated":true}]}}