{"id":6872,"date":"2024-01-09T18:02:53","date_gmt":"2024-01-09T18:02:53","guid":{"rendered":"https:\/\/www.inovexfoods.com\/products\/barico-blue-curacao-flavored-syrup\/"},"modified":"2025-08-07T10:23:54","modified_gmt":"2025-08-07T10:23:54","slug":"barico-blue-curacao-aromali-surup","status":"publish","type":"product","link":"https:\/\/inovexfoods.com\/tr\/urun\/barico-blue-curacao-aromali-surup\/","title":{"rendered":"Barico Blue Curacao Aromal\u0131 \u015eurup"},"content":{"rendered":"<p>Barico Blue Cura\u00e7ao Aromal\u0131 \u015eurup<\/p>\n<p>Barico Blue Cura\u00e7ao Aromal\u0131 \u015eurup \u2013 klasik mavi lik\u00f6r\u00fcn \u00f6z\u00fcn\u00fc yakalayan, canl\u0131 ve egzotik bir kar\u0131\u015f\u0131m. Mutfak kreasyonlar\u0131n\u0131za tropikal bir dokunu\u015f kat\u0131yor. \u00d6zenle haz\u0131rlanan bu \u015furup, cesur narenciye notalar\u0131 ve canl\u0131 mavi rengiyle en sevdi\u011finiz i\u00e7ecek ve kokteyllere lezzet kat\u0131yor.<\/p>\n<p>Tropikal Narenciye Deneyimi: Klasik mavi lik\u00f6r\u00fcn cesur ve egzotik \u00f6z\u00fcyle mutfak kreasyonlar\u0131n\u0131z\u0131 zenginle\u015ftirin ve s\u0131radan anlar\u0131 s\u0131ra d\u0131\u015f\u0131 kokteyl maceralar\u0131na d\u00f6n\u00fc\u015ft\u00fcr\u00fcn.<\/p>\n<p>\u00c7ok Y\u00f6nl\u00fc Miksoloji Harikas\u0131: G\u00f6z kama\u015ft\u0131r\u0131c\u0131 kokteyllerden yarat\u0131c\u0131 mutfak lezzetlerine kadar, Barico Blue Cura\u00e7ao \u015eurubu, \u00e7ok y\u00f6nl\u00fcl\u00fck i\u00e7in miksoloji ilham kayna\u011f\u0131n\u0131z. Kokteyllere kar\u0131\u015ft\u0131r\u0131n, canl\u0131 alkols\u00fcz kokteyller haz\u0131rlay\u0131n veya egzotik bir dokunu\u015f i\u00e7in tatl\u0131lar\u0131n \u00fczerine gezdirin; olas\u0131l\u0131klar sonsuz.<\/p>\n<p>Do\u011fal Lezzet, Taviz Yok: Barico, y\u00fcksek fruktozlu m\u0131s\u0131r \u015furubu i\u00e7ermeyen otantik Blue Cura\u00e7ao lezzetini sunmaya kendini adam\u0131\u015ft\u0131r. Blue Cura\u00e7ao Aromal\u0131 \u015eurubumuz, klasik lik\u00f6r\u00fcn tropikal ve narenciye \u00f6z\u00fcn\u00fcn saf ve su\u00e7luluk duymadan tad\u0131n\u0131 \u00e7\u0131karman\u0131z\u0131 sa\u011flar.<\/p>\n<p>Yarat\u0131c\u0131 Mutfak Ke\u015ffi: Barico Blue Cura\u00e7ao \u015eurubu ile miksoloji hayal g\u00fcc\u00fcn\u00fcz\u00fc harekete ge\u00e7irin. Tropikal esintili i\u00e7ecekler haz\u0131rlay\u0131n, egzotik lezzetlerle pastalar\u0131n\u0131z\u0131 zenginle\u015ftirin veya yenilik\u00e7i kokteyller deneyin; bu canl\u0131 ve lezzetli \u015furupla yarat\u0131c\u0131l\u0131\u011f\u0131n\u0131z\u0131 mutfakta \u00f6zg\u00fcr b\u0131rak\u0131n.<\/p>\n<p>Mutfak Deneyiminizi Zenginle\u015ftirin: Barico Blue Cura\u00e7ao Aromal\u0131 \u015eurup ile mutfa\u011f\u0131n\u0131z\u0131 tropikal bir vahaya d\u00f6n\u00fc\u015ft\u00fcr\u00fcn. Klasik mavi lik\u00f6r\u00fcn saf ve otantik tad\u0131n\u0131 deneyimlemek ve her damlas\u0131n\u0131n mutfak kreasyonlar\u0131n\u0131za egzotik bir dokunu\u015f katmas\u0131n\u0131 sa\u011flamak i\u00e7in hemen sipari\u015f verin. Bug\u00fcn Barico Blue Cura\u00e7ao \u015eurubu ile lezzetinizi zenginle\u015ftirin!<\/p>\n<h3><img fetchpriority=\"high\" decoding=\"async\" class=\"alignnone wp-image-552 size-full\" style=\"color: #333333; font-size: 16px;\" src=\"https:\/\/inovexfoods.com\/wp-content\/uploads\/2024\/01\/COFFEE-nutrition-table.png\" alt=\"\" width=\"504\" height=\"768\" srcset=\"https:\/\/inovexfoods.com\/wp-content\/uploads\/2024\/01\/COFFEE-nutrition-table.png 504w, https:\/\/inovexfoods.com\/wp-content\/uploads\/2024\/01\/COFFEE-nutrition-table-300x457.png 300w, https:\/\/inovexfoods.com\/wp-content\/uploads\/2024\/01\/COFFEE-nutrition-table-150x229.png 150w, https:\/\/inovexfoods.com\/wp-content\/uploads\/2024\/01\/COFFEE-nutrition-table-197x300.png 197w, https:\/\/inovexfoods.com\/wp-content\/uploads\/2024\/01\/COFFEE-nutrition-table-8x12.png 8w\" sizes=\"(max-width: 504px) 100vw, 504px\" \/><\/h3>\n","protected":false},"excerpt":{"rendered":"<p>Barico Blue Cura\u00e7ao Aromal\u0131 \u015eurup \u2013 klasik mavi lik\u00f6r\u00fcn \u00f6z\u00fcn\u00fc yakalayan, canl\u0131 ve egzotik bir kar\u0131\u015f\u0131m. Mutfak kreasyonlar\u0131n\u0131za tropikal bir dokunu\u015f kat\u0131yor. \u00d6zenle haz\u0131rlanan bu \u015furup, cesur narenciye notalar\u0131 ve canl\u0131 mavi rengiyle en sevdi\u011finiz i\u00e7ecek ve kokteyllere lezzet kat\u0131yor.<\/p>\n","protected":false},"featured_media":2467,"comment_status":"closed","ping_status":"closed","template":"","meta":[],"product_brand":[],"product_cat":[486],"product_tag":[275,276,421,348,422,350,280,352],"class_list":{"0":"post-6872","1":"product","2":"type-product","3":"status-publish","4":"has-post-thumbnail","6":"product_cat-aromali-suruplar","7":"product_tag-artisanal-syrup-tr","8":"product_tag-barico-syrup-tr","9":"product_tag-blue-curacao-flavored-syrup-tr","10":"product_tag-cocktail-enhancement-tr","11":"product_tag-creative-mixing-with-blue-curacao-tr","12":"product_tag-exotic-culinary-ingredient-tr","13":"product_tag-guilt-free-indulgence-tr","14":"product_tag-tropical-syrup-tr","16":"first","17":"instock","18":"shipping-taxable","19":"product-type-simple"},"_links":{"self":[{"href":"https:\/\/inovexfoods.com\/tr\/wp-json\/wp\/v2\/product\/6872","targetHints":{"allow":["GET"]}}],"collection":[{"href":"https:\/\/inovexfoods.com\/tr\/wp-json\/wp\/v2\/product"}],"about":[{"href":"https:\/\/inovexfoods.com\/tr\/wp-json\/wp\/v2\/types\/product"}],"replies":[{"embeddable":true,"href":"https:\/\/inovexfoods.com\/tr\/wp-json\/wp\/v2\/comments?post=6872"}],"wp:featuredmedia":[{"embeddable":true,"href":"https:\/\/inovexfoods.com\/tr\/wp-json\/wp\/v2\/media\/2467"}],"wp:attachment":[{"href":"https:\/\/inovexfoods.com\/tr\/wp-json\/wp\/v2\/media?parent=6872"}],"wp:term":[{"taxonomy":"product_brand","embeddable":true,"href":"https:\/\/inovexfoods.com\/tr\/wp-json\/wp\/v2\/product_brand?post=6872"},{"taxonomy":"product_cat","embeddable":true,"href":"https:\/\/inovexfoods.com\/tr\/wp-json\/wp\/v2\/product_cat?post=6872"},{"taxonomy":"product_tag","embeddable":true,"href":"https:\/\/inovexfoods.com\/tr\/wp-json\/wp\/v2\/product_tag?post=6872"}],"curies":[{"name":"wp","href":"https:\/\/api.w.org\/{rel}","templated":true}]}}