{"id":6871,"date":"2024-07-12T15:58:55","date_gmt":"2024-07-12T15:58:55","guid":{"rendered":"https:\/\/www.inovexfoods.com\/products\/barico-pineapple-fruit-puree-mix\/"},"modified":"2025-08-07T10:22:03","modified_gmt":"2025-08-07T10:22:03","slug":"barico-ananas-meyve-puresi-karisimi","status":"publish","type":"product","link":"https:\/\/inovexfoods.com\/tr\/urun\/barico-ananas-meyve-puresi-karisimi\/","title":{"rendered":"Barico Ananas Meyve P\u00fcresi Kar\u0131\u015f\u0131m\u0131"},"content":{"rendered":"<p>Barico Ananas Meyve P\u00fcresi Kar\u0131\u015f\u0131m\u0131<\/p>\n<p>Tropikal esintileri Barico Ananas Meyve P\u00fcresi Kar\u0131\u015f\u0131m\u0131 ile ya\u015fay\u0131n: Olgun ananaslar\u0131n sulu lezzetiyle dolu, egzotik ve tatl\u0131 bir dokunu\u015f. Bu enfes p\u00fcre sadece bir malzeme de\u011fil; dondurulmu\u015f i\u00e7eceklerinizi ve tatl\u0131lar\u0131n\u0131z\u0131 can\u0131n\u0131z\u0131n \u00e7ekece\u011fi lezzetlere d\u00f6n\u00fc\u015ft\u00fcrmeye haz\u0131r, adan\u0131n tazeli\u011fiyle dolu bir kar\u0131\u015f\u0131m.<\/p>\n<p>\u0130ster s\u0131cak havalarda serinletici bir ananasl\u0131 buzlu i\u00e7ecek haz\u0131rlay\u0131n, ister kek ve pudinglere keskin bir dokunu\u015f kat\u0131n, bu p\u00fcre canl\u0131 bir lezzet patlamas\u0131 ve her seferinde kusursuz bir \u015fekilde harmanlanan p\u00fcr\u00fczs\u00fcz bir doku sunar. Parlak ve keskin notalar\u0131 damak tad\u0131n\u0131z\u0131 harekete ge\u00e7irecek ve tariflerinize taze ve ne\u015feli bir dokunu\u015f katacak.<\/p>\n<p>Neden Seveceksiniz:<\/p>\n<p>Tatl\u0131 ve ek\u015finin m\u00fckemmel dengesi i\u00e7in ger\u00e7ek ananas lezzetiyle dolu<\/p>\n<p>\u0130peksi p\u00fcr\u00fczs\u00fcz ve kolay kar\u0131\u015f\u0131r &#8211; topaklanmaz, saf tropikal mutluluk<\/p>\n<p>Dondurulmu\u015f i\u00e7ecekler, kokteyller ve ferahlat\u0131c\u0131 meyve \u00e7aylar\u0131 i\u00e7in ideal<\/p>\n<p>Kekleri, pudingleri, muslar\u0131 ve daha fazlas\u0131n\u0131 sulu ve tropikal bir tatla zenginle\u015ftirir<\/p>\n<p>Rahatl\u0131k i\u00e7in uzun raf \u00f6mr\u00fc, b\u00f6ylece tropikleri mutfa\u011f\u0131n\u0131za istedi\u011finiz zaman getirebilirsiniz<\/p>\n<p>Kreasyonlar\u0131n\u0131za ananas\u0131n lezzetini ve g\u00fcne\u015f \u0131\u015f\u0131\u011f\u0131n\u0131 kat\u0131n &#8211; Barico Ananas Meyve P\u00fcresi Kar\u0131\u015f\u0131m\u0131 ile her yudum ve \u0131s\u0131r\u0131k mini bir ka\u00e7amak.<\/p>\n<p>&nbsp;<\/p>\n<p><img fetchpriority=\"high\" decoding=\"async\" class=\"alignnone wp-image-580 size-full\" src=\"https:\/\/inovexfoods.com\/wp-content\/uploads\/2024\/01\/passion-fruit-ingredients.png\" alt=\"\" width=\"509\" height=\"296\" srcset=\"https:\/\/inovexfoods.com\/wp-content\/uploads\/2024\/01\/passion-fruit-ingredients.png 509w, https:\/\/inovexfoods.com\/wp-content\/uploads\/2024\/01\/passion-fruit-ingredients-300x174.png 300w, https:\/\/inovexfoods.com\/wp-content\/uploads\/2024\/01\/passion-fruit-ingredients-150x87.png 150w, https:\/\/inovexfoods.com\/wp-content\/uploads\/2024\/01\/passion-fruit-ingredients-18x10.png 18w\" sizes=\"(max-width: 509px) 100vw, 509px\" \/><\/p>\n","protected":false},"excerpt":{"rendered":"<p>Tropikal esintileri Barico Ananas Meyve P\u00fcresi Kar\u0131\u015f\u0131m\u0131 ile ya\u015fay\u0131n: Olgun ananaslar\u0131n sulu lezzetiyle dolu, egzotik ve tatl\u0131 bir dokunu\u015f. Bu enfes p\u00fcre sadece bir malzeme de\u011fil; dondurulmu\u015f i\u00e7eceklerinizi ve tatl\u0131lar\u0131n\u0131z\u0131 can\u0131n\u0131z\u0131n \u00e7ekece\u011fi lezzetlere d\u00f6n\u00fc\u015ft\u00fcrmeye haz\u0131r, adan\u0131n tazeli\u011fiyle dolu bir kar\u0131\u015f\u0131m.<\/p>\n<table width=\"292\">\n<tbody>\n<tr>\n<td width=\"139\">Net Weight<\/td>\n<td width=\"153\">1000 gr.<\/td>\n<\/tr>\n<tr>\n<td>Pieces \/ carton<\/td>\n<td>6<\/td>\n<\/tr>\n<tr>\n<td>Carton \/ Pallet<\/td>\n<td>80<\/td>\n<\/tr>\n<tr>\n<td>Carton \/ 20 ft<\/td>\n<td>880<\/td>\n<\/tr>\n<tr>\n<td>Carton \/ 40 ft<\/td>\n<td>1920<\/td>\n<\/tr>\n<tr>\n<td>Shelf Life<\/td>\n<td>2 years<\/td>\n<\/tr>\n<tr>\n<td>Languages<\/td>\n<td>English, Turkish, Arabic<\/td>\n<\/tr>\n<\/tbody>\n<\/table>\n","protected":false},"featured_media":2932,"comment_status":"closed","ping_status":"closed","template":"","meta":[],"product_brand":[],"product_cat":[487],"product_tag":[429,430,431,432,350,433,280,437,438,439,436],"class_list":{"0":"post-6871","1":"product","2":"type-product","3":"status-publish","4":"has-post-thumbnail","6":"product_cat-meyve-pureleri","7":"product_tag-artisanal-beverage-mix-tr","8":"product_tag-barico-mix-tr","9":"product_tag-beverage-enhancement-tr","10":"product_tag-creative-cooking-with-mangoes-tr","11":"product_tag-exotic-culinary-ingredient-tr","12":"product_tag-fruit-puree-tr","13":"product_tag-guilt-free-indulgence-tr","14":"product_tag-passion-fruit-beverage-mix-tr","15":"product_tag-pineapple-fruit-beverage-mix-tr","16":"product_tag-pineapple-fruit-puree-mix-tr","17":"product_tag-tropical-flavors-tr","19":"first","20":"instock","21":"shipping-taxable","22":"product-type-simple"},"_links":{"self":[{"href":"https:\/\/inovexfoods.com\/tr\/wp-json\/wp\/v2\/product\/6871","targetHints":{"allow":["GET"]}}],"collection":[{"href":"https:\/\/inovexfoods.com\/tr\/wp-json\/wp\/v2\/product"}],"about":[{"href":"https:\/\/inovexfoods.com\/tr\/wp-json\/wp\/v2\/types\/product"}],"replies":[{"embeddable":true,"href":"https:\/\/inovexfoods.com\/tr\/wp-json\/wp\/v2\/comments?post=6871"}],"wp:featuredmedia":[{"embeddable":true,"href":"https:\/\/inovexfoods.com\/tr\/wp-json\/wp\/v2\/media\/2932"}],"wp:attachment":[{"href":"https:\/\/inovexfoods.com\/tr\/wp-json\/wp\/v2\/media?parent=6871"}],"wp:term":[{"taxonomy":"product_brand","embeddable":true,"href":"https:\/\/inovexfoods.com\/tr\/wp-json\/wp\/v2\/product_brand?post=6871"},{"taxonomy":"product_cat","embeddable":true,"href":"https:\/\/inovexfoods.com\/tr\/wp-json\/wp\/v2\/product_cat?post=6871"},{"taxonomy":"product_tag","embeddable":true,"href":"https:\/\/inovexfoods.com\/tr\/wp-json\/wp\/v2\/product_tag?post=6871"}],"curies":[{"name":"wp","href":"https:\/\/api.w.org\/{rel}","templated":true}]}}