{"id":6867,"date":"2024-07-12T16:03:21","date_gmt":"2024-07-12T16:03:21","guid":{"rendered":"https:\/\/www.inovexfoods.com\/products\/barico-blueberry-fruit-puree-mix\/"},"modified":"2025-08-07T10:22:02","modified_gmt":"2025-08-07T10:22:02","slug":"barico-yaban-mersini-meyve-puresi-karisimi","status":"publish","type":"product","link":"https:\/\/inovexfoods.com\/tr\/urun\/barico-yaban-mersini-meyve-puresi-karisimi\/","title":{"rendered":"Barico Yaban Mersini Meyve P\u00fcresi Kar\u0131\u015f\u0131m\u0131"},"content":{"rendered":"<p>Barico Yaban Mersini Meyve P\u00fcresi Kar\u0131\u015f\u0131m\u0131<\/p>\n<p>Olgun yaban mersininin tatl\u0131 ve keskin aromas\u0131yla dolu Barico Yaban Mersini Meyve P\u00fcresi Kar\u0131\u015f\u0131m\u0131, hem i\u00e7ecekler hem de tatl\u0131lar i\u00e7in m\u00fckemmel, canl\u0131 ve \u00e7ok y\u00f6nl\u00fc bir malzemedir. Bu p\u00fcr\u00fczs\u00fcz ve zengin p\u00fcre, yaban mersininin otantik tad\u0131n\u0131 ve do\u011fal rengini \u00e7ok \u00e7e\u015fitli mutfak tariflerine ta\u015f\u0131r.<\/p>\n<p>Smoothie, buzlu i\u00e7ecek, kokteyl ve bubble tea gibi dondurulmu\u015f i\u00e7ecekler i\u00e7in ideal olan bu kar\u0131\u015f\u0131m, keklere, pudinglere, muslara ve soslara da nefis bir yaban mersini aromas\u0131 katar. P\u00fcr\u00fczs\u00fcz dokusu ve yo\u011fun yaban mersini lezzetiyle Barico Yaban Mersini P\u00fcresi, her tarife do\u011fal meyve tazeli\u011fi katar.<\/p>\n<p>Temel \u00d6zellikler:<\/p>\n<p>Ger\u00e7ek yaban mersininden \u00fcretilmi\u015ftir ve ger\u00e7ek bir lezzet sunar.<\/p>\n<p>\u0130\u00e7eceklerde ve hamur i\u015flerinde kolay kullan\u0131m i\u00e7in p\u00fcr\u00fczs\u00fcz, d\u00f6k\u00fclebilir k\u0131vamdad\u0131r.<\/p>\n<p>Dondurulmu\u015f i\u00e7ecekler, kokteyller ve meyve \u00e7aylar\u0131 i\u00e7in m\u00fckemmeldir.<\/p>\n<p>Kek, puding ve tatl\u0131lar\u0131 zenginle\u015ftirmek i\u00e7in idealdir.<\/p>\n<p>Raf \u00f6mr\u00fc uzundur ve y\u0131l boyunca kullan\u0131ma uygundur.<\/p>\n<p>Barico Yaban Mersini Meyve P\u00fcresi Kar\u0131\u015f\u0131m\u0131 ile men\u00fcn\u00fcze yaban mersini aromas\u0131 kat\u0131n. Lezzetli meyveli tarifler i\u00e7in m\u00fckemmel bir malzemedir.<\/p>\n<p><img fetchpriority=\"high\" decoding=\"async\" class=\"alignnone wp-image-572 size-full\" src=\"https:\/\/inovexfoods.com\/wp-content\/uploads\/2024\/01\/red-fruits-nutrition.png\" alt=\"\" width=\"500\" height=\"296\" srcset=\"https:\/\/inovexfoods.com\/wp-content\/uploads\/2024\/01\/red-fruits-nutrition.png 500w, https:\/\/inovexfoods.com\/wp-content\/uploads\/2024\/01\/red-fruits-nutrition-300x178.png 300w, https:\/\/inovexfoods.com\/wp-content\/uploads\/2024\/01\/red-fruits-nutrition-150x89.png 150w, https:\/\/inovexfoods.com\/wp-content\/uploads\/2024\/01\/red-fruits-nutrition-18x12.png 18w\" sizes=\"(max-width: 500px) 100vw, 500px\" \/><\/p>\n","protected":false},"excerpt":{"rendered":"<p>Olgun yaban mersininin tatl\u0131 ve keskin aromas\u0131yla dolu Barico Yaban Mersini Meyve P\u00fcresi Kar\u0131\u015f\u0131m\u0131, hem i\u00e7ecekler hem de tatl\u0131lar i\u00e7in m\u00fckemmel, canl\u0131 ve \u00e7ok y\u00f6nl\u00fc bir malzemedir. Bu p\u00fcr\u00fczs\u00fcz ve zengin p\u00fcre, yaban mersininin otantik tad\u0131n\u0131 ve do\u011fal rengini \u00e7ok \u00e7e\u015fitli mutfak tariflerine ta\u015f\u0131r.<\/p>\n<table width=\"292\">\n<tbody>\n<tr>\n<td width=\"139\">Net Weight<\/td>\n<td width=\"153\">1000 gr.<\/td>\n<\/tr>\n<tr>\n<td>Pieces \/ carton<\/td>\n<td>6<\/td>\n<\/tr>\n<tr>\n<td>Carton \/ Pallet<\/td>\n<td>80<\/td>\n<\/tr>\n<tr>\n<td>Carton \/ 20 ft<\/td>\n<td>880<\/td>\n<\/tr>\n<tr>\n<td>Carton \/ 40 ft<\/td>\n<td>1920<\/td>\n<\/tr>\n<tr>\n<td>Shelf Life<\/td>\n<td>2 years<\/td>\n<\/tr>\n<tr>\n<td>Languages<\/td>\n<td>English, Turkish, Arabic<\/td>\n<\/tr>\n<\/tbody>\n<\/table>\n","protected":false},"featured_media":2908,"comment_status":"closed","ping_status":"closed","template":"","meta":[],"product_brand":[],"product_cat":[487],"product_tag":[429,430,431,441,442,443,433,280,444,445],"class_list":{"0":"post-6867","1":"product","2":"type-product","3":"status-publish","4":"has-post-thumbnail","6":"product_cat-meyve-pureleri","7":"product_tag-artisanal-beverage-mix-tr","8":"product_tag-barico-mix-tr","9":"product_tag-beverage-enhancement-tr","10":"product_tag-blueberry-beverage-mix-tr","11":"product_tag-blueberry-puree-mix-tr","12":"product_tag-creative-cooking-with-berries-tr","13":"product_tag-fruit-puree-tr","14":"product_tag-guilt-free-indulgence-tr","15":"product_tag-nature-inspired-culinary-ingredient-tr","16":"product_tag-wild-berry-flavors-tr","18":"first","19":"instock","20":"shipping-taxable","21":"product-type-simple"},"_links":{"self":[{"href":"https:\/\/inovexfoods.com\/tr\/wp-json\/wp\/v2\/product\/6867","targetHints":{"allow":["GET"]}}],"collection":[{"href":"https:\/\/inovexfoods.com\/tr\/wp-json\/wp\/v2\/product"}],"about":[{"href":"https:\/\/inovexfoods.com\/tr\/wp-json\/wp\/v2\/types\/product"}],"replies":[{"embeddable":true,"href":"https:\/\/inovexfoods.com\/tr\/wp-json\/wp\/v2\/comments?post=6867"}],"wp:featuredmedia":[{"embeddable":true,"href":"https:\/\/inovexfoods.com\/tr\/wp-json\/wp\/v2\/media\/2908"}],"wp:attachment":[{"href":"https:\/\/inovexfoods.com\/tr\/wp-json\/wp\/v2\/media?parent=6867"}],"wp:term":[{"taxonomy":"product_brand","embeddable":true,"href":"https:\/\/inovexfoods.com\/tr\/wp-json\/wp\/v2\/product_brand?post=6867"},{"taxonomy":"product_cat","embeddable":true,"href":"https:\/\/inovexfoods.com\/tr\/wp-json\/wp\/v2\/product_cat?post=6867"},{"taxonomy":"product_tag","embeddable":true,"href":"https:\/\/inovexfoods.com\/tr\/wp-json\/wp\/v2\/product_tag?post=6867"}],"curies":[{"name":"wp","href":"https:\/\/api.w.org\/{rel}","templated":true}]}}