{"id":6864,"date":"2024-11-02T08:55:03","date_gmt":"2024-11-02T08:55:03","guid":{"rendered":"https:\/\/www.inovexfoods.com\/products\/barico-white-chocolate-pro-sauce-25-kg\/"},"modified":"2025-08-07T14:00:06","modified_gmt":"2025-08-07T14:00:06","slug":"barico-beyaz-cikolata-sosu-25-kg","status":"publish","type":"product","link":"https:\/\/inovexfoods.com\/tr\/urun\/barico-beyaz-cikolata-sosu-25-kg\/","title":{"rendered":"Barico Beyaz \u00c7ikolata Sos 2,5 Kg."},"content":{"rendered":"<p>Barico Beyaz \u00c7ikolata Profesyonel Sos<\/p>\n<p>Barico Beyaz \u00c7ikolata Profesyonel Sos, her t\u00fcrl\u00fc lezzete zarafet ve kremams\u0131 bir tatl\u0131l\u0131k katmak i\u00e7in vazge\u00e7ilmeziniz olacak. Profesyoneller i\u00e7in tasarlanan bu sos, hem s\u0131cak hem de so\u011fuk i\u00e7ecekler, tatl\u0131lar ve unlu mamullerle m\u00fckemmel uyum sa\u011flayan zengin ve p\u00fcr\u00fczs\u00fcz bir beyaz \u00e7ikolata aromas\u0131 sunar.<\/p>\n<p>\u0130peksi dokusu, ister beyaz mokan\u0131z\u0131 zenginle\u015ftirin, ister cheesecake&#8217;inizi tamamlay\u0131n, ister \u00f6zel milkshake&#8217;lerinizde kullan\u0131n, \u00fczerine gezdirmek, s\u00fcslemek veya kar\u0131\u015ft\u0131rmak i\u00e7in m\u00fckemmeldir. Kullan\u0131m\u0131 kolay ve her zaman lezzetli olan Barico Beyaz \u00c7ikolata Profesyonel Sos, g\u00fcnl\u00fck tariflerinizi keyifli deneyimlere d\u00f6n\u00fc\u015ft\u00fcr\u00fcr.<\/p>\n<p>\u0130deal:<br \/>\n\u2013 Kahveli i\u00e7ecekler ve s\u0131cak \u00e7ikolatalar<br \/>\n\u2013 Dondurma, waffle, krep<br \/>\n\u2013 Kekler, pastalar ve tatl\u0131 tabaklar\u0131<br \/>\n\u2013 Milkshake&#8217;ler ve \u00f6zel i\u00e7ecekler<\/p>\n<p>Barico Beyaz \u00c7ikolata&#8217;n\u0131n kremams\u0131 cazibesiyle men\u00fcn\u00fcz\u00fc zenginle\u015ftirin.<\/p>\n","protected":false},"excerpt":{"rendered":"<p>Barico Beyaz \u00c7ikolata Sos, her t\u00fcrl\u00fc lezzete zarafet ve kremams\u0131 bir tatl\u0131l\u0131k katmak i\u00e7in vazge\u00e7ilmeziniz olacak. Profesyoneller i\u00e7in tasarlanan bu sos, hem s\u0131cak hem de so\u011fuk i\u00e7ecekler, tatl\u0131lar ve unlu mamullerle m\u00fckemmel uyum sa\u011flayan zengin ve p\u00fcr\u00fczs\u00fcz bir beyaz \u00e7ikolata aromas\u0131 sunar.<\/p>\n","protected":false},"featured_media":2864,"comment_status":"closed","ping_status":"closed","template":"","meta":[],"product_brand":[],"product_cat":[489],"product_tag":[],"class_list":{"0":"post-6864","1":"product","2":"type-product","3":"status-publish","4":"has-post-thumbnail","6":"product_cat-profesyonel-soslar","8":"first","9":"instock","10":"shipping-taxable","11":"product-type-simple"},"_links":{"self":[{"href":"https:\/\/inovexfoods.com\/tr\/wp-json\/wp\/v2\/product\/6864","targetHints":{"allow":["GET"]}}],"collection":[{"href":"https:\/\/inovexfoods.com\/tr\/wp-json\/wp\/v2\/product"}],"about":[{"href":"https:\/\/inovexfoods.com\/tr\/wp-json\/wp\/v2\/types\/product"}],"replies":[{"embeddable":true,"href":"https:\/\/inovexfoods.com\/tr\/wp-json\/wp\/v2\/comments?post=6864"}],"wp:featuredmedia":[{"embeddable":true,"href":"https:\/\/inovexfoods.com\/tr\/wp-json\/wp\/v2\/media\/2864"}],"wp:attachment":[{"href":"https:\/\/inovexfoods.com\/tr\/wp-json\/wp\/v2\/media?parent=6864"}],"wp:term":[{"taxonomy":"product_brand","embeddable":true,"href":"https:\/\/inovexfoods.com\/tr\/wp-json\/wp\/v2\/product_brand?post=6864"},{"taxonomy":"product_cat","embeddable":true,"href":"https:\/\/inovexfoods.com\/tr\/wp-json\/wp\/v2\/product_cat?post=6864"},{"taxonomy":"product_tag","embeddable":true,"href":"https:\/\/inovexfoods.com\/tr\/wp-json\/wp\/v2\/product_tag?post=6864"}],"curies":[{"name":"wp","href":"https:\/\/api.w.org\/{rel}","templated":true}]}}