{"id":6861,"date":"2024-11-02T08:59:33","date_gmt":"2024-11-02T08:59:33","guid":{"rendered":"https:\/\/www.inovexfoods.com\/products\/barico-chocolate-professional-sauce-25-kg\/"},"modified":"2025-08-07T14:02:57","modified_gmt":"2025-08-07T14:02:57","slug":"barico-cikolata-sos-25-kg","status":"publish","type":"product","link":"https:\/\/inovexfoods.com\/tr\/urun\/barico-cikolata-sos-25-kg\/","title":{"rendered":"Barico \u00c7ikolata Sos 2,5 Kg."},"content":{"rendered":"<p>Barico \u00c7ikolata Sos<\/p>\n<p>Barico \u00c7ikolata Profesyonel Sos, hem lezzet hem de performans arayan profesyoneller i\u00e7in tasarlanm\u0131\u015f zengin ve kadifemsi bir sostur. Birinci s\u0131n\u0131f kakao ile \u00fcretilen bu sos, p\u00fcr\u00fczs\u00fcz ve ak\u0131\u015fkan k\u0131vam\u0131yla derin ve otantik bir \u00e7ikolata tad\u0131 sunar; her t\u00fcrl\u00fc tatl\u0131 veya i\u00e7ece\u011fin lezzetini art\u0131rmak i\u00e7in m\u00fckemmeldir.<\/p>\n<p>\u0130ster zengin mokalar yap\u0131n, ister dondurmal\u0131 pastalar\u0131n \u00fcst\u00fcn\u00fc s\u00fcsleyin, ister kekleri s\u00fcsleyin veya milkshake&#8217;lere kar\u0131\u015ft\u0131r\u0131n, bu \u00e7ok y\u00f6nl\u00fc sos her t\u00fcrl\u00fc lezzete l\u00fcks bir \u00e7ikolata dokunu\u015fu katar. Kafeler, f\u0131r\u0131nlar ve tatl\u0131 ustalar\u0131 i\u00e7in ideal olan Barico \u00c7ikolata Profesyonel Sos, her kullan\u0131mda tutarl\u0131 kalite ve enfes bir lezzet sa\u011flar.<\/p>\n<p>Uygun Oldu\u011fu Yerler:<br \/>\n\u2013 Latte, moka ve s\u0131cak \u00e7ikolata<br \/>\n\u2013 Dondurma, waffle ve pankek<br \/>\n\u2013 Tatl\u0131 dekorasyonu ve tabak sunumu<br \/>\n\u2013 Milkshake ve kar\u0131\u015f\u0131k i\u00e7ecekler<\/p>\n<p>Barico ile her lezzeti bir \u00e7ikolata \u015faheserine d\u00f6n\u00fc\u015ft\u00fcr\u00fcn.<\/p>\n","protected":false},"excerpt":{"rendered":"<p>Barico \u00c7ikolata Sos, hem lezzet hem de performans arayan profesyoneller i\u00e7in tasarlanm\u0131\u015f zengin ve kadifemsi bir sostur. Birinci s\u0131n\u0131f kakao ile \u00fcretilen bu sos, p\u00fcr\u00fczs\u00fcz ve ak\u0131\u015fkan k\u0131vam\u0131yla derin ve otantik bir \u00e7ikolata tad\u0131 sunar; her t\u00fcrl\u00fc tatl\u0131 veya i\u00e7ece\u011fin lezzetini art\u0131rmak i\u00e7in m\u00fckemmeldir.<\/p>\n","protected":false},"featured_media":2860,"comment_status":"closed","ping_status":"closed","template":"","meta":[],"product_brand":[],"product_cat":[489],"product_tag":[],"class_list":{"0":"post-6861","1":"product","2":"type-product","3":"status-publish","4":"has-post-thumbnail","6":"product_cat-profesyonel-soslar","8":"first","9":"instock","10":"shipping-taxable","11":"product-type-simple"},"_links":{"self":[{"href":"https:\/\/inovexfoods.com\/tr\/wp-json\/wp\/v2\/product\/6861","targetHints":{"allow":["GET"]}}],"collection":[{"href":"https:\/\/inovexfoods.com\/tr\/wp-json\/wp\/v2\/product"}],"about":[{"href":"https:\/\/inovexfoods.com\/tr\/wp-json\/wp\/v2\/types\/product"}],"replies":[{"embeddable":true,"href":"https:\/\/inovexfoods.com\/tr\/wp-json\/wp\/v2\/comments?post=6861"}],"wp:featuredmedia":[{"embeddable":true,"href":"https:\/\/inovexfoods.com\/tr\/wp-json\/wp\/v2\/media\/2860"}],"wp:attachment":[{"href":"https:\/\/inovexfoods.com\/tr\/wp-json\/wp\/v2\/media?parent=6861"}],"wp:term":[{"taxonomy":"product_brand","embeddable":true,"href":"https:\/\/inovexfoods.com\/tr\/wp-json\/wp\/v2\/product_brand?post=6861"},{"taxonomy":"product_cat","embeddable":true,"href":"https:\/\/inovexfoods.com\/tr\/wp-json\/wp\/v2\/product_cat?post=6861"},{"taxonomy":"product_tag","embeddable":true,"href":"https:\/\/inovexfoods.com\/tr\/wp-json\/wp\/v2\/product_tag?post=6861"}],"curies":[{"name":"wp","href":"https:\/\/api.w.org\/{rel}","templated":true}]}}