{"id":6859,"date":"2024-12-09T16:20:04","date_gmt":"2024-12-09T16:20:04","guid":{"rendered":"https:\/\/www.inovexfoods.com\/products\/barico-coffee-syrup-set-3x60-ml\/"},"modified":"2025-08-06T14:25:59","modified_gmt":"2025-08-06T14:25:59","slug":"barico-kahve-surubu-seti-3x60-ml","status":"publish","type":"product","link":"https:\/\/inovexfoods.com\/tr\/urun\/barico-kahve-surubu-seti-3x60-ml\/","title":{"rendered":"Barico Kahve \u015eurubu Seti 3&#215;60 ml"},"content":{"rendered":"<p>Barico Kahve \u015eurubu Seti (3&#215;60 ml), hem kahve tutkunlar\u0131 hem de lezzet arayanlar i\u00e7in olmazsa olmaz bir set. Bu set, en sevdi\u011finiz i\u00e7eceklere ekstra bir tatl\u0131l\u0131k ve derinlik katmak i\u00e7in \u00f6zenle haz\u0131rlanm\u0131\u015f \u00fc\u00e7 lezzetli ve zengin kahve \u015furubu i\u00e7eriyor. \u0130ster sabah espressonuzu zenginle\u015ftirin, ister m\u00fckemmel buzlu kahve yap\u0131n, ister bir milkshake&#8217;e biraz lezzet kat\u0131n, Barico&#8217;nun premium \u015furuplar\u0131 her yudumda cesur, yumu\u015fak ve \u00f6zg\u00fcn bir kahve aromas\u0131 sunar.<\/p>\n<p>Bu setteki (60 ml) her \u015fi\u015fe, kahvenin tad\u0131n\u0131 bast\u0131rmadan m\u00fckemmel bir tatl\u0131l\u0131k ve zenginlik dengesi sunan y\u00fcksek kaliteli malzemeler i\u00e7erir. Ke\u015ffedilecek \u00fc\u00e7 benzersiz aromayla Barico Kahve \u015eurubu Seti, sizi mutfakta yarat\u0131c\u0131 olmaya ve kahve deneyiminizi bir \u00fcst seviyeye ta\u015f\u0131maya davet ediyor.<\/p>\n<p>Hediye etmek veya kendinizi \u015f\u0131martmak i\u00e7in m\u00fckemmel olan Barico Kahve \u015eurubu Seti, evde keyifli, kafe tarz\u0131 bir deneyim i\u00e7in vazge\u00e7ilmeziniz olacak.<\/p>\n","protected":false},"excerpt":{"rendered":"<p>Barico Kahve \u015eurubu Seti (3&#215;60 ml), hem kahve tutkunlar\u0131 hem de lezzet arayanlar i\u00e7in olmazsa olmaz bir set. Bu set, en sevdi\u011finiz i\u00e7eceklere ekstra bir tatl\u0131l\u0131k ve derinlik katmak i\u00e7in \u00f6zenle haz\u0131rlanm\u0131\u015f \u00fc\u00e7 lezzetli ve zengin kahve \u015furubu i\u00e7eriyor. \u0130ster sabah espressonuzu zenginle\u015ftirin, ister m\u00fckemmel buzlu kahve yap\u0131n, ister bir milkshake&#8217;e biraz lezzet kat\u0131n, Barico&#8217;nun premium \u015furuplar\u0131 her yudumda cesur, yumu\u015fak ve \u00f6zg\u00fcn bir kahve aromas\u0131 sunar.<\/p>\n","protected":false},"featured_media":2815,"comment_status":"closed","ping_status":"closed","template":"","meta":[],"product_brand":[],"product_cat":[],"product_tag":[],"class_list":{"0":"post-6859","1":"product","2":"type-product","3":"status-publish","4":"has-post-thumbnail","7":"first","8":"instock","9":"shipping-taxable","10":"product-type-simple"},"_links":{"self":[{"href":"https:\/\/inovexfoods.com\/tr\/wp-json\/wp\/v2\/product\/6859","targetHints":{"allow":["GET"]}}],"collection":[{"href":"https:\/\/inovexfoods.com\/tr\/wp-json\/wp\/v2\/product"}],"about":[{"href":"https:\/\/inovexfoods.com\/tr\/wp-json\/wp\/v2\/types\/product"}],"replies":[{"embeddable":true,"href":"https:\/\/inovexfoods.com\/tr\/wp-json\/wp\/v2\/comments?post=6859"}],"wp:featuredmedia":[{"embeddable":true,"href":"https:\/\/inovexfoods.com\/tr\/wp-json\/wp\/v2\/media\/2815"}],"wp:attachment":[{"href":"https:\/\/inovexfoods.com\/tr\/wp-json\/wp\/v2\/media?parent=6859"}],"wp:term":[{"taxonomy":"product_brand","embeddable":true,"href":"https:\/\/inovexfoods.com\/tr\/wp-json\/wp\/v2\/product_brand?post=6859"},{"taxonomy":"product_cat","embeddable":true,"href":"https:\/\/inovexfoods.com\/tr\/wp-json\/wp\/v2\/product_cat?post=6859"},{"taxonomy":"product_tag","embeddable":true,"href":"https:\/\/inovexfoods.com\/tr\/wp-json\/wp\/v2\/product_tag?post=6859"}],"curies":[{"name":"wp","href":"https:\/\/api.w.org\/{rel}","templated":true}]}}