{"id":6856,"date":"2025-07-02T13:44:37","date_gmt":"2025-07-02T13:44:37","guid":{"rendered":"https:\/\/www.inovexfoods.com\/products\/barico-coconut-fruit-puree-mix\/"},"modified":"2025-08-07T10:18:34","modified_gmt":"2025-08-07T10:18:34","slug":"barico-hindistan-cevizi-meyve-puresi-karisimi","status":"publish","type":"product","link":"https:\/\/inovexfoods.com\/tr\/urun\/barico-hindistan-cevizi-meyve-puresi-karisimi\/","title":{"rendered":"Barico Hindistan Cevizi Meyve P\u00fcresi Kar\u0131\u015f\u0131m\u0131"},"content":{"rendered":"<p>Barico Hindistan Cevizi Meyve P\u00fcresi Kar\u0131\u015f\u0131m\u0131<\/p>\n<p>Barico Hindistan Cevizi Meyve P\u00fcresi Kar\u0131\u015f\u0131m\u0131 ile tropikal cennetin p\u00fcr\u00fczs\u00fcz ve kremsi tad\u0131n\u0131n tad\u0131n\u0131 \u00e7\u0131kar\u0131n. Ger\u00e7ek hindistan cevizlerinden \u00fcretilen bu zengin ve kadifemsi p\u00fcre, \u00e7e\u015fitli dondurulmu\u015f i\u00e7ecek ve tatl\u0131lara lezzet katan nefis bir hindistan cevizi aromas\u0131 katar.<\/p>\n<p>Smoothie, buzlu i\u00e7ecek, kokteyl ve bubble tea&#8217;lere m\u00fckemmel uyum sa\u011flarken, keklere, pudinglere, muslara ve di\u011fer tatl\u0131lara da nefis bir tropikal dokunu\u015f katar. P\u00fcr\u00fczs\u00fcz dokusu ve \u00f6zg\u00fcn aromas\u0131, onu hem ferahlat\u0131c\u0131 i\u00e7ecekler hem de lezzetli tatl\u0131lar i\u00e7in vazge\u00e7ilmez bir malzeme haline getirir.<\/p>\n<p>Temel \u00d6zellikler:<\/p>\n<p>Do\u011fal ve kremams\u0131 bir lezzet i\u00e7in ger\u00e7ek Hindistan cevizi ile \u00fcretilmi\u015ftir.<\/p>\n<p>Kolay kar\u0131\u015ft\u0131rma ve pi\u015firme i\u00e7in p\u00fcr\u00fczs\u00fcz, d\u00f6k\u00fclebilir k\u0131vam.<\/p>\n<p>Dondurulmu\u015f i\u00e7ecekler, kokteyller ve tropikal \u00e7aylar i\u00e7in idealdir.<\/p>\n<p>Kekleri, pudingleri ve tatl\u0131lar\u0131 zenginle\u015ftirmek i\u00e7in m\u00fckemmeldir.<\/p>\n<p>Raf \u00f6mr\u00fc uzundur ve y\u0131l boyunca kullan\u0131ma uygundur.<\/p>\n<p>Tariflerinizi, lezzetli ve kremams\u0131 tarifleriniz i\u00e7in m\u00fckemmel bir tamamlay\u0131c\u0131 olan Barico Hindistan Cevizi Meyve P\u00fcresi Kar\u0131\u015f\u0131m\u0131&#8217;n\u0131n zengin ve tropikal aromas\u0131yla zenginle\u015ftirin.<\/p>\n<p><img fetchpriority=\"high\" decoding=\"async\" class=\"alignnone wp-image-564 size-full\" src=\"https:\/\/inovexfoods.com\/wp-content\/uploads\/2024\/01\/strawberry-nutrition.png\" alt=\"\" width=\"506\" height=\"288\" srcset=\"https:\/\/inovexfoods.com\/wp-content\/uploads\/2024\/01\/strawberry-nutrition.png 506w, https:\/\/inovexfoods.com\/wp-content\/uploads\/2024\/01\/strawberry-nutrition-300x171.png 300w, https:\/\/inovexfoods.com\/wp-content\/uploads\/2024\/01\/strawberry-nutrition-150x85.png 150w, https:\/\/inovexfoods.com\/wp-content\/uploads\/2024\/01\/strawberry-nutrition-18x10.png 18w\" sizes=\"(max-width: 506px) 100vw, 506px\" \/><\/p>\n","protected":false},"excerpt":{"rendered":"<p>Barico Hindistan Cevizi Meyve P\u00fcresi Kar\u0131\u015f\u0131m\u0131 ile tropikal cennetin p\u00fcr\u00fczs\u00fcz ve kremsi tad\u0131n\u0131n tad\u0131n\u0131 \u00e7\u0131kar\u0131n. Ger\u00e7ek hindistan cevizlerinden \u00fcretilen bu zengin ve kadifemsi p\u00fcre, \u00e7e\u015fitli dondurulmu\u015f i\u00e7ecek ve tatl\u0131lara lezzet katan nefis bir hindistan cevizi aromas\u0131 katar.<\/p>\n<table width=\"292\">\n<tbody>\n<tr>\n<td width=\"139\">Volume<\/td>\n<td width=\"153\">1000 gr.<\/td>\n<\/tr>\n<tr>\n<td>Pieces \/ carton<\/td>\n<td>6<\/td>\n<\/tr>\n<tr>\n<td>Carton \/ Pallet<\/td>\n<td>80<\/td>\n<\/tr>\n<tr>\n<td>Carton \/ 20 ft<\/td>\n<td>880<\/td>\n<\/tr>\n<tr>\n<td>Carton \/ 40 ft<\/td>\n<td>2100<\/td>\n<\/tr>\n<tr>\n<td>Shelf Life<\/td>\n<td>2 years<\/td>\n<\/tr>\n<tr>\n<td>Languages<\/td>\n<td>English, Turkish, Arabic<\/td>\n<\/tr>\n<\/tbody>\n<\/table>\n","protected":false},"featured_media":2920,"comment_status":"closed","ping_status":"closed","template":"","meta":[],"product_brand":[],"product_cat":[487],"product_tag":[429,430,431,432,350,433,280,434,435,436],"class_list":{"0":"post-6856","1":"product","2":"type-product","3":"status-publish","4":"has-post-thumbnail","6":"product_cat-meyve-pureleri","7":"product_tag-artisanal-beverage-mix-tr","8":"product_tag-barico-mix-tr","9":"product_tag-beverage-enhancement-tr","10":"product_tag-creative-cooking-with-mangoes-tr","11":"product_tag-exotic-culinary-ingredient-tr","12":"product_tag-fruit-puree-tr","13":"product_tag-guilt-free-indulgence-tr","14":"product_tag-strawberry-fruit-beverage-mix-tr","15":"product_tag-strawberry-fruit-puree-mix-tr","16":"product_tag-tropical-flavors-tr","18":"first","19":"instock","20":"shipping-taxable","21":"product-type-simple"},"_links":{"self":[{"href":"https:\/\/inovexfoods.com\/tr\/wp-json\/wp\/v2\/product\/6856","targetHints":{"allow":["GET"]}}],"collection":[{"href":"https:\/\/inovexfoods.com\/tr\/wp-json\/wp\/v2\/product"}],"about":[{"href":"https:\/\/inovexfoods.com\/tr\/wp-json\/wp\/v2\/types\/product"}],"replies":[{"embeddable":true,"href":"https:\/\/inovexfoods.com\/tr\/wp-json\/wp\/v2\/comments?post=6856"}],"wp:featuredmedia":[{"embeddable":true,"href":"https:\/\/inovexfoods.com\/tr\/wp-json\/wp\/v2\/media\/2920"}],"wp:attachment":[{"href":"https:\/\/inovexfoods.com\/tr\/wp-json\/wp\/v2\/media?parent=6856"}],"wp:term":[{"taxonomy":"product_brand","embeddable":true,"href":"https:\/\/inovexfoods.com\/tr\/wp-json\/wp\/v2\/product_brand?post=6856"},{"taxonomy":"product_cat","embeddable":true,"href":"https:\/\/inovexfoods.com\/tr\/wp-json\/wp\/v2\/product_cat?post=6856"},{"taxonomy":"product_tag","embeddable":true,"href":"https:\/\/inovexfoods.com\/tr\/wp-json\/wp\/v2\/product_tag?post=6856"}],"curies":[{"name":"wp","href":"https:\/\/api.w.org\/{rel}","templated":true}]}}