{"id":6843,"date":"2025-07-02T13:46:09","date_gmt":"2025-07-02T13:46:09","guid":{"rendered":"https:\/\/www.inovexfoods.com\/products\/barico-mulberry-fruit-puree-mix\/"},"modified":"2025-08-07T10:18:34","modified_gmt":"2025-08-07T10:18:34","slug":"barico-dut-meyve-puresi-karisimi","status":"publish","type":"product","link":"https:\/\/inovexfoods.com\/tr\/urun\/barico-dut-meyve-puresi-karisimi\/","title":{"rendered":"Barico Dut Meyve P\u00fcresi Kar\u0131\u015f\u0131m\u0131"},"content":{"rendered":"<p>Barico Karadut Meyveli \u0130\u00e7ecek Kar\u0131\u015f\u0131m\u0131 (P\u00fcre)<\/p>\n<p>Barico Karadut Meyveli P\u00fcre Kar\u0131\u015f\u0131m\u0131 ile karadutlar\u0131n derin ve zengin aromas\u0131n\u0131 ke\u015ffedin. Bu p\u00fcr\u00fczs\u00fcz ve lezzetli p\u00fcre, \u00e7ok \u00e7e\u015fitli i\u00e7ecek ve tatl\u0131lar\u0131 zenginle\u015ftirmek i\u00e7in m\u00fckemmel olan do\u011fal tatl\u0131 ve hafif ek\u015fi bir tat sunar.<\/p>\n<p>Smoothie, buzlu i\u00e7ecek, kokteyl ve bubble tea gibi dondurulmu\u015f i\u00e7ecekler i\u00e7in ideal olan bu kar\u0131\u015f\u0131m, keklere, pudinglere, muslara ve soslara canl\u0131 bir dokunu\u015f katar. Canl\u0131 rengi ve yo\u011fun aromas\u0131yla Barico Karadut P\u00fcresi, kreasyonlar\u0131n\u0131za ger\u00e7ek meyve lezzetini katman\u0131n m\u00fckemmel bir yoludur.<\/p>\n<p>Temel \u00d6zellikler:<\/p>\n<p>Ger\u00e7ek kara dut meyvelerinden \u00fcretilmi\u015ftir ve ger\u00e7ek, zengin bir lezzet sunar.<\/p>\n<p>Kolayca kar\u0131\u015ft\u0131r\u0131l\u0131p pi\u015firilebilen, ak\u0131\u015fkan k\u0131vam\u0131 sayesinde p\u00fcr\u00fczs\u00fczd\u00fcr.<\/p>\n<p>Dondurulmu\u015f i\u00e7ecekler, kokteyller ve meyve \u00e7aylar\u0131 i\u00e7in m\u00fckemmeldir.<\/p>\n<p>Kekler, pudingler ve tatl\u0131lar i\u00e7in \u00e7ok y\u00f6nl\u00fc bir malzemedir.<\/p>\n<p>Raf \u00f6mr\u00fc uzundur ve y\u0131l boyunca kullan\u0131ma uygundur.<\/p>\n<p>Barico Dut Meyve P\u00fcresi Kar\u0131\u015f\u0131m\u0131 ile tariflerinize benzersiz ve lezzetli bir dokunu\u015f kat\u0131n. Her t\u00fcrl\u00fc mutfak deneyimi i\u00e7in lezzetli ve cesur bir se\u00e7im.<\/p>\n<p data-start=\"99\" data-end=\"151\"><img fetchpriority=\"high\" decoding=\"async\" class=\"alignnone wp-image-580 size-full\" src=\"https:\/\/inovexfoods.com\/wp-content\/uploads\/2024\/01\/passion-fruit-ingredients.png\" alt=\"\" width=\"509\" height=\"296\" srcset=\"https:\/\/inovexfoods.com\/wp-content\/uploads\/2024\/01\/passion-fruit-ingredients.png 509w, https:\/\/inovexfoods.com\/wp-content\/uploads\/2024\/01\/passion-fruit-ingredients-300x174.png 300w, https:\/\/inovexfoods.com\/wp-content\/uploads\/2024\/01\/passion-fruit-ingredients-150x87.png 150w, https:\/\/inovexfoods.com\/wp-content\/uploads\/2024\/01\/passion-fruit-ingredients-18x10.png 18w\" sizes=\"(max-width: 509px) 100vw, 509px\" \/><\/p>\n","protected":false},"excerpt":{"rendered":"<p>Barico Karadut Meyveli P\u00fcre Kar\u0131\u015f\u0131m\u0131 ile karadutlar\u0131n derin ve zengin aromas\u0131n\u0131 ke\u015ffedin. Bu p\u00fcr\u00fczs\u00fcz ve lezzetli p\u00fcre, \u00e7ok \u00e7e\u015fitli i\u00e7ecek ve tatl\u0131lar\u0131 zenginle\u015ftirmek i\u00e7in m\u00fckemmel olan do\u011fal tatl\u0131 ve hafif ek\u015fi bir tat sunar.<\/p>\n<table width=\"292\">\n<tbody>\n<tr>\n<td width=\"139\">Net Weight<\/td>\n<td width=\"153\">1000 gr.<\/td>\n<\/tr>\n<tr>\n<td>Pieces \/ carton<\/td>\n<td>6<\/td>\n<\/tr>\n<tr>\n<td>Carton \/ Pallet<\/td>\n<td>80<\/td>\n<\/tr>\n<tr>\n<td>Carton \/ 20 ft<\/td>\n<td>880<\/td>\n<\/tr>\n<tr>\n<td>Carton \/ 40 ft<\/td>\n<td>1920<\/td>\n<\/tr>\n<tr>\n<td>Shelf Life<\/td>\n<td>2 years<\/td>\n<\/tr>\n<tr>\n<td>Languages<\/td>\n<td>English, Turkish, Arabic<\/td>\n<\/tr>\n<\/tbody>\n<\/table>\n","protected":false},"featured_media":2912,"comment_status":"closed","ping_status":"closed","template":"","meta":[],"product_brand":[],"product_cat":[487],"product_tag":[429,430,431,432,350,433,280,437,438,439,436],"class_list":{"0":"post-6843","1":"product","2":"type-product","3":"status-publish","4":"has-post-thumbnail","6":"product_cat-meyve-pureleri","7":"product_tag-artisanal-beverage-mix-tr","8":"product_tag-barico-mix-tr","9":"product_tag-beverage-enhancement-tr","10":"product_tag-creative-cooking-with-mangoes-tr","11":"product_tag-exotic-culinary-ingredient-tr","12":"product_tag-fruit-puree-tr","13":"product_tag-guilt-free-indulgence-tr","14":"product_tag-passion-fruit-beverage-mix-tr","15":"product_tag-pineapple-fruit-beverage-mix-tr","16":"product_tag-pineapple-fruit-puree-mix-tr","17":"product_tag-tropical-flavors-tr","19":"first","20":"instock","21":"shipping-taxable","22":"product-type-simple"},"_links":{"self":[{"href":"https:\/\/inovexfoods.com\/tr\/wp-json\/wp\/v2\/product\/6843","targetHints":{"allow":["GET"]}}],"collection":[{"href":"https:\/\/inovexfoods.com\/tr\/wp-json\/wp\/v2\/product"}],"about":[{"href":"https:\/\/inovexfoods.com\/tr\/wp-json\/wp\/v2\/types\/product"}],"replies":[{"embeddable":true,"href":"https:\/\/inovexfoods.com\/tr\/wp-json\/wp\/v2\/comments?post=6843"}],"wp:featuredmedia":[{"embeddable":true,"href":"https:\/\/inovexfoods.com\/tr\/wp-json\/wp\/v2\/media\/2912"}],"wp:attachment":[{"href":"https:\/\/inovexfoods.com\/tr\/wp-json\/wp\/v2\/media?parent=6843"}],"wp:term":[{"taxonomy":"product_brand","embeddable":true,"href":"https:\/\/inovexfoods.com\/tr\/wp-json\/wp\/v2\/product_brand?post=6843"},{"taxonomy":"product_cat","embeddable":true,"href":"https:\/\/inovexfoods.com\/tr\/wp-json\/wp\/v2\/product_cat?post=6843"},{"taxonomy":"product_tag","embeddable":true,"href":"https:\/\/inovexfoods.com\/tr\/wp-json\/wp\/v2\/product_tag?post=6843"}],"curies":[{"name":"wp","href":"https:\/\/api.w.org\/{rel}","templated":true}]}}