{"id":6841,"date":"2025-07-02T13:48:13","date_gmt":"2025-07-02T13:48:13","guid":{"rendered":"https:\/\/www.inovexfoods.com\/products\/barico-blackberry-puree-mix\/"},"modified":"2025-08-07T10:18:34","modified_gmt":"2025-08-07T10:18:34","slug":"barico-bogurtlen-puresi-karisimi","status":"publish","type":"product","link":"https:\/\/inovexfoods.com\/tr\/urun\/barico-bogurtlen-puresi-karisimi\/","title":{"rendered":"Barico B\u00f6\u011f\u00fcrtlen P\u00fcresi Kar\u0131\u015f\u0131m\u0131"},"content":{"rendered":"<p>Barico B\u00f6\u011f\u00fcrtlen P\u00fcresi Kar\u0131\u015f\u0131m\u0131<\/p>\n<p>Barico B\u00f6\u011f\u00fcrtlen P\u00fcresi Kar\u0131\u015f\u0131m\u0131 ile taze b\u00f6\u011f\u00fcrtlenlerin zengin ve keskin tatl\u0131l\u0131\u011f\u0131n\u0131 deneyimleyin. Bu canl\u0131 ve p\u00fcr\u00fczs\u00fcz p\u00fcre, ferahlat\u0131c\u0131 dondurulmu\u015f i\u00e7eceklerden enfes tatl\u0131lara kadar \u00e7e\u015fitli mutfak lezzetlerini zenginle\u015ftirmek i\u00e7in tasarlanm\u0131\u015ft\u0131r.<\/p>\n<p>Smoothie, buzlu i\u00e7ecek, kokteyl ve bubble tea&#8217;lere m\u00fckemmel bir \u015fekilde uyum sa\u011flarken, keklere, pudinglere, muslara ve soslara da nefis bir meyve aromas\u0131 katar. Yo\u011fun rengi ve cesur tad\u0131yla Barico B\u00f6\u011f\u00fcrtlen P\u00fcresi, her tarifte do\u011fal meyve lezzetinin tad\u0131n\u0131 \u00e7\u0131kar\u0131r.<\/p>\n<p>Temel \u00d6zellikler:<\/p>\n<p>Ger\u00e7ek b\u00f6\u011f\u00fcrtlenlerden \u00fcretilmi\u015ftir, \u00f6zg\u00fcn ve yo\u011fun bir lezzet sunar.<\/p>\n<p>P\u00fcr\u00fczs\u00fcz dokusu sayesinde kar\u0131\u015ft\u0131rma ve pi\u015firme i\u00e7in idealdir.<\/p>\n<p>Dondurulmu\u015f i\u00e7ecekler, kokteyller ve meyve \u00e7aylar\u0131 i\u00e7in m\u00fckemmeldir.<\/p>\n<p>Kek, puding ve tatl\u0131larda kullan\u0131m i\u00e7in \u00e7ok y\u00f6nl\u00fcd\u00fcr.<\/p>\n<p>Raf \u00f6mr\u00fc uzundur ve y\u0131l boyunca kullan\u0131ma uygundur.<\/p>\n<p>Barico B\u00f6\u011f\u00fcrtlen P\u00fcresi Kar\u0131\u015f\u0131m\u0131 ile i\u00e7eceklerinize ve tatl\u0131lar\u0131n\u0131za zengin ve meyvemsi bir tat kat\u0131n. T\u00fcm lezzetli tarifleriniz i\u00e7in m\u00fckemmel bir malzemedir.<\/p>\n<p><img fetchpriority=\"high\" decoding=\"async\" class=\"alignnone wp-image-572 size-full\" src=\"https:\/\/inovexfoods.com\/wp-content\/uploads\/2024\/01\/red-fruits-nutrition.png\" alt=\"\" width=\"500\" height=\"296\" srcset=\"https:\/\/inovexfoods.com\/wp-content\/uploads\/2024\/01\/red-fruits-nutrition.png 500w, https:\/\/inovexfoods.com\/wp-content\/uploads\/2024\/01\/red-fruits-nutrition-300x178.png 300w, https:\/\/inovexfoods.com\/wp-content\/uploads\/2024\/01\/red-fruits-nutrition-150x89.png 150w, https:\/\/inovexfoods.com\/wp-content\/uploads\/2024\/01\/red-fruits-nutrition-18x12.png 18w\" sizes=\"(max-width: 500px) 100vw, 500px\" \/><\/p>\n","protected":false},"excerpt":{"rendered":"<p>Barico B\u00f6\u011f\u00fcrtlen P\u00fcresi Kar\u0131\u015f\u0131m\u0131 ile taze b\u00f6\u011f\u00fcrtlenlerin zengin ve keskin tatl\u0131l\u0131\u011f\u0131n\u0131 deneyimleyin. Bu canl\u0131 ve p\u00fcr\u00fczs\u00fcz p\u00fcre, ferahlat\u0131c\u0131 dondurulmu\u015f i\u00e7eceklerden enfes tatl\u0131lara kadar \u00e7e\u015fitli mutfak lezzetlerini zenginle\u015ftirmek i\u00e7in tasarlanm\u0131\u015ft\u0131r.<\/p>\n<table width=\"292\">\n<tbody>\n<tr>\n<td width=\"139\">Net Weight<\/td>\n<td width=\"153\">1000 gr.<\/td>\n<\/tr>\n<tr>\n<td>Pieces \/ carton<\/td>\n<td>6<\/td>\n<\/tr>\n<tr>\n<td>Carton \/ Pallet<\/td>\n<td>80<\/td>\n<\/tr>\n<tr>\n<td>Carton \/ 20 ft<\/td>\n<td>880<\/td>\n<\/tr>\n<tr>\n<td>Carton \/ 40 ft<\/td>\n<td>1920<\/td>\n<\/tr>\n<tr>\n<td>Shelf Life<\/td>\n<td>2 years<\/td>\n<\/tr>\n<tr>\n<td>Languages<\/td>\n<td>English, Turkish, Arabic<\/td>\n<\/tr>\n<\/tbody>\n<\/table>\n","protected":false},"featured_media":2924,"comment_status":"closed","ping_status":"closed","template":"","meta":[],"product_brand":[],"product_cat":[487],"product_tag":[429,430,431,441,442,443,433,280,444,445],"class_list":{"0":"post-6841","1":"product","2":"type-product","3":"status-publish","4":"has-post-thumbnail","6":"product_cat-meyve-pureleri","7":"product_tag-artisanal-beverage-mix-tr","8":"product_tag-barico-mix-tr","9":"product_tag-beverage-enhancement-tr","10":"product_tag-blueberry-beverage-mix-tr","11":"product_tag-blueberry-puree-mix-tr","12":"product_tag-creative-cooking-with-berries-tr","13":"product_tag-fruit-puree-tr","14":"product_tag-guilt-free-indulgence-tr","15":"product_tag-nature-inspired-culinary-ingredient-tr","16":"product_tag-wild-berry-flavors-tr","18":"first","19":"instock","20":"shipping-taxable","21":"product-type-simple"},"_links":{"self":[{"href":"https:\/\/inovexfoods.com\/tr\/wp-json\/wp\/v2\/product\/6841","targetHints":{"allow":["GET"]}}],"collection":[{"href":"https:\/\/inovexfoods.com\/tr\/wp-json\/wp\/v2\/product"}],"about":[{"href":"https:\/\/inovexfoods.com\/tr\/wp-json\/wp\/v2\/types\/product"}],"replies":[{"embeddable":true,"href":"https:\/\/inovexfoods.com\/tr\/wp-json\/wp\/v2\/comments?post=6841"}],"wp:featuredmedia":[{"embeddable":true,"href":"https:\/\/inovexfoods.com\/tr\/wp-json\/wp\/v2\/media\/2924"}],"wp:attachment":[{"href":"https:\/\/inovexfoods.com\/tr\/wp-json\/wp\/v2\/media?parent=6841"}],"wp:term":[{"taxonomy":"product_brand","embeddable":true,"href":"https:\/\/inovexfoods.com\/tr\/wp-json\/wp\/v2\/product_brand?post=6841"},{"taxonomy":"product_cat","embeddable":true,"href":"https:\/\/inovexfoods.com\/tr\/wp-json\/wp\/v2\/product_cat?post=6841"},{"taxonomy":"product_tag","embeddable":true,"href":"https:\/\/inovexfoods.com\/tr\/wp-json\/wp\/v2\/product_tag?post=6841"}],"curies":[{"name":"wp","href":"https:\/\/api.w.org\/{rel}","templated":true}]}}