{"id":6839,"date":"2025-07-02T13:49:20","date_gmt":"2025-07-02T13:49:20","guid":{"rendered":"https:\/\/www.inovexfoods.com\/products\/barico-banana-puree-mix\/"},"modified":"2025-08-07T10:18:33","modified_gmt":"2025-08-07T10:18:33","slug":"barico-muz-puresi-karisimi","status":"publish","type":"product","link":"https:\/\/inovexfoods.com\/tr\/urun\/barico-muz-puresi-karisimi\/","title":{"rendered":"Barico Muz P\u00fcresi Kar\u0131\u015f\u0131m\u0131"},"content":{"rendered":"<p>Zengin, kremams\u0131 ve do\u011fal tatl\u0131l\u0131\u011f\u0131yla Barico Muz P\u00fcresi Kar\u0131\u015f\u0131m\u0131, olgun muzun klasik lezzetini \u00e7ok \u00e7e\u015fitli i\u00e7ecek ve tatl\u0131lara ta\u015f\u0131r. P\u00fcr\u00fczs\u00fcz k\u0131vam\u0131 ve \u00f6zg\u00fcn tad\u0131yla bu p\u00fcre, her tarife tropikal bir dokunu\u015f katan \u00e7ok y\u00f6nl\u00fc bir malzemedir.<\/p>\n<p>Smoothie, milkshake, bubble tea ve kokteyl gibi dondurulmu\u015f i\u00e7ecekler i\u00e7in m\u00fckemmel olmas\u0131n\u0131n yan\u0131 s\u0131ra, kek, puding ve mus gibi unlu mamullerde ve tatl\u0131larda da harika sonu\u00e7lar verir. \u0130ster kar\u0131\u015ft\u0131r\u0131n ister pi\u015firin, Barico Muz P\u00fcresi her seferinde tutarl\u0131 bir lezzet ve kalite sunar.<\/p>\n<p>Temel \u00d6zellikler:<\/p>\n<p>Do\u011fal olarak tatl\u0131 ve kremsi bir tat i\u00e7in ger\u00e7ek muzdan \u00fcretilmi\u015ftir.<\/p>\n<p>\u0130\u00e7eceklerde ve tatl\u0131larda kolay kullan\u0131m i\u00e7in p\u00fcr\u00fczs\u00fcz ve d\u00f6k\u00fclebilir doku.<\/p>\n<p>Dondurulmu\u015f i\u00e7ecekler, s\u00fct bazl\u0131 i\u00e7ecekler ve meyve \u00e7aylar\u0131 i\u00e7in idealdir.<\/p>\n<p>Keklerde, pudinglerde ve unlu mamullerde kullan\u0131m i\u00e7in idealdir.<\/p>\n<p>Raf \u00f6mr\u00fc uzundur ve y\u0131l boyunca kullan\u0131ma haz\u0131rd\u0131r.<\/p>\n<p>Serinletici i\u00e7eceklerden rahatlat\u0131c\u0131 tatl\u0131lara kadar, Barico Muz P\u00fcresi Kar\u0131\u015f\u0131m\u0131, her lokmada veya yudumda lezzetli muz aromas\u0131 i\u00e7in vazge\u00e7ilmezinizdir.<\/p>\n<p><img fetchpriority=\"high\" decoding=\"async\" class=\"alignnone wp-image-572 size-full\" src=\"https:\/\/inovexfoods.com\/wp-content\/uploads\/2024\/01\/red-fruits-nutrition.png\" alt=\"\" width=\"500\" height=\"296\" srcset=\"https:\/\/inovexfoods.com\/wp-content\/uploads\/2024\/01\/red-fruits-nutrition.png 500w, https:\/\/inovexfoods.com\/wp-content\/uploads\/2024\/01\/red-fruits-nutrition-300x178.png 300w, https:\/\/inovexfoods.com\/wp-content\/uploads\/2024\/01\/red-fruits-nutrition-150x89.png 150w, https:\/\/inovexfoods.com\/wp-content\/uploads\/2024\/01\/red-fruits-nutrition-18x12.png 18w\" sizes=\"(max-width: 500px) 100vw, 500px\" \/><\/p>\n","protected":false},"excerpt":{"rendered":"<p>Zengin, kremams\u0131 ve do\u011fal olarak tatl\u0131 &#8211; Barico Muz P\u00fcresi Kar\u0131\u015f\u0131m\u0131, olgun muzlar\u0131n klasik lezzetini \u00e7ok \u00e7e\u015fitli i\u00e7eceklere ve tatl\u0131lara getiriyor. P\u00fcr\u00fczs\u00fcz k\u0131vam\u0131 ve otantik tad\u0131yla bu p\u00fcre, her tarife tropikal bir dokunu\u015f katan \u00e7ok y\u00f6nl\u00fc bir bile\u015fendir.<\/p>\n<table width=\"292\">\n<tbody>\n<tr>\n<td width=\"139\">Net Weight<\/td>\n<td width=\"153\">1000 gr.<\/td>\n<\/tr>\n<tr>\n<td>Pieces \/ carton<\/td>\n<td>6<\/td>\n<\/tr>\n<tr>\n<td>Carton \/ Pallet<\/td>\n<td>80<\/td>\n<\/tr>\n<tr>\n<td>Carton \/ 20 ft<\/td>\n<td>880<\/td>\n<\/tr>\n<tr>\n<td>Carton \/ 40 ft<\/td>\n<td>1920<\/td>\n<\/tr>\n<tr>\n<td>Shelf Life<\/td>\n<td>2 years<\/td>\n<\/tr>\n<tr>\n<td>Languages<\/td>\n<td>English, Turkish, Arabic<\/td>\n<\/tr>\n<\/tbody>\n<\/table>\n","protected":false},"featured_media":2928,"comment_status":"closed","ping_status":"closed","template":"","meta":[],"product_brand":[],"product_cat":[487],"product_tag":[429,430,431,441,442,443,433,280,444,445],"class_list":{"0":"post-6839","1":"product","2":"type-product","3":"status-publish","4":"has-post-thumbnail","6":"product_cat-meyve-pureleri","7":"product_tag-artisanal-beverage-mix-tr","8":"product_tag-barico-mix-tr","9":"product_tag-beverage-enhancement-tr","10":"product_tag-blueberry-beverage-mix-tr","11":"product_tag-blueberry-puree-mix-tr","12":"product_tag-creative-cooking-with-berries-tr","13":"product_tag-fruit-puree-tr","14":"product_tag-guilt-free-indulgence-tr","15":"product_tag-nature-inspired-culinary-ingredient-tr","16":"product_tag-wild-berry-flavors-tr","18":"first","19":"instock","20":"shipping-taxable","21":"product-type-simple"},"_links":{"self":[{"href":"https:\/\/inovexfoods.com\/tr\/wp-json\/wp\/v2\/product\/6839","targetHints":{"allow":["GET"]}}],"collection":[{"href":"https:\/\/inovexfoods.com\/tr\/wp-json\/wp\/v2\/product"}],"about":[{"href":"https:\/\/inovexfoods.com\/tr\/wp-json\/wp\/v2\/types\/product"}],"replies":[{"embeddable":true,"href":"https:\/\/inovexfoods.com\/tr\/wp-json\/wp\/v2\/comments?post=6839"}],"wp:featuredmedia":[{"embeddable":true,"href":"https:\/\/inovexfoods.com\/tr\/wp-json\/wp\/v2\/media\/2928"}],"wp:attachment":[{"href":"https:\/\/inovexfoods.com\/tr\/wp-json\/wp\/v2\/media?parent=6839"}],"wp:term":[{"taxonomy":"product_brand","embeddable":true,"href":"https:\/\/inovexfoods.com\/tr\/wp-json\/wp\/v2\/product_brand?post=6839"},{"taxonomy":"product_cat","embeddable":true,"href":"https:\/\/inovexfoods.com\/tr\/wp-json\/wp\/v2\/product_cat?post=6839"},{"taxonomy":"product_tag","embeddable":true,"href":"https:\/\/inovexfoods.com\/tr\/wp-json\/wp\/v2\/product_tag?post=6839"}],"curies":[{"name":"wp","href":"https:\/\/api.w.org\/{rel}","templated":true}]}}