{"id":6838,"date":"2025-07-02T13:50:41","date_gmt":"2025-07-02T13:50:41","guid":{"rendered":"https:\/\/www.inovexfoods.com\/products\/barico-peach-puree-mix\/"},"modified":"2025-08-07T10:18:33","modified_gmt":"2025-08-07T10:18:33","slug":"barico-seftali-puresi-karisimi","status":"publish","type":"product","link":"https:\/\/inovexfoods.com\/tr\/urun\/barico-seftali-puresi-karisimi\/","title":{"rendered":"Barico \u015eeftali P\u00fcresi Kar\u0131\u015f\u0131m\u0131"},"content":{"rendered":"<p>Barico \u015eeftali P\u00fcresi Kar\u0131\u015f\u0131m\u0131<\/p>\n<p>Barico \u015eeftali P\u00fcresi Kar\u0131\u015f\u0131m\u0131 ile \u015feftalilerin tatl\u0131, g\u00fcne\u015fte olgunla\u015fm\u0131\u015f lezzetini yakalay\u0131n. P\u00fcr\u00fczs\u00fcz, ho\u015f kokulu ve do\u011fal olarak lezzetli olan bu \u00e7ok y\u00f6nl\u00fc p\u00fcre, hem i\u00e7eceklere hem de tatl\u0131lara lezzet katmak i\u00e7in m\u00fckemmel bir malzemedir.<\/p>\n<p>Sulu \u015feftali aromas\u0131 patlamas\u0131 i\u00e7in smoothie, buzlu i\u00e7ecek, kokteyl veya bubble tea gibi dondurulmu\u015f i\u00e7eceklere kar\u0131\u015ft\u0131r\u0131n. Ayr\u0131ca keklere, pudinglere, muslara ve soslara da harika bir katk\u0131 sa\u011flayarak her yeme\u011fe meyvemsi bir zarafet katar.<\/p>\n<p>Temel \u00d6zellikler:<\/p>\n<p>Ger\u00e7ek \u015feftalilerle \u00fcretilmi\u015ftir, otantik ve tatl\u0131 bir lezzet sunar.<\/p>\n<p>Kolay kar\u0131\u015ft\u0131rma ve pi\u015firme i\u00e7in ipeksi ve p\u00fcr\u00fczs\u00fcz dokusu vard\u0131r.<\/p>\n<p>Dondurulmu\u015f i\u00e7ecekler, meyve \u00e7aylar\u0131 ve alkols\u00fcz kokteyller i\u00e7in idealdir.<\/p>\n<p>Kek, puding ve tatl\u0131 tariflerini zenginle\u015ftirmek i\u00e7in m\u00fckemmeldir.<\/p>\n<p>Raf \u00f6mr\u00fc uzundur ve y\u0131l boyunca kullan\u0131ma uygundur.<\/p>\n<p>\u0130ster ferahlat\u0131c\u0131 i\u00e7ecekler ister meyveli tatl\u0131lar haz\u0131rlay\u0131n, Barico \u015eeftali P\u00fcresi Kar\u0131\u015f\u0131m\u0131 her kullan\u0131mda zengin bir lezzet ve p\u00fcr\u00fczs\u00fcz bir performans sunar.<\/p>\n<p><img fetchpriority=\"high\" decoding=\"async\" class=\"alignnone wp-image-564 size-full\" src=\"https:\/\/inovexfoods.com\/wp-content\/uploads\/2024\/01\/strawberry-nutrition.png\" alt=\"\" width=\"506\" height=\"288\" srcset=\"https:\/\/inovexfoods.com\/wp-content\/uploads\/2024\/01\/strawberry-nutrition.png 506w, https:\/\/inovexfoods.com\/wp-content\/uploads\/2024\/01\/strawberry-nutrition-300x171.png 300w, https:\/\/inovexfoods.com\/wp-content\/uploads\/2024\/01\/strawberry-nutrition-150x85.png 150w, https:\/\/inovexfoods.com\/wp-content\/uploads\/2024\/01\/strawberry-nutrition-18x10.png 18w\" sizes=\"(max-width: 506px) 100vw, 506px\" \/><\/p>\n","protected":false},"excerpt":{"rendered":"<p>Barico \u015eeftali P\u00fcresi Kar\u0131\u015f\u0131m\u0131 ile \u015feftalilerin tatl\u0131, g\u00fcne\u015fte olgunla\u015fm\u0131\u015f lezzetini yakalay\u0131n. P\u00fcr\u00fczs\u00fcz, ho\u015f kokulu ve do\u011fal olarak lezzetli olan bu \u00e7ok y\u00f6nl\u00fc p\u00fcre, hem i\u00e7eceklere hem de tatl\u0131lara lezzet katmak i\u00e7in m\u00fckemmel bir malzemedir.<\/p>\n<table width=\"292\">\n<tbody>\n<tr>\n<td width=\"139\">Volume<\/td>\n<td width=\"153\">1000 gr.<\/td>\n<\/tr>\n<tr>\n<td>Pieces \/ carton<\/td>\n<td>6<\/td>\n<\/tr>\n<tr>\n<td>Carton \/ Pallet<\/td>\n<td>80<\/td>\n<\/tr>\n<tr>\n<td>Carton \/ 20 ft<\/td>\n<td>880<\/td>\n<\/tr>\n<tr>\n<td>Carton \/ 40 ft<\/td>\n<td>2100<\/td>\n<\/tr>\n<tr>\n<td>Shelf Life<\/td>\n<td>2 years<\/td>\n<\/tr>\n<tr>\n<td>Languages<\/td>\n<td>English, Turkish, Arabic<\/td>\n<\/tr>\n<\/tbody>\n<\/table>\n","protected":false},"featured_media":2876,"comment_status":"closed","ping_status":"closed","template":"","meta":[],"product_brand":[],"product_cat":[487],"product_tag":[429,430,431,432,350,433,280,434,435,436],"class_list":{"0":"post-6838","1":"product","2":"type-product","3":"status-publish","4":"has-post-thumbnail","6":"product_cat-meyve-pureleri","7":"product_tag-artisanal-beverage-mix-tr","8":"product_tag-barico-mix-tr","9":"product_tag-beverage-enhancement-tr","10":"product_tag-creative-cooking-with-mangoes-tr","11":"product_tag-exotic-culinary-ingredient-tr","12":"product_tag-fruit-puree-tr","13":"product_tag-guilt-free-indulgence-tr","14":"product_tag-strawberry-fruit-beverage-mix-tr","15":"product_tag-strawberry-fruit-puree-mix-tr","16":"product_tag-tropical-flavors-tr","18":"first","19":"instock","20":"shipping-taxable","21":"product-type-simple"},"_links":{"self":[{"href":"https:\/\/inovexfoods.com\/tr\/wp-json\/wp\/v2\/product\/6838","targetHints":{"allow":["GET"]}}],"collection":[{"href":"https:\/\/inovexfoods.com\/tr\/wp-json\/wp\/v2\/product"}],"about":[{"href":"https:\/\/inovexfoods.com\/tr\/wp-json\/wp\/v2\/types\/product"}],"replies":[{"embeddable":true,"href":"https:\/\/inovexfoods.com\/tr\/wp-json\/wp\/v2\/comments?post=6838"}],"wp:featuredmedia":[{"embeddable":true,"href":"https:\/\/inovexfoods.com\/tr\/wp-json\/wp\/v2\/media\/2876"}],"wp:attachment":[{"href":"https:\/\/inovexfoods.com\/tr\/wp-json\/wp\/v2\/media?parent=6838"}],"wp:term":[{"taxonomy":"product_brand","embeddable":true,"href":"https:\/\/inovexfoods.com\/tr\/wp-json\/wp\/v2\/product_brand?post=6838"},{"taxonomy":"product_cat","embeddable":true,"href":"https:\/\/inovexfoods.com\/tr\/wp-json\/wp\/v2\/product_cat?post=6838"},{"taxonomy":"product_tag","embeddable":true,"href":"https:\/\/inovexfoods.com\/tr\/wp-json\/wp\/v2\/product_tag?post=6838"}],"curies":[{"name":"wp","href":"https:\/\/api.w.org\/{rel}","templated":true}]}}