{"id":6836,"date":"2025-07-02T13:52:25","date_gmt":"2025-07-02T13:52:25","guid":{"rendered":"https:\/\/www.inovexfoods.com\/products\/barico-watermelon-fruit-puree-mix\/"},"modified":"2025-08-07T10:18:33","modified_gmt":"2025-08-07T10:18:33","slug":"barico-karpuz-meyve-puresi-karisimi","status":"publish","type":"product","link":"https:\/\/inovexfoods.com\/tr\/urun\/barico-karpuz-meyve-puresi-karisimi\/","title":{"rendered":"Barico Karpuz Meyve P\u00fcresi Kar\u0131\u015f\u0131m\u0131"},"content":{"rendered":"<p>Barico Karpuz Meyve P\u00fcresi Kar\u0131\u015f\u0131m\u0131<\/p>\n<p>Canland\u0131r\u0131c\u0131 tatl\u0131l\u0131\u011f\u0131 ve \u00e7\u0131t\u0131r \u00e7\u0131t\u0131r biti\u015fiyle Barico Karpuz Meyve P\u00fcresi Kar\u0131\u015f\u0131m\u0131, karpuzun sulu tad\u0131n\u0131 elman\u0131n parlak keskinli\u011fiyle birle\u015ftirerek benzersiz ve canl\u0131 bir lezzet deneyimi sunar. Bu p\u00fcr\u00fczs\u00fcz, kullan\u0131ma haz\u0131r p\u00fcre, \u00e7ok \u00e7e\u015fitli mutfak ve i\u00e7ecek uygulamalar\u0131 i\u00e7in m\u00fckemmel bir malzemedir.<\/p>\n<p>Smoothie, buzlu i\u00e7ecek, alkols\u00fcz kokteyl ve bubble tea gibi dondurulmu\u015f i\u00e7ecekler i\u00e7in ideal olan bu kar\u0131\u015f\u0131m, tatl\u0131larda da parlar; keklere, pudinglere, muslara ve daha fazlas\u0131na taze meyveli bir dokunu\u015f katar. Dengeli lezzet profili ve p\u00fcr\u00fczs\u00fcz k\u0131vam\u0131, herhangi bir tarifte kolayca kar\u0131\u015ft\u0131r\u0131lmas\u0131n\u0131, pi\u015firilmesini veya kar\u0131\u015ft\u0131r\u0131lmas\u0131n\u0131 sa\u011flar.<\/p>\n<p>Temel \u00d6zellikler:<\/p>\n<p>Ger\u00e7ek karpuz ve elman\u0131n lezzetli kar\u0131\u015f\u0131m\u0131<\/p>\n<p>Kolay kar\u0131\u015ft\u0131rma ve pi\u015firme i\u00e7in p\u00fcr\u00fczs\u00fcz ve d\u00f6k\u00fclebilir<\/p>\n<p>Dondurulmu\u015f i\u00e7ecekler, kokteyller ve meyve \u00e7aylar\u0131 i\u00e7in harika<\/p>\n<p>Kek, puding ve tatl\u0131larda kullan\u0131m i\u00e7in \u00e7ok y\u00f6nl\u00fc<\/p>\n<p>Raf \u00f6mr\u00fc uzun ve mutfak dostu<\/p>\n<p>\u0130ster so\u011fuk i\u00e7ecekler ister meyveli tatl\u0131lar haz\u0131rlay\u0131n, Barico Karpuz Meyve P\u00fcresi Kar\u0131\u015f\u0131m\u0131 her yarat\u0131ma bir tutam tazelik ve lezzet katar.<\/p>\n<p><img fetchpriority=\"high\" decoding=\"async\" class=\"alignnone wp-image-580 size-full\" src=\"https:\/\/inovexfoods.com\/wp-content\/uploads\/2024\/01\/passion-fruit-ingredients.png\" alt=\"\" width=\"509\" height=\"296\" srcset=\"https:\/\/inovexfoods.com\/wp-content\/uploads\/2024\/01\/passion-fruit-ingredients.png 509w, https:\/\/inovexfoods.com\/wp-content\/uploads\/2024\/01\/passion-fruit-ingredients-300x174.png 300w, https:\/\/inovexfoods.com\/wp-content\/uploads\/2024\/01\/passion-fruit-ingredients-150x87.png 150w, https:\/\/inovexfoods.com\/wp-content\/uploads\/2024\/01\/passion-fruit-ingredients-18x10.png 18w\" sizes=\"(max-width: 509px) 100vw, 509px\" \/><\/p>\n","protected":false},"excerpt":{"rendered":"<p>Canland\u0131r\u0131c\u0131 tatl\u0131l\u0131\u011f\u0131 ve \u00e7\u0131t\u0131r \u00e7\u0131t\u0131r biti\u015fiyle Barico Karpuz Meyve P\u00fcresi Kar\u0131\u015f\u0131m\u0131, karpuzun sulu tad\u0131n\u0131 elman\u0131n parlak keskinli\u011fiyle birle\u015ftirerek benzersiz ve canl\u0131 bir lezzet deneyimi sunar. Bu p\u00fcr\u00fczs\u00fcz, kullan\u0131ma haz\u0131r p\u00fcre, \u00e7ok \u00e7e\u015fitli mutfak ve i\u00e7ecek uygulamalar\u0131 i\u00e7in m\u00fckemmel bir malzemedir.<\/p>\n<table width=\"292\">\n<tbody>\n<tr>\n<td width=\"139\">Net Weight<\/td>\n<td width=\"153\">1000 gr.<\/td>\n<\/tr>\n<tr>\n<td>Pieces \/ carton<\/td>\n<td>6<\/td>\n<\/tr>\n<tr>\n<td>Carton \/ Pallet<\/td>\n<td>80<\/td>\n<\/tr>\n<tr>\n<td>Carton \/ 20 ft<\/td>\n<td>880<\/td>\n<\/tr>\n<tr>\n<td>Carton \/ 40 ft<\/td>\n<td>1920<\/td>\n<\/tr>\n<tr>\n<td>Shelf Life<\/td>\n<td>2 years<\/td>\n<\/tr>\n<tr>\n<td>Languages<\/td>\n<td>English, Turkish, Arabic<\/td>\n<\/tr>\n<\/tbody>\n<\/table>\n","protected":false},"featured_media":2896,"comment_status":"closed","ping_status":"closed","template":"","meta":[],"product_brand":[],"product_cat":[487],"product_tag":[429,430,431,432,350,433,280,437,438,439,436],"class_list":{"0":"post-6836","1":"product","2":"type-product","3":"status-publish","4":"has-post-thumbnail","6":"product_cat-meyve-pureleri","7":"product_tag-artisanal-beverage-mix-tr","8":"product_tag-barico-mix-tr","9":"product_tag-beverage-enhancement-tr","10":"product_tag-creative-cooking-with-mangoes-tr","11":"product_tag-exotic-culinary-ingredient-tr","12":"product_tag-fruit-puree-tr","13":"product_tag-guilt-free-indulgence-tr","14":"product_tag-passion-fruit-beverage-mix-tr","15":"product_tag-pineapple-fruit-beverage-mix-tr","16":"product_tag-pineapple-fruit-puree-mix-tr","17":"product_tag-tropical-flavors-tr","19":"first","20":"instock","21":"shipping-taxable","22":"product-type-simple"},"_links":{"self":[{"href":"https:\/\/inovexfoods.com\/tr\/wp-json\/wp\/v2\/product\/6836","targetHints":{"allow":["GET"]}}],"collection":[{"href":"https:\/\/inovexfoods.com\/tr\/wp-json\/wp\/v2\/product"}],"about":[{"href":"https:\/\/inovexfoods.com\/tr\/wp-json\/wp\/v2\/types\/product"}],"replies":[{"embeddable":true,"href":"https:\/\/inovexfoods.com\/tr\/wp-json\/wp\/v2\/comments?post=6836"}],"wp:featuredmedia":[{"embeddable":true,"href":"https:\/\/inovexfoods.com\/tr\/wp-json\/wp\/v2\/media\/2896"}],"wp:attachment":[{"href":"https:\/\/inovexfoods.com\/tr\/wp-json\/wp\/v2\/media?parent=6836"}],"wp:term":[{"taxonomy":"product_brand","embeddable":true,"href":"https:\/\/inovexfoods.com\/tr\/wp-json\/wp\/v2\/product_brand?post=6836"},{"taxonomy":"product_cat","embeddable":true,"href":"https:\/\/inovexfoods.com\/tr\/wp-json\/wp\/v2\/product_cat?post=6836"},{"taxonomy":"product_tag","embeddable":true,"href":"https:\/\/inovexfoods.com\/tr\/wp-json\/wp\/v2\/product_tag?post=6836"}],"curies":[{"name":"wp","href":"https:\/\/api.w.org\/{rel}","templated":true}]}}