{"id":6834,"date":"2025-07-02T13:55:29","date_gmt":"2025-07-02T13:55:29","guid":{"rendered":"https:\/\/www.inovexfoods.com\/products\/barico-apple-fruit-puree-mix\/"},"modified":"2025-08-07T10:18:33","modified_gmt":"2025-08-07T10:18:33","slug":"barico-yesil-elma-meyve-puresi-karisimi","status":"publish","type":"product","link":"https:\/\/inovexfoods.com\/tr\/urun\/barico-yesil-elma-meyve-puresi-karisimi\/","title":{"rendered":"Barico Ye\u015fil Elma Meyve P\u00fcresi Kar\u0131\u015f\u0131m\u0131"},"content":{"rendered":"<p>Barico Ye\u015fil Elma Meyve P\u00fcresi Kar\u0131\u015f\u0131m\u0131<\/p>\n<p>Barico Ye\u015fil Elma Meyve P\u00fcresi Kar\u0131\u015f\u0131m\u0131 ile tariflerinize cesur ve ferahlat\u0131c\u0131 bir dokunu\u015f kat\u0131n. Ye\u015fil elmalar\u0131n \u00e7\u0131t\u0131r \u00e7\u0131t\u0131r, keskin aromas\u0131yla dolu bu yumu\u015fak ve \u00e7ok y\u00f6nl\u00fc p\u00fcre, hem i\u00e7ecekler hem de tatl\u0131lar i\u00e7in m\u00fckemmel bir malzemedir.<\/p>\n<p>Smoothie, buzlu i\u00e7ecek, kokteyl ve bubble tea gibi dondurulmu\u015f i\u00e7eceklerde kullan\u0131m i\u00e7in ideal olan bu kar\u0131\u015f\u0131m, keklere, pudinglere, muslara ve daha fazlas\u0131na lezzetli bir meyve aromas\u0131 katar. Canl\u0131 aromas\u0131 ve ak\u0131\u015fkan k\u0131vam\u0131, kar\u0131\u015ft\u0131rmay\u0131, pi\u015firmeyi ve tutarl\u0131 sonu\u00e7larla servis etmeyi kolayla\u015ft\u0131r\u0131r.<\/p>\n<p>Temel \u00d6zellikler:<\/p>\n<p>Parlak ve keskin bir lezzet i\u00e7in ger\u00e7ek ye\u015fil elmalardan \u00fcretilmi\u015ftir.<\/p>\n<p>Zahmetsizce kar\u0131\u015ft\u0131rma ve pi\u015firme i\u00e7in p\u00fcr\u00fczs\u00fcz doku.<\/p>\n<p>Dondurulmu\u015f i\u00e7ecekler, alkols\u00fcz kokteyller ve bubble tea i\u00e7in m\u00fckemmel.<\/p>\n<p>Kekleri, pudingleri ve tatl\u0131lar\u0131 zenginle\u015ftirmek i\u00e7in harika.<\/p>\n<p>Raf \u00f6mr\u00fc uzun ve saklamas\u0131 kolay.<\/p>\n<p>\u0130ster so\u011fuk bir i\u00e7ecek haz\u0131rl\u0131yor olun, ister meyve aromal\u0131 bir tatl\u0131 pi\u015firiyor olun, Barico Ye\u015fil Elma Meyve P\u00fcresi Kar\u0131\u015f\u0131m\u0131 \u00f6ne \u00e7\u0131kan bir lezzet sunar.<\/p>\n<p><img fetchpriority=\"high\" decoding=\"async\" class=\"alignnone wp-image-564 size-full\" src=\"https:\/\/inovexfoods.com\/wp-content\/uploads\/2024\/01\/strawberry-nutrition.png\" alt=\"\" width=\"506\" height=\"288\" srcset=\"https:\/\/inovexfoods.com\/wp-content\/uploads\/2024\/01\/strawberry-nutrition.png 506w, https:\/\/inovexfoods.com\/wp-content\/uploads\/2024\/01\/strawberry-nutrition-300x171.png 300w, https:\/\/inovexfoods.com\/wp-content\/uploads\/2024\/01\/strawberry-nutrition-150x85.png 150w, https:\/\/inovexfoods.com\/wp-content\/uploads\/2024\/01\/strawberry-nutrition-18x10.png 18w\" sizes=\"(max-width: 506px) 100vw, 506px\" \/><\/p>\n","protected":false},"excerpt":{"rendered":"<p>Barico Ye\u015fil Elma Meyve P\u00fcresi Kar\u0131\u015f\u0131m\u0131 ile tariflerinize cesur ve ferahlat\u0131c\u0131 bir dokunu\u015f kat\u0131n. Ye\u015fil elmalar\u0131n \u00e7\u0131t\u0131r \u00e7\u0131t\u0131r, keskin aromas\u0131yla dolu bu yumu\u015fak ve \u00e7ok y\u00f6nl\u00fc p\u00fcre, hem i\u00e7ecekler hem de tatl\u0131lar i\u00e7in m\u00fckemmel bir malzemedir.<\/p>\n<table width=\"292\">\n<tbody>\n<tr>\n<td width=\"139\">Volume<\/td>\n<td width=\"153\">1000 gr.<\/td>\n<\/tr>\n<tr>\n<td>Pieces \/ carton<\/td>\n<td>6<\/td>\n<\/tr>\n<tr>\n<td>Carton \/ Pallet<\/td>\n<td>80<\/td>\n<\/tr>\n<tr>\n<td>Carton \/ 20 ft<\/td>\n<td>880<\/td>\n<\/tr>\n<tr>\n<td>Carton \/ 40 ft<\/td>\n<td>2100<\/td>\n<\/tr>\n<tr>\n<td>Shelf Life<\/td>\n<td>2 years<\/td>\n<\/tr>\n<tr>\n<td>Languages<\/td>\n<td>English, Turkish, Arabic<\/td>\n<\/tr>\n<\/tbody>\n<\/table>\n","protected":false},"featured_media":2916,"comment_status":"closed","ping_status":"closed","template":"","meta":[],"product_brand":[],"product_cat":[487],"product_tag":[429,430,431,432,350,433,280,434,435,436],"class_list":{"0":"post-6834","1":"product","2":"type-product","3":"status-publish","4":"has-post-thumbnail","6":"product_cat-meyve-pureleri","7":"product_tag-artisanal-beverage-mix-tr","8":"product_tag-barico-mix-tr","9":"product_tag-beverage-enhancement-tr","10":"product_tag-creative-cooking-with-mangoes-tr","11":"product_tag-exotic-culinary-ingredient-tr","12":"product_tag-fruit-puree-tr","13":"product_tag-guilt-free-indulgence-tr","14":"product_tag-strawberry-fruit-beverage-mix-tr","15":"product_tag-strawberry-fruit-puree-mix-tr","16":"product_tag-tropical-flavors-tr","18":"first","19":"instock","20":"shipping-taxable","21":"product-type-simple"},"_links":{"self":[{"href":"https:\/\/inovexfoods.com\/tr\/wp-json\/wp\/v2\/product\/6834","targetHints":{"allow":["GET"]}}],"collection":[{"href":"https:\/\/inovexfoods.com\/tr\/wp-json\/wp\/v2\/product"}],"about":[{"href":"https:\/\/inovexfoods.com\/tr\/wp-json\/wp\/v2\/types\/product"}],"replies":[{"embeddable":true,"href":"https:\/\/inovexfoods.com\/tr\/wp-json\/wp\/v2\/comments?post=6834"}],"wp:featuredmedia":[{"embeddable":true,"href":"https:\/\/inovexfoods.com\/tr\/wp-json\/wp\/v2\/media\/2916"}],"wp:attachment":[{"href":"https:\/\/inovexfoods.com\/tr\/wp-json\/wp\/v2\/media?parent=6834"}],"wp:term":[{"taxonomy":"product_brand","embeddable":true,"href":"https:\/\/inovexfoods.com\/tr\/wp-json\/wp\/v2\/product_brand?post=6834"},{"taxonomy":"product_cat","embeddable":true,"href":"https:\/\/inovexfoods.com\/tr\/wp-json\/wp\/v2\/product_cat?post=6834"},{"taxonomy":"product_tag","embeddable":true,"href":"https:\/\/inovexfoods.com\/tr\/wp-json\/wp\/v2\/product_tag?post=6834"}],"curies":[{"name":"wp","href":"https:\/\/api.w.org\/{rel}","templated":true}]}}