{"id":6828,"date":"2025-07-02T13:58:09","date_gmt":"2025-07-02T13:58:09","guid":{"rendered":"https:\/\/www.inovexfoods.com\/products\/barico-lemon-fruit-puree-mix\/"},"modified":"2025-08-07T10:15:06","modified_gmt":"2025-08-07T10:15:06","slug":"barico-limon-meyve-puresi-karisimi","status":"publish","type":"product","link":"https:\/\/inovexfoods.com\/tr\/urun\/barico-limon-meyve-puresi-karisimi\/","title":{"rendered":"Barico Limon Meyve P\u00fcresi Kar\u0131\u015f\u0131m\u0131"},"content":{"rendered":"<p>Barico Limon Meyve P\u00fcresi Kar\u0131\u015f\u0131m\u0131<\/p>\n<p>Barico Limon Meyve P\u00fcresi Kar\u0131\u015f\u0131m\u0131 ile tariflerinize canl\u0131 ve lezzetli bir dokunu\u015f kat\u0131n. Ger\u00e7ek limonlardan yap\u0131lan bu p\u00fcr\u00fczs\u00fcz ve keskin p\u00fcre, narenciye tazeli\u011fi ve do\u011fal tatl\u0131l\u0131\u011f\u0131n m\u00fckemmel dengesini sunar; hem i\u00e7ecekler hem de tatl\u0131lar i\u00e7in idealdir.<\/p>\n<p>Limonata, smoothie ve buzlu i\u00e7ecek gibi dondurulmu\u015f i\u00e7eceklerden f\u0131r\u0131nlanm\u0131\u015f \u00fcr\u00fcnlere ve kremal\u0131 pudinglere kadar bu \u00e7ok y\u00f6nl\u00fc limon p\u00fcresi, her t\u00fcrl\u00fc tarifi canl\u0131 bir lezzet ve aromayla zenginle\u015ftirir. D\u00f6k\u00fclebilir k\u0131vam\u0131 ve yo\u011fun tad\u0131, kullan\u0131m\u0131n\u0131 kolayla\u015ft\u0131r\u0131r ve her zaman lezzetli olmas\u0131n\u0131 sa\u011flar.<\/p>\n<p>Temel \u00d6zellikler:<\/p>\n<p>Cesur ve taze bir lezzet i\u00e7in y\u00fcksek kaliteli limonlardan \u00fcretilmi\u015ftir.<\/p>\n<p>Zahmetsizce kar\u0131\u015ft\u0131rmak i\u00e7in p\u00fcr\u00fczs\u00fcz, kullan\u0131ma haz\u0131r doku.<\/p>\n<p>Dondurulmu\u015f i\u00e7ecekler, kokteyller ve \u00e7aylar i\u00e7in harika.<\/p>\n<p>Limonlu kekler, tartlar, pudingler ve muslar i\u00e7in ideal.<\/p>\n<p>Raf \u00f6mr\u00fc uzun ve saklamas\u0131 kolay.<\/p>\n<p>\u0130ster serin yaz i\u00e7ecekleri haz\u0131rlay\u0131n, ister tatl\u0131lara narenciye aromas\u0131 kat\u0131n, Barico Limon Meyve P\u00fcresi Kar\u0131\u015f\u0131m\u0131, limon aromas\u0131 patlamas\u0131 i\u00e7in vazge\u00e7ilmez malzemenizdir.<\/p>\n<p>&nbsp;<\/p>\n<p><img fetchpriority=\"high\" decoding=\"async\" class=\"alignnone wp-image-580 size-full\" src=\"https:\/\/inovexfoods.com\/wp-content\/uploads\/2024\/01\/passion-fruit-ingredients.png\" alt=\"\" width=\"509\" height=\"296\" srcset=\"https:\/\/inovexfoods.com\/wp-content\/uploads\/2024\/01\/passion-fruit-ingredients.png 509w, https:\/\/inovexfoods.com\/wp-content\/uploads\/2024\/01\/passion-fruit-ingredients-300x174.png 300w, https:\/\/inovexfoods.com\/wp-content\/uploads\/2024\/01\/passion-fruit-ingredients-150x87.png 150w, https:\/\/inovexfoods.com\/wp-content\/uploads\/2024\/01\/passion-fruit-ingredients-18x10.png 18w\" sizes=\"(max-width: 509px) 100vw, 509px\" \/><\/p>\n","protected":false},"excerpt":{"rendered":"<p>Barico Limon Meyve P\u00fcresi Kar\u0131\u015f\u0131m\u0131 ile tariflerinize canl\u0131 ve lezzetli bir dokunu\u015f kat\u0131n. Ger\u00e7ek limonlardan yap\u0131lan bu p\u00fcr\u00fczs\u00fcz ve keskin p\u00fcre, narenciye tazeli\u011fi ve do\u011fal tatl\u0131l\u0131\u011f\u0131n m\u00fckemmel dengesini sunar; hem i\u00e7ecekler hem de tatl\u0131lar i\u00e7in idealdir.<\/p>\n<table width=\"292\">\n<tbody>\n<tr>\n<td width=\"139\">Net Weight<\/td>\n<td width=\"153\">1000 gr.<\/td>\n<\/tr>\n<tr>\n<td>Pieces \/ carton<\/td>\n<td>6<\/td>\n<\/tr>\n<tr>\n<td>Carton \/ Pallet<\/td>\n<td>80<\/td>\n<\/tr>\n<tr>\n<td>Carton \/ 20 ft<\/td>\n<td>880<\/td>\n<\/tr>\n<tr>\n<td>Carton \/ 40 ft<\/td>\n<td>1920<\/td>\n<\/tr>\n<tr>\n<td>Shelf Life<\/td>\n<td>2 years<\/td>\n<\/tr>\n<tr>\n<td>Languages<\/td>\n<td>English, Turkish, Arabic<\/td>\n<\/tr>\n<\/tbody>\n<\/table>\n","protected":false},"featured_media":2888,"comment_status":"closed","ping_status":"closed","template":"","meta":[],"product_brand":[],"product_cat":[487],"product_tag":[429,430,431,432,350,433,280,437,438,439,436],"class_list":{"0":"post-6828","1":"product","2":"type-product","3":"status-publish","4":"has-post-thumbnail","6":"product_cat-meyve-pureleri","7":"product_tag-artisanal-beverage-mix-tr","8":"product_tag-barico-mix-tr","9":"product_tag-beverage-enhancement-tr","10":"product_tag-creative-cooking-with-mangoes-tr","11":"product_tag-exotic-culinary-ingredient-tr","12":"product_tag-fruit-puree-tr","13":"product_tag-guilt-free-indulgence-tr","14":"product_tag-passion-fruit-beverage-mix-tr","15":"product_tag-pineapple-fruit-beverage-mix-tr","16":"product_tag-pineapple-fruit-puree-mix-tr","17":"product_tag-tropical-flavors-tr","19":"first","20":"instock","21":"shipping-taxable","22":"product-type-simple"},"_links":{"self":[{"href":"https:\/\/inovexfoods.com\/tr\/wp-json\/wp\/v2\/product\/6828","targetHints":{"allow":["GET"]}}],"collection":[{"href":"https:\/\/inovexfoods.com\/tr\/wp-json\/wp\/v2\/product"}],"about":[{"href":"https:\/\/inovexfoods.com\/tr\/wp-json\/wp\/v2\/types\/product"}],"replies":[{"embeddable":true,"href":"https:\/\/inovexfoods.com\/tr\/wp-json\/wp\/v2\/comments?post=6828"}],"wp:featuredmedia":[{"embeddable":true,"href":"https:\/\/inovexfoods.com\/tr\/wp-json\/wp\/v2\/media\/2888"}],"wp:attachment":[{"href":"https:\/\/inovexfoods.com\/tr\/wp-json\/wp\/v2\/media?parent=6828"}],"wp:term":[{"taxonomy":"product_brand","embeddable":true,"href":"https:\/\/inovexfoods.com\/tr\/wp-json\/wp\/v2\/product_brand?post=6828"},{"taxonomy":"product_cat","embeddable":true,"href":"https:\/\/inovexfoods.com\/tr\/wp-json\/wp\/v2\/product_cat?post=6828"},{"taxonomy":"product_tag","embeddable":true,"href":"https:\/\/inovexfoods.com\/tr\/wp-json\/wp\/v2\/product_tag?post=6828"}],"curies":[{"name":"wp","href":"https:\/\/api.w.org\/{rel}","templated":true}]}}