{"id":6826,"date":"2025-07-02T14:00:06","date_gmt":"2025-07-02T14:00:06","guid":{"rendered":"https:\/\/www.inovexfoods.com\/products\/barico-kiwi-fruit-puree-mix\/"},"modified":"2025-08-07T10:14:07","modified_gmt":"2025-08-07T10:14:07","slug":"barico-kivi-meyve-puresi-karisimi","status":"publish","type":"product","link":"https:\/\/inovexfoods.com\/tr\/urun\/barico-kivi-meyve-puresi-karisimi\/","title":{"rendered":"Barico Kivi Meyve P\u00fcresi Kar\u0131\u015f\u0131m\u0131"},"content":{"rendered":"<p>Barico Kivi Meyve P\u00fcresi Kar\u0131\u015f\u0131m\u0131<\/p>\n<p>Barico Kivi Meyve P\u00fcresi Kar\u0131\u015f\u0131m\u0131&#8217;n\u0131n canl\u0131 aromas\u0131yla tariflerinize ferahlat\u0131c\u0131 bir dokunu\u015f kat\u0131n. Olgun, keskin kivilerden yap\u0131lan bu p\u00fcr\u00fczs\u00fcz ve canl\u0131 p\u00fcre, \u00e7ok \u00e7e\u015fitli yiyecek ve i\u00e7ecek tariflerinizi zenginle\u015ftirmek i\u00e7in tasarlanm\u0131\u015ft\u0131r.<\/p>\n<p>\u0130ster smoothie, buzlu i\u00e7ecek ve bubble tea gibi dondurulmu\u015f i\u00e7ecekleri kar\u0131\u015ft\u0131r\u0131n, ister keklere, pudinglere, muslara ve di\u011fer tatl\u0131lara meyveli bir dokunu\u015f kat\u0131n, Barico Kivi P\u00fcresi her kullan\u0131mda cesur bir lezzet ve parlak ye\u015fil bir \u00e7ekicilik sunar.<\/p>\n<p>Temel \u00d6zellikler:<\/p>\n<p>Do\u011fal olarak ek\u015fi-tatl\u0131 bir tat i\u00e7in ger\u00e7ek kividen yap\u0131lm\u0131\u015ft\u0131r.<\/p>\n<p>P\u00fcr\u00fczs\u00fcz dokusuyla kar\u0131\u015ft\u0131rma ve pi\u015firme i\u00e7in idealdir.<\/p>\n<p>Dondurulmu\u015f i\u00e7ecekler, kokteyller ve \u00e7aylar i\u00e7in m\u00fckemmeldir.<\/p>\n<p>Keklerde, hamur i\u015flerinde, pudinglerde ve daha fazlas\u0131nda kullan\u0131m i\u00e7in \u00e7ok y\u00f6nl\u00fcd\u00fcr.<\/p>\n<p>Raf \u00f6mr\u00fc uzundur ve saklamas\u0131 kolayd\u0131r.<\/p>\n<p>So\u011fuk i\u00e7eceklerden kremal\u0131 tatl\u0131lara kadar, Barico Kivi Meyve P\u00fcresi Kar\u0131\u015f\u0131m\u0131 her tarife tropikal bir ferahl\u0131k katar.<\/p>\n<p><img fetchpriority=\"high\" decoding=\"async\" class=\"alignnone wp-image-564 size-full\" src=\"https:\/\/inovexfoods.com\/wp-content\/uploads\/2024\/01\/strawberry-nutrition.png\" alt=\"\" width=\"506\" height=\"288\" srcset=\"https:\/\/inovexfoods.com\/wp-content\/uploads\/2024\/01\/strawberry-nutrition.png 506w, https:\/\/inovexfoods.com\/wp-content\/uploads\/2024\/01\/strawberry-nutrition-300x171.png 300w, https:\/\/inovexfoods.com\/wp-content\/uploads\/2024\/01\/strawberry-nutrition-150x85.png 150w, https:\/\/inovexfoods.com\/wp-content\/uploads\/2024\/01\/strawberry-nutrition-18x10.png 18w\" sizes=\"(max-width: 506px) 100vw, 506px\" \/><\/p>\n","protected":false},"excerpt":{"rendered":"<p>Barico Kivi Meyve P\u00fcresi Kar\u0131\u015f\u0131m\u0131&#8217;n\u0131n canl\u0131 aromas\u0131yla tariflerinize ferahlat\u0131c\u0131 bir dokunu\u015f kat\u0131n. Olgun, keskin kivilerden yap\u0131lan bu p\u00fcr\u00fczs\u00fcz ve canl\u0131 p\u00fcre, \u00e7ok \u00e7e\u015fitli yiyecek ve i\u00e7ecek tariflerinizi zenginle\u015ftirmek i\u00e7in tasarlanm\u0131\u015ft\u0131r.<\/p>\n<table width=\"292\">\n<tbody>\n<tr>\n<td width=\"139\">Volume<\/td>\n<td width=\"153\">1000 gr.<\/td>\n<\/tr>\n<tr>\n<td>Pieces \/ carton<\/td>\n<td>6<\/td>\n<\/tr>\n<tr>\n<td>Carton \/ Pallet<\/td>\n<td>80<\/td>\n<\/tr>\n<tr>\n<td>Carton \/ 20 ft<\/td>\n<td>880<\/td>\n<\/tr>\n<tr>\n<td>Carton \/ 40 ft<\/td>\n<td>2100<\/td>\n<\/tr>\n<tr>\n<td>Shelf Life<\/td>\n<td>2 years<\/td>\n<\/tr>\n<tr>\n<td>Languages<\/td>\n<td>English, Turkish, Arabic<\/td>\n<\/tr>\n<\/tbody>\n<\/table>\n","protected":false},"featured_media":2892,"comment_status":"closed","ping_status":"closed","template":"","meta":[],"product_brand":[],"product_cat":[487],"product_tag":[429,430,431,432,350,433,280,434,435,436],"class_list":{"0":"post-6826","1":"product","2":"type-product","3":"status-publish","4":"has-post-thumbnail","6":"product_cat-meyve-pureleri","7":"product_tag-artisanal-beverage-mix-tr","8":"product_tag-barico-mix-tr","9":"product_tag-beverage-enhancement-tr","10":"product_tag-creative-cooking-with-mangoes-tr","11":"product_tag-exotic-culinary-ingredient-tr","12":"product_tag-fruit-puree-tr","13":"product_tag-guilt-free-indulgence-tr","14":"product_tag-strawberry-fruit-beverage-mix-tr","15":"product_tag-strawberry-fruit-puree-mix-tr","16":"product_tag-tropical-flavors-tr","18":"first","19":"instock","20":"shipping-taxable","21":"product-type-simple"},"_links":{"self":[{"href":"https:\/\/inovexfoods.com\/tr\/wp-json\/wp\/v2\/product\/6826","targetHints":{"allow":["GET"]}}],"collection":[{"href":"https:\/\/inovexfoods.com\/tr\/wp-json\/wp\/v2\/product"}],"about":[{"href":"https:\/\/inovexfoods.com\/tr\/wp-json\/wp\/v2\/types\/product"}],"replies":[{"embeddable":true,"href":"https:\/\/inovexfoods.com\/tr\/wp-json\/wp\/v2\/comments?post=6826"}],"wp:featuredmedia":[{"embeddable":true,"href":"https:\/\/inovexfoods.com\/tr\/wp-json\/wp\/v2\/media\/2892"}],"wp:attachment":[{"href":"https:\/\/inovexfoods.com\/tr\/wp-json\/wp\/v2\/media?parent=6826"}],"wp:term":[{"taxonomy":"product_brand","embeddable":true,"href":"https:\/\/inovexfoods.com\/tr\/wp-json\/wp\/v2\/product_brand?post=6826"},{"taxonomy":"product_cat","embeddable":true,"href":"https:\/\/inovexfoods.com\/tr\/wp-json\/wp\/v2\/product_cat?post=6826"},{"taxonomy":"product_tag","embeddable":true,"href":"https:\/\/inovexfoods.com\/tr\/wp-json\/wp\/v2\/product_tag?post=6826"}],"curies":[{"name":"wp","href":"https:\/\/api.w.org\/{rel}","templated":true}]}}