{"id":6824,"date":"2025-07-02T14:01:41","date_gmt":"2025-07-02T14:01:41","guid":{"rendered":"https:\/\/www.inovexfoods.com\/products\/barico-melon-fruit-puree-mix\/"},"modified":"2025-08-07T10:12:56","modified_gmt":"2025-08-07T10:12:56","slug":"barico-kavun-meyve-puresi-karisimi","status":"publish","type":"product","link":"https:\/\/inovexfoods.com\/tr\/urun\/barico-kavun-meyve-puresi-karisimi\/","title":{"rendered":"Barico Kavun Meyve P\u00fcresi Kar\u0131\u015f\u0131m\u0131"},"content":{"rendered":"<p>Barico Kavun Meyve P\u00fcresi Kar\u0131\u015f\u0131m\u0131<\/p>\n<p>Barico Kavun Meyve P\u00fcresi Kar\u0131\u015f\u0131m\u0131&#8217;n\u0131n taze ve sulu tad\u0131yla kreasyonlar\u0131n\u0131z\u0131 zenginle\u015ftirin. \u00c7ok y\u00f6nl\u00fcl\u00fck ve canl\u0131 bir lezzet i\u00e7in \u00f6zel olarak \u00fcretilen bu birinci s\u0131n\u0131f kavun p\u00fcresi, ferahlat\u0131c\u0131 dondurulmu\u015f i\u00e7eceklerden enfes tatl\u0131lara kadar \u00e7ok \u00e7e\u015fitli uygulamalar i\u00e7in m\u00fckemmel bir bile\u015fendir.<\/p>\n<p>Olgun ve kaliteli kavunlardan \u00fcretilen Barico p\u00fcresi, her damlas\u0131nda \u00f6zg\u00fcn bir tat ve p\u00fcr\u00fczs\u00fcz bir doku sunar. Smoothie, buzlu i\u00e7ecek, kokteyl ve bubble tea&#8217;lere kar\u0131\u015ft\u0131rmak i\u00e7in idealdir. Do\u011fal tatl\u0131l\u0131\u011f\u0131 ve canl\u0131 aromas\u0131, keklere, pudinglere, muslara ve di\u011fer unlu mamullere lezzetli bir katk\u0131 sa\u011flar.<\/p>\n<p>Temel \u00d6zellikler:<\/p>\n<p>Zengin ve \u00f6zg\u00fcn bir lezzet i\u00e7in ger\u00e7ek kavundan \u00fcretilmi\u015ftir.<\/p>\n<p>Kolay kar\u0131\u015ft\u0131rma i\u00e7in p\u00fcr\u00fczs\u00fcz, d\u00f6k\u00fclebilir k\u0131vam.<\/p>\n<p>Dondurulmu\u015f i\u00e7ecekler, kokteyller ve bubble tea i\u00e7in m\u00fckemmel.<\/p>\n<p>Kek, puding ve mus gibi tatl\u0131larda kullan\u0131m i\u00e7in ideal.<\/p>\n<p>Raf \u00f6mr\u00fc uzun ve saklamas\u0131 kolay.<\/p>\n<p>\u0130ster kafe, ister f\u0131r\u0131n i\u015fletiyor olun, ister mutfakta denemeler yapmay\u0131 seviyor olun, Barico Kavun P\u00fcresi Kar\u0131\u015f\u0131m\u0131, her tarife kavun aromas\u0131 katmak i\u00e7in vazge\u00e7ilmez malzemenizdir.<\/p>\n<p><img fetchpriority=\"high\" decoding=\"async\" class=\"alignnone wp-image-564 size-full\" src=\"https:\/\/inovexfoods.com\/wp-content\/uploads\/2024\/01\/strawberry-nutrition.png\" alt=\"\" width=\"506\" height=\"288\" srcset=\"https:\/\/inovexfoods.com\/wp-content\/uploads\/2024\/01\/strawberry-nutrition.png 506w, https:\/\/inovexfoods.com\/wp-content\/uploads\/2024\/01\/strawberry-nutrition-300x171.png 300w, https:\/\/inovexfoods.com\/wp-content\/uploads\/2024\/01\/strawberry-nutrition-150x85.png 150w, https:\/\/inovexfoods.com\/wp-content\/uploads\/2024\/01\/strawberry-nutrition-18x10.png 18w\" sizes=\"(max-width: 506px) 100vw, 506px\" \/><\/p>\n","protected":false},"excerpt":{"rendered":"<p data-start=\"162\" data-end=\"452\">Barico Kavun Meyve P\u00fcresi Kar\u0131\u015f\u0131m\u0131&#8217;n\u0131n taze ve sulu tad\u0131yla kreasyonlar\u0131n\u0131z\u0131 zenginle\u015ftirin. \u00c7ok y\u00f6nl\u00fcl\u00fck ve canl\u0131 bir lezzet i\u00e7in \u00f6zel olarak \u00fcretilen bu birinci s\u0131n\u0131f kavun p\u00fcresi, ferahlat\u0131c\u0131 dondurulmu\u015f i\u00e7eceklerden enfes tatl\u0131lara kadar \u00e7ok \u00e7e\u015fitli uygulamalar i\u00e7in m\u00fckemmel bir bile\u015fendir.<\/p>\n<table width=\"292\">\n<tbody>\n<tr>\n<td width=\"139\">Volume<\/td>\n<td width=\"153\">1000 gr.<\/td>\n<\/tr>\n<tr>\n<td>Pieces \/ carton<\/td>\n<td>6<\/td>\n<\/tr>\n<tr>\n<td>Carton \/ Pallet<\/td>\n<td>80<\/td>\n<\/tr>\n<tr>\n<td>Carton \/ 20 ft<\/td>\n<td>880<\/td>\n<\/tr>\n<tr>\n<td>Carton \/ 40 ft<\/td>\n<td>2100<\/td>\n<\/tr>\n<tr>\n<td>Shelf Life<\/td>\n<td>2 years<\/td>\n<\/tr>\n<tr>\n<td>Languages<\/td>\n<td>English, Turkish, Arabic<\/td>\n<\/tr>\n<\/tbody>\n<\/table>\n","protected":false},"featured_media":2880,"comment_status":"closed","ping_status":"closed","template":"","meta":[],"product_brand":[],"product_cat":[487],"product_tag":[429,430,431,432,350,433,280,434,435,436],"class_list":{"0":"post-6824","1":"product","2":"type-product","3":"status-publish","4":"has-post-thumbnail","6":"product_cat-meyve-pureleri","7":"product_tag-artisanal-beverage-mix-tr","8":"product_tag-barico-mix-tr","9":"product_tag-beverage-enhancement-tr","10":"product_tag-creative-cooking-with-mangoes-tr","11":"product_tag-exotic-culinary-ingredient-tr","12":"product_tag-fruit-puree-tr","13":"product_tag-guilt-free-indulgence-tr","14":"product_tag-strawberry-fruit-beverage-mix-tr","15":"product_tag-strawberry-fruit-puree-mix-tr","16":"product_tag-tropical-flavors-tr","18":"first","19":"instock","20":"shipping-taxable","21":"product-type-simple"},"_links":{"self":[{"href":"https:\/\/inovexfoods.com\/tr\/wp-json\/wp\/v2\/product\/6824","targetHints":{"allow":["GET"]}}],"collection":[{"href":"https:\/\/inovexfoods.com\/tr\/wp-json\/wp\/v2\/product"}],"about":[{"href":"https:\/\/inovexfoods.com\/tr\/wp-json\/wp\/v2\/types\/product"}],"replies":[{"embeddable":true,"href":"https:\/\/inovexfoods.com\/tr\/wp-json\/wp\/v2\/comments?post=6824"}],"wp:featuredmedia":[{"embeddable":true,"href":"https:\/\/inovexfoods.com\/tr\/wp-json\/wp\/v2\/media\/2880"}],"wp:attachment":[{"href":"https:\/\/inovexfoods.com\/tr\/wp-json\/wp\/v2\/media?parent=6824"}],"wp:term":[{"taxonomy":"product_brand","embeddable":true,"href":"https:\/\/inovexfoods.com\/tr\/wp-json\/wp\/v2\/product_brand?post=6824"},{"taxonomy":"product_cat","embeddable":true,"href":"https:\/\/inovexfoods.com\/tr\/wp-json\/wp\/v2\/product_cat?post=6824"},{"taxonomy":"product_tag","embeddable":true,"href":"https:\/\/inovexfoods.com\/tr\/wp-json\/wp\/v2\/product_tag?post=6824"}],"curies":[{"name":"wp","href":"https:\/\/api.w.org\/{rel}","templated":true}]}}