{"id":6819,"date":"2025-07-08T14:27:01","date_gmt":"2025-07-08T14:27:01","guid":{"rendered":"https:\/\/www.inovexfoods.com\/products\/barico-mango-flavored-syrup-copy\/"},"modified":"2025-08-07T09:03:18","modified_gmt":"2025-08-07T09:03:18","slug":"barico-mango-aromali-surup","status":"publish","type":"product","link":"https:\/\/inovexfoods.com\/tr\/urun\/barico-mango-aromali-surup\/","title":{"rendered":"Barico Mango Aromal\u0131 \u015eurup"},"content":{"rendered":"<p>Barico Mango Aromal\u0131 \u015eurup \u2013 Tropikal G\u00fcne\u015fin Bir Damlas\u0131<\/p>\n<p>Barico Mango Aromal\u0131 \u015eurup ile tropiklerin lezzetini kreasyonlar\u0131n\u0131za ta\u015f\u0131y\u0131n. Olgun mangolar\u0131n zengin ve sulu \u00f6z\u00fcyle dolu bu canl\u0131 \u015furup, buzlu \u00e7aylardan limonatalara, alkols\u00fcz kokteyllerden milkshake&#8217;lere ve smoothie&#8217;lere kadar her \u015feye alt\u0131n rengi bir dokunu\u015f katar.<\/p>\n<p>Kafeler, restoranlar ve ev barmenleri i\u00e7in m\u00fckemmel olan Barico Mango \u015eurubu, hem s\u0131cak hem de so\u011fuk i\u00e7eceklere m\u00fckemmel uyum sa\u011flar. Yarat\u0131c\u0131 olmak ister misiniz? Kreplerin \u00fczerine gezdirin, yo\u011furda kar\u0131\u015ft\u0131r\u0131n veya tatl\u0131lar\u0131n\u0131za ve dondurman\u0131za tropikal bir dokunu\u015f kat\u0131n.<\/p>\n<p>Profesyoneller i\u00e7in tasarland\u0131, herkes i\u00e7in \u00fcretildi &#8211; Barico Mango&#8217;nun g\u00fcne\u015fli aromas\u0131yla her yudumun ve ka\u015f\u0131\u011f\u0131n tad\u0131n\u0131 \u00e7\u0131kar\u0131n.<\/p>\n<p><img fetchpriority=\"high\" decoding=\"async\" class=\"alignnone wp-image-491 size-full\" src=\"https:\/\/inovexfoods.com\/wp-content\/uploads\/2024\/01\/blueberry-nutrition-facts.png\" alt=\"\" width=\"632\" height=\"964\" srcset=\"https:\/\/inovexfoods.com\/wp-content\/uploads\/2024\/01\/blueberry-nutrition-facts.png 632w, https:\/\/inovexfoods.com\/wp-content\/uploads\/2024\/01\/blueberry-nutrition-facts-300x458.png 300w, https:\/\/inovexfoods.com\/wp-content\/uploads\/2024\/01\/blueberry-nutrition-facts-150x229.png 150w, https:\/\/inovexfoods.com\/wp-content\/uploads\/2024\/01\/blueberry-nutrition-facts-600x915.png 600w, https:\/\/inovexfoods.com\/wp-content\/uploads\/2024\/01\/blueberry-nutrition-facts-197x300.png 197w, https:\/\/inovexfoods.com\/wp-content\/uploads\/2024\/01\/blueberry-nutrition-facts-8x12.png 8w\" sizes=\"(max-width: 632px) 100vw, 632px\" \/><\/p>\n","protected":false},"excerpt":{"rendered":"<p>Barico Mango Aromal\u0131 \u015eurup ile tropiklerin lezzetini kreasyonlar\u0131n\u0131za ta\u015f\u0131y\u0131n. Olgun mangolar\u0131n zengin ve sulu \u00f6z\u00fcyle dolu bu canl\u0131 \u015furup, buzlu \u00e7aylardan limonatalara, alkols\u00fcz kokteyllerden milkshake&#8217;lere ve smoothie&#8217;lere kadar her \u015feye alt\u0131n rengi bir dokunu\u015f katar.<\/p>\n<p>&nbsp;<\/p>\n<table width=\"292\">\n<tbody>\n<tr>\n<td width=\"139\">Volume<\/td>\n<td width=\"153\">1 Liter<\/td>\n<\/tr>\n<tr>\n<td>Net Weight<\/td>\n<td>1315 gr.<\/td>\n<\/tr>\n<tr>\n<td>Gross Weight<\/td>\n<td>1998 gr.<\/td>\n<\/tr>\n<tr>\n<td>Pieces \/ carton<\/td>\n<td>6<\/td>\n<\/tr>\n<tr>\n<td>Carton \/ Pallet<\/td>\n<td>100<\/td>\n<\/tr>\n<tr>\n<td>Carton \/ 20 ft<\/td>\n<td>1100<\/td>\n<\/tr>\n<tr>\n<td>Carton \/ 40 ft<\/td>\n<td>2100<\/td>\n<\/tr>\n<tr>\n<td>Shelf Life<\/td>\n<td>3 years<\/td>\n<\/tr>\n<tr>\n<td>Languages<\/td>\n<td>English, Turkish, Arabic<\/td>\n<\/tr>\n<\/tbody>\n<\/table>\n","protected":false},"featured_media":6680,"comment_status":"closed","ping_status":"closed","template":"","meta":[],"product_brand":[],"product_cat":[486],"product_tag":[],"class_list":{"0":"post-6819","1":"product","2":"type-product","3":"status-publish","4":"has-post-thumbnail","6":"product_cat-aromali-suruplar","8":"first","9":"instock","10":"shipping-taxable","11":"product-type-simple"},"_links":{"self":[{"href":"https:\/\/inovexfoods.com\/tr\/wp-json\/wp\/v2\/product\/6819","targetHints":{"allow":["GET"]}}],"collection":[{"href":"https:\/\/inovexfoods.com\/tr\/wp-json\/wp\/v2\/product"}],"about":[{"href":"https:\/\/inovexfoods.com\/tr\/wp-json\/wp\/v2\/types\/product"}],"replies":[{"embeddable":true,"href":"https:\/\/inovexfoods.com\/tr\/wp-json\/wp\/v2\/comments?post=6819"}],"wp:featuredmedia":[{"embeddable":true,"href":"https:\/\/inovexfoods.com\/tr\/wp-json\/wp\/v2\/media\/6680"}],"wp:attachment":[{"href":"https:\/\/inovexfoods.com\/tr\/wp-json\/wp\/v2\/media?parent=6819"}],"wp:term":[{"taxonomy":"product_brand","embeddable":true,"href":"https:\/\/inovexfoods.com\/tr\/wp-json\/wp\/v2\/product_brand?post=6819"},{"taxonomy":"product_cat","embeddable":true,"href":"https:\/\/inovexfoods.com\/tr\/wp-json\/wp\/v2\/product_cat?post=6819"},{"taxonomy":"product_tag","embeddable":true,"href":"https:\/\/inovexfoods.com\/tr\/wp-json\/wp\/v2\/product_tag?post=6819"}],"curies":[{"name":"wp","href":"https:\/\/api.w.org\/{rel}","templated":true}]}}