{"id":6817,"date":"2025-08-05T17:46:02","date_gmt":"2025-08-05T17:46:02","guid":{"rendered":"https:\/\/www.inovexfoods.com\/products\/barico-ice-tea-peach-flavored-syrup\/"},"modified":"2025-08-07T09:03:18","modified_gmt":"2025-08-07T09:03:18","slug":"barico-ice-tea-seftali-aromali-surup","status":"publish","type":"product","link":"https:\/\/inovexfoods.com\/tr\/urun\/barico-ice-tea-seftali-aromali-surup\/","title":{"rendered":"Barico Ice Tea \u015eeftali Aromal\u0131 \u015eurup"},"content":{"rendered":"<p>Barico Ice Tea \u015eeftali Aromal\u0131 \u015eurup<\/p>\n<p>Serinletici derecede yumu\u015fak ve do\u011fal tatl\u0131 Barico Ice Tea \u015eeftali Aromal\u0131 \u015eurup, olgun \u015feftalilerin sulu tad\u0131n\u0131 en sevdi\u011finiz buzlu \u00e7ay kreasyonlar\u0131n\u0131za getiriyor. Kafeler, restoranlar ve i\u00e7ecek profesyonelleri i\u00e7in \u00f6zel olarak \u00fcretilen bu \u015furup, s\u0131radan i\u00e7ecekleri yaz favorilerine d\u00f6n\u00fc\u015ft\u00fcren canl\u0131 ve meyvemsi bir aroma sunuyor.<\/p>\n<p>M\u00fckemmel dengelenmi\u015f, susuzlu\u011fu gideren bir \u015feftali buzlu \u00e7ay\u0131 i\u00e7in sadece su veya \u00e7ayla kar\u0131\u015ft\u0131r\u0131p buzla servis edin. Ayr\u0131ca alkols\u00fcz kokteyller, meyveli pun\u00e7lar ve dondurulmu\u015f i\u00e7ecekler i\u00e7in lezzetli bir temel olarak da kullanabilirsiniz.<\/p>\n<p>Temel \u00d6zellikler:<br \/>\n\u2013 Canl\u0131, sulu \u015feftali aromas\u0131<br \/>\n\u2013 Buzlu \u00e7aylar, alkols\u00fcz kokteyller ve so\u011fuk i\u00e7ecekler i\u00e7in ideal<br \/>\n\u2013 Kar\u0131\u015ft\u0131rmas\u0131 kolay ve her daim lezzetli<br \/>\n\u2013 Hem profesyonel hem de ev kullan\u0131m\u0131 i\u00e7in m\u00fckemmel<\/p>\n<p>Barico Peach Ice Tea&#8217;nin ferahlat\u0131c\u0131 tad\u0131yla serinleyin.<\/p>\n<p><img fetchpriority=\"high\" decoding=\"async\" class=\"alignnone wp-image-552 size-full\" src=\"https:\/\/inovexfoods.com\/wp-content\/uploads\/2024\/01\/COFFEE-nutrition-table.png\" alt=\"\" width=\"504\" height=\"768\" srcset=\"https:\/\/inovexfoods.com\/wp-content\/uploads\/2024\/01\/COFFEE-nutrition-table.png 504w, https:\/\/inovexfoods.com\/wp-content\/uploads\/2024\/01\/COFFEE-nutrition-table-300x457.png 300w, https:\/\/inovexfoods.com\/wp-content\/uploads\/2024\/01\/COFFEE-nutrition-table-150x229.png 150w, https:\/\/inovexfoods.com\/wp-content\/uploads\/2024\/01\/COFFEE-nutrition-table-197x300.png 197w, https:\/\/inovexfoods.com\/wp-content\/uploads\/2024\/01\/COFFEE-nutrition-table-8x12.png 8w\" sizes=\"(max-width: 504px) 100vw, 504px\" \/><\/p>\n","protected":false},"excerpt":{"rendered":"<p>Serinletici derecede yumu\u015fak ve do\u011fal tatl\u0131 Barico Ice Tea \u015eeftali Aromal\u0131 \u015eurup, olgun \u015feftalilerin sulu tad\u0131n\u0131 en sevdi\u011finiz buzlu \u00e7ay kreasyonlar\u0131n\u0131za getiriyor. Kafeler, restoranlar ve i\u00e7ecek profesyonelleri i\u00e7in \u00f6zel olarak \u00fcretilen bu \u015furup, s\u0131radan i\u00e7ecekleri yaz favorilerine d\u00f6n\u00fc\u015ft\u00fcren canl\u0131 ve meyvemsi bir aroma sunuyor.<\/p>\n","protected":false},"featured_media":6665,"comment_status":"closed","ping_status":"closed","template":"","meta":[],"product_brand":[],"product_cat":[486],"product_tag":[275,276,421,348,422,350,280,352],"class_list":{"0":"post-6817","1":"product","2":"type-product","3":"status-publish","4":"has-post-thumbnail","6":"product_cat-aromali-suruplar","7":"product_tag-artisanal-syrup-tr","8":"product_tag-barico-syrup-tr","9":"product_tag-blue-curacao-flavored-syrup-tr","10":"product_tag-cocktail-enhancement-tr","11":"product_tag-creative-mixing-with-blue-curacao-tr","12":"product_tag-exotic-culinary-ingredient-tr","13":"product_tag-guilt-free-indulgence-tr","14":"product_tag-tropical-syrup-tr","16":"first","17":"instock","18":"shipping-taxable","19":"product-type-simple"},"_links":{"self":[{"href":"https:\/\/inovexfoods.com\/tr\/wp-json\/wp\/v2\/product\/6817","targetHints":{"allow":["GET"]}}],"collection":[{"href":"https:\/\/inovexfoods.com\/tr\/wp-json\/wp\/v2\/product"}],"about":[{"href":"https:\/\/inovexfoods.com\/tr\/wp-json\/wp\/v2\/types\/product"}],"replies":[{"embeddable":true,"href":"https:\/\/inovexfoods.com\/tr\/wp-json\/wp\/v2\/comments?post=6817"}],"wp:featuredmedia":[{"embeddable":true,"href":"https:\/\/inovexfoods.com\/tr\/wp-json\/wp\/v2\/media\/6665"}],"wp:attachment":[{"href":"https:\/\/inovexfoods.com\/tr\/wp-json\/wp\/v2\/media?parent=6817"}],"wp:term":[{"taxonomy":"product_brand","embeddable":true,"href":"https:\/\/inovexfoods.com\/tr\/wp-json\/wp\/v2\/product_brand?post=6817"},{"taxonomy":"product_cat","embeddable":true,"href":"https:\/\/inovexfoods.com\/tr\/wp-json\/wp\/v2\/product_cat?post=6817"},{"taxonomy":"product_tag","embeddable":true,"href":"https:\/\/inovexfoods.com\/tr\/wp-json\/wp\/v2\/product_tag?post=6817"}],"curies":[{"name":"wp","href":"https:\/\/api.w.org\/{rel}","templated":true}]}}