{"id":6815,"date":"2025-08-05T18:58:23","date_gmt":"2025-08-05T18:58:23","guid":{"rendered":"https:\/\/www.inovexfoods.com\/products\/barico-chocolate-flavored-syrup\/"},"modified":"2025-08-07T09:03:18","modified_gmt":"2025-08-07T09:03:18","slug":"barico-cikolata-aromali-surup","status":"publish","type":"product","link":"https:\/\/inovexfoods.com\/tr\/urun\/barico-cikolata-aromali-surup\/","title":{"rendered":"Barico \u00c7ikolata Aromal\u0131 \u015eurup"},"content":{"rendered":"<p>Barico \u00c7ikolata Aromal\u0131 \u015eurup<\/p>\n<p>Hem \u00e7ikolata severler hem de i\u00e7ecek profesyonelleri i\u00e7in olmazsa olmaz olan Barico \u00c7ikolata Aromal\u0131 \u015eurup ile zengin ve kar\u015f\u0131 konulmaz bir lezzetin tad\u0131n\u0131 \u00e7\u0131kar\u0131n. Birinci s\u0131n\u0131f kakao notalar\u0131yla haz\u0131rlanan bu \u015furup, kahvelerden milkshake&#8217;lere, tatl\u0131lardan dondurulmu\u015f i\u00e7eceklere kadar her \u015feye derin, kadifemsi bir \u00e7ikolata aromas\u0131 katar.<\/p>\n<p>Tatl\u0131l\u0131k ve doku a\u00e7\u0131s\u0131ndan m\u00fckemmel dengelenmi\u015f bu \u015furup, s\u0131cak veya so\u011fuk i\u00e7eceklere zahmetsizce uyum sa\u011flar ve kafelerde, tatl\u0131 barlar\u0131nda ve yarat\u0131c\u0131 mutfaklarda kullan\u0131m i\u00e7in idealdir. \u0130ster klasik bir mocha haz\u0131rlay\u0131n, ister bir dondurman\u0131n \u00fczerine s\u00fcsleyin, ister \u00f6zel bir i\u00e7ecek haz\u0131rlay\u0131n, Barico \u00c7ikolata \u015eurubu her damlas\u0131nda \u015f\u0131mart\u0131c\u0131 bir lezzet sunar.<\/p>\n<p>Uygun Oldu\u011fu Yerler:<br \/>\n\u2013 S\u0131cak ve buzlu kahveler, mochalar ve s\u0131cak \u00e7ikolatalar<br \/>\n\u2013 Milkshake&#8217;ler, frappe&#8217;ler ve smoothie&#8217;ler<br \/>\n\u2013 Dondurma, krep, waffle ve tatl\u0131lar<br \/>\n\u2013 Yarat\u0131c\u0131 alkols\u00fcz kokteyller ve i\u00e7ecek tarifleri<\/p>\n<p>Barico \u00c7ikolata Aromal\u0131 \u015eurup ile her yudumu ve lokmay\u0131 daha da lezzetli hale getirin.<\/p>\n<p><img fetchpriority=\"high\" decoding=\"async\" class=\"alignnone wp-image-552 size-full\" src=\"https:\/\/inovexfoods.com\/wp-content\/uploads\/2024\/01\/COFFEE-nutrition-table.png\" alt=\"\" width=\"504\" height=\"768\" srcset=\"https:\/\/inovexfoods.com\/wp-content\/uploads\/2024\/01\/COFFEE-nutrition-table.png 504w, https:\/\/inovexfoods.com\/wp-content\/uploads\/2024\/01\/COFFEE-nutrition-table-300x457.png 300w, https:\/\/inovexfoods.com\/wp-content\/uploads\/2024\/01\/COFFEE-nutrition-table-150x229.png 150w, https:\/\/inovexfoods.com\/wp-content\/uploads\/2024\/01\/COFFEE-nutrition-table-197x300.png 197w, https:\/\/inovexfoods.com\/wp-content\/uploads\/2024\/01\/COFFEE-nutrition-table-8x12.png 8w\" sizes=\"(max-width: 504px) 100vw, 504px\" \/><\/p>\n","protected":false},"excerpt":{"rendered":"<p>Hem \u00e7ikolata severler hem de i\u00e7ecek profesyonelleri i\u00e7in olmazsa olmaz olan Barico \u00c7ikolata Aromal\u0131 \u015eurup ile zengin ve kar\u015f\u0131 konulmaz bir lezzetin tad\u0131n\u0131 \u00e7\u0131kar\u0131n. Birinci s\u0131n\u0131f kakao notalar\u0131yla haz\u0131rlanan bu \u015furup, kahvelerden milkshake&#8217;lere, tatl\u0131lardan dondurulmu\u015f i\u00e7eceklere kadar her \u015feye derin, kadifemsi bir \u00e7ikolata aromas\u0131 katar.<\/p>\n","protected":false},"featured_media":6655,"comment_status":"closed","ping_status":"closed","template":"","meta":[],"product_brand":[],"product_cat":[486],"product_tag":[275,276,421,348,422,350,280,352],"class_list":{"0":"post-6815","1":"product","2":"type-product","3":"status-publish","4":"has-post-thumbnail","6":"product_cat-aromali-suruplar","7":"product_tag-artisanal-syrup-tr","8":"product_tag-barico-syrup-tr","9":"product_tag-blue-curacao-flavored-syrup-tr","10":"product_tag-cocktail-enhancement-tr","11":"product_tag-creative-mixing-with-blue-curacao-tr","12":"product_tag-exotic-culinary-ingredient-tr","13":"product_tag-guilt-free-indulgence-tr","14":"product_tag-tropical-syrup-tr","16":"first","17":"instock","18":"shipping-taxable","19":"product-type-simple"},"_links":{"self":[{"href":"https:\/\/inovexfoods.com\/tr\/wp-json\/wp\/v2\/product\/6815","targetHints":{"allow":["GET"]}}],"collection":[{"href":"https:\/\/inovexfoods.com\/tr\/wp-json\/wp\/v2\/product"}],"about":[{"href":"https:\/\/inovexfoods.com\/tr\/wp-json\/wp\/v2\/types\/product"}],"replies":[{"embeddable":true,"href":"https:\/\/inovexfoods.com\/tr\/wp-json\/wp\/v2\/comments?post=6815"}],"wp:featuredmedia":[{"embeddable":true,"href":"https:\/\/inovexfoods.com\/tr\/wp-json\/wp\/v2\/media\/6655"}],"wp:attachment":[{"href":"https:\/\/inovexfoods.com\/tr\/wp-json\/wp\/v2\/media?parent=6815"}],"wp:term":[{"taxonomy":"product_brand","embeddable":true,"href":"https:\/\/inovexfoods.com\/tr\/wp-json\/wp\/v2\/product_brand?post=6815"},{"taxonomy":"product_cat","embeddable":true,"href":"https:\/\/inovexfoods.com\/tr\/wp-json\/wp\/v2\/product_cat?post=6815"},{"taxonomy":"product_tag","embeddable":true,"href":"https:\/\/inovexfoods.com\/tr\/wp-json\/wp\/v2\/product_tag?post=6815"}],"curies":[{"name":"wp","href":"https:\/\/api.w.org\/{rel}","templated":true}]}}