{"id":6809,"date":"2025-08-05T19:02:36","date_gmt":"2025-08-05T19:02:36","guid":{"rendered":"https:\/\/www.inovexfoods.com\/products\/barico-white-chocolate-flavored-syrup\/"},"modified":"2025-08-07T09:03:17","modified_gmt":"2025-08-07T09:03:17","slug":"barico-beyaz-cikolata-aromali-surup","status":"publish","type":"product","link":"https:\/\/inovexfoods.com\/tr\/urun\/barico-beyaz-cikolata-aromali-surup\/","title":{"rendered":"Barico Beyaz \u00c7ikolata Aromal\u0131 \u015eurup"},"content":{"rendered":"<p>Barico Beyaz \u00c7ikolata Aromal\u0131 \u015eurup<\/p>\n<p>Kremal\u0131, yumu\u015fak ve kar\u015f\u0131 konulmaz bir lezzet \u2014 Barico Beyaz \u00c7ikolata Aromal\u0131 \u015eurup, beyaz \u00e7ikolatan\u0131n zengin, kadifemsi tatl\u0131l\u0131\u011f\u0131n\u0131 m\u00fckemmel dengelenmi\u015f bir \u015furup formunda sunar. Profesyoneller ve lezzet tutkunlar\u0131 i\u00e7in tasarlanan bu \u015furup, hem s\u0131cak hem de so\u011fuk i\u00e7eceklere kusursuz bir \u015fekilde kar\u0131\u015farak her fincana l\u00fcks bir dokunu\u015f katar.<\/p>\n<p>\u0130ster gurme beyaz mokalar haz\u0131rlay\u0131n, ister milkshake&#8217;lere aroma kat\u0131n, ister kokteyl ve tatl\u0131lara benzersiz bir dokunu\u015f kat\u0131n, Barico Beyaz \u00c7ikolata \u015eurubu tutarl\u0131 bir kalite ve ola\u011fan\u00fcst\u00fc bir lezzet sunar.<\/p>\n<p>Uygun Oldu\u011fu Yerler:<br \/>\n\u2013 Latte, moka ve s\u0131cak \u00e7ikolatalar<br \/>\n\u2013 Milkshake, frappe ve smoothieler<br \/>\n\u2013 Tatl\u0131 soslar\u0131 ve tabak sunumlar\u0131<br \/>\n\u2013 Kokteyller, alkols\u00fcz kokteyller ve \u00f6zel i\u00e7ecekler<\/p>\n<p>Barico Beyaz \u00c7ikolata Aromal\u0131 \u015eurup&#8217;un ipeksi tatl\u0131l\u0131\u011f\u0131yla yarat\u0131c\u0131l\u0131\u011f\u0131n\u0131z\u0131 geli\u015ftirin.<\/p>\n<p><img fetchpriority=\"high\" decoding=\"async\" class=\"alignnone wp-image-536 size-full\" src=\"https:\/\/inovexfoods.com\/wp-content\/uploads\/2024\/01\/Blackberry-2.png\" alt=\"\" width=\"620\" height=\"955\" srcset=\"https:\/\/inovexfoods.com\/wp-content\/uploads\/2024\/01\/Blackberry-2.png 620w, https:\/\/inovexfoods.com\/wp-content\/uploads\/2024\/01\/Blackberry-2-300x462.png 300w, https:\/\/inovexfoods.com\/wp-content\/uploads\/2024\/01\/Blackberry-2-150x231.png 150w, https:\/\/inovexfoods.com\/wp-content\/uploads\/2024\/01\/Blackberry-2-600x924.png 600w, https:\/\/inovexfoods.com\/wp-content\/uploads\/2024\/01\/Blackberry-2-195x300.png 195w, https:\/\/inovexfoods.com\/wp-content\/uploads\/2024\/01\/Blackberry-2-8x12.png 8w\" sizes=\"(max-width: 620px) 100vw, 620px\" \/><\/p>\n","protected":false},"excerpt":{"rendered":"<p>Kremal\u0131, yumu\u015fak ve kar\u015f\u0131 konulmaz bir lezzet \u2014 Barico Beyaz \u00c7ikolata Aromal\u0131 \u015eurup, beyaz \u00e7ikolatan\u0131n zengin, kadifemsi tatl\u0131l\u0131\u011f\u0131n\u0131 m\u00fckemmel dengelenmi\u015f bir \u015furup formunda sunar. Profesyoneller ve lezzet tutkunlar\u0131 i\u00e7in tasarlanan bu \u015furup, hem s\u0131cak hem de so\u011fuk i\u00e7eceklere kusursuz bir \u015fekilde kar\u0131\u015farak her fincana l\u00fcks bir dokunu\u015f katar.<\/p>\n<table width=\"292\">\n<tbody>\n<tr>\n<td width=\"139\">Volume<\/td>\n<td width=\"153\">1 Liter<\/td>\n<\/tr>\n<tr>\n<td>Net Weight<\/td>\n<td>1315 gr.<\/td>\n<\/tr>\n<tr>\n<td>Gross Weight<\/td>\n<td>1998 gr.<\/td>\n<\/tr>\n<tr>\n<td>Pieces \/ carton<\/td>\n<td>6<\/td>\n<\/tr>\n<tr>\n<td>Carton \/ Pallet<\/td>\n<td>100<\/td>\n<\/tr>\n<tr>\n<td>Carton \/ 20 ft<\/td>\n<td>1000<\/td>\n<\/tr>\n<tr>\n<td>Carton \/ 40 ft<\/td>\n<td>2100<\/td>\n<\/tr>\n<tr>\n<td>Shelf Life<\/td>\n<td>3 years<\/td>\n<\/tr>\n<tr>\n<td>Languages<\/td>\n<td>English, Turkish, Arabic<\/td>\n<\/tr>\n<\/tbody>\n<\/table>\n","protected":false},"featured_media":6650,"comment_status":"closed","ping_status":"closed","template":"","meta":[],"product_brand":[],"product_cat":[486],"product_tag":[275,276,348,349,350,280,351,352],"class_list":{"0":"post-6809","1":"product","2":"type-product","3":"status-publish","4":"has-post-thumbnail","6":"product_cat-aromali-suruplar","7":"product_tag-artisanal-syrup-tr","8":"product_tag-barico-syrup-tr","9":"product_tag-cocktail-enhancement-tr","10":"product_tag-creative-cooking-with-passion-fruit-tr","11":"product_tag-exotic-culinary-ingredient-tr","12":"product_tag-guilt-free-indulgence-tr","13":"product_tag-passion-fruit-flavored-syrup-tr","14":"product_tag-tropical-syrup-tr","16":"first","17":"instock","18":"shipping-taxable","19":"product-type-simple"},"_links":{"self":[{"href":"https:\/\/inovexfoods.com\/tr\/wp-json\/wp\/v2\/product\/6809","targetHints":{"allow":["GET"]}}],"collection":[{"href":"https:\/\/inovexfoods.com\/tr\/wp-json\/wp\/v2\/product"}],"about":[{"href":"https:\/\/inovexfoods.com\/tr\/wp-json\/wp\/v2\/types\/product"}],"replies":[{"embeddable":true,"href":"https:\/\/inovexfoods.com\/tr\/wp-json\/wp\/v2\/comments?post=6809"}],"wp:featuredmedia":[{"embeddable":true,"href":"https:\/\/inovexfoods.com\/tr\/wp-json\/wp\/v2\/media\/6650"}],"wp:attachment":[{"href":"https:\/\/inovexfoods.com\/tr\/wp-json\/wp\/v2\/media?parent=6809"}],"wp:term":[{"taxonomy":"product_brand","embeddable":true,"href":"https:\/\/inovexfoods.com\/tr\/wp-json\/wp\/v2\/product_brand?post=6809"},{"taxonomy":"product_cat","embeddable":true,"href":"https:\/\/inovexfoods.com\/tr\/wp-json\/wp\/v2\/product_cat?post=6809"},{"taxonomy":"product_tag","embeddable":true,"href":"https:\/\/inovexfoods.com\/tr\/wp-json\/wp\/v2\/product_tag?post=6809"}],"curies":[{"name":"wp","href":"https:\/\/api.w.org\/{rel}","templated":true}]}}