{"id":6806,"date":"2025-08-05T19:06:06","date_gmt":"2025-08-05T19:06:06","guid":{"rendered":"https:\/\/www.inovexfoods.com\/products\/barico-smoke-flavored-syrup\/"},"modified":"2025-08-07T09:03:17","modified_gmt":"2025-08-07T09:03:17","slug":"barico-duman-aromali-surup","status":"publish","type":"product","link":"https:\/\/inovexfoods.com\/tr\/urun\/barico-duman-aromali-surup\/","title":{"rendered":"Barico Duman Aromal\u0131 \u015eurup"},"content":{"rendered":"<p>Barico Duman Aromal\u0131 \u015eurup<\/p>\n<p>Cesur, ilgi \u00e7ekici ve derinlik dolu \u2014 Barico Duman Aromal\u0131 \u015eurup, mutfak ve i\u00e7ecek kreasyonlar\u0131n\u0131za sofistike bir dumanl\u0131 \u00f6z katar. E\u015fsiz ve lezzetli bir dokunu\u015f katmak isteyen profesyoneller i\u00e7in tasarlanan bu \u015furup, hem tatl\u0131 hem de tuzlu tariflere an\u0131nda lezzet katan zengin, odun ate\u015finde pi\u015firilmi\u015f aroma ve lezzet sunar.<\/p>\n<p>Dumanl\u0131 kokteyller, so\u011fuk demlemeler, \u00f6zel limonatalar ve hatta gurme soslar veya marine soslar i\u00e7in ideal olan Barico Duman \u015eurubu, her damlas\u0131yla karma\u015f\u0131kl\u0131k ve karakter katan \u00e7ok y\u00f6nl\u00fc bir bile\u015fendir.<\/p>\n<p>Uygun Oldu\u011fu Yerler:<br \/>\n\u2013 \u00d6zel kokteyller ve alkols\u00fcz kokteyller<br \/>\n\u2013 F\u00fcme limonatalar ve buzlu \u00e7aylar<br \/>\n\u2013 So\u011fuk demlemeler ve deneysel kahve i\u00e7ecekleri<br \/>\n\u2013 Marine soslar, glazeler ve tuzlu soslar<\/p>\n<p>Barico Duman Aromal\u0131 \u015eurup&#8217;un kendine \u00f6zg\u00fc tad\u0131yla men\u00fcn\u00fcze beklenmedik bir dokunu\u015f kat\u0131n.<\/p>\n<p><img fetchpriority=\"high\" decoding=\"async\" class=\"alignnone wp-image-536 size-full\" src=\"https:\/\/inovexfoods.com\/wp-content\/uploads\/2024\/01\/Blackberry-2.png\" alt=\"\" width=\"620\" height=\"955\" srcset=\"https:\/\/inovexfoods.com\/wp-content\/uploads\/2024\/01\/Blackberry-2.png 620w, https:\/\/inovexfoods.com\/wp-content\/uploads\/2024\/01\/Blackberry-2-300x462.png 300w, https:\/\/inovexfoods.com\/wp-content\/uploads\/2024\/01\/Blackberry-2-150x231.png 150w, https:\/\/inovexfoods.com\/wp-content\/uploads\/2024\/01\/Blackberry-2-600x924.png 600w, https:\/\/inovexfoods.com\/wp-content\/uploads\/2024\/01\/Blackberry-2-195x300.png 195w, https:\/\/inovexfoods.com\/wp-content\/uploads\/2024\/01\/Blackberry-2-8x12.png 8w\" sizes=\"(max-width: 620px) 100vw, 620px\" \/><\/p>\n","protected":false},"excerpt":{"rendered":"<p>Cesur, ilgi \u00e7ekici ve derinlik dolu \u2014 Barico Duman Aromal\u0131 \u015eurup, mutfak ve i\u00e7ecek kreasyonlar\u0131n\u0131za sofistike bir dumanl\u0131 \u00f6z katar. E\u015fsiz ve lezzetli bir dokunu\u015f katmak isteyen profesyoneller i\u00e7in tasarlanan bu \u015furup, hem tatl\u0131 hem de tuzlu tariflere an\u0131nda lezzet katan zengin, odun ate\u015finde pi\u015firilmi\u015f aroma ve lezzet sunar.<\/p>\n<table width=\"292\">\n<tbody>\n<tr>\n<td width=\"139\">Volume<\/td>\n<td width=\"153\">1 Liter<\/td>\n<\/tr>\n<tr>\n<td>Net Weight<\/td>\n<td>1315 gr.<\/td>\n<\/tr>\n<tr>\n<td>Gross Weight<\/td>\n<td>1998 gr.<\/td>\n<\/tr>\n<tr>\n<td>Pieces \/ carton<\/td>\n<td>6<\/td>\n<\/tr>\n<tr>\n<td>Carton \/ Pallet<\/td>\n<td>100<\/td>\n<\/tr>\n<tr>\n<td>Carton \/ 20 ft<\/td>\n<td>1000<\/td>\n<\/tr>\n<tr>\n<td>Carton \/ 40 ft<\/td>\n<td>2100<\/td>\n<\/tr>\n<tr>\n<td>Shelf Life<\/td>\n<td>3 years<\/td>\n<\/tr>\n<tr>\n<td>Languages<\/td>\n<td>English, Turkish, Arabic<\/td>\n<\/tr>\n<\/tbody>\n<\/table>\n","protected":false},"featured_media":6715,"comment_status":"closed","ping_status":"closed","template":"","meta":[],"product_brand":[],"product_cat":[486],"product_tag":[275,276,348,349,350,280,351,352],"class_list":{"0":"post-6806","1":"product","2":"type-product","3":"status-publish","4":"has-post-thumbnail","6":"product_cat-aromali-suruplar","7":"product_tag-artisanal-syrup-tr","8":"product_tag-barico-syrup-tr","9":"product_tag-cocktail-enhancement-tr","10":"product_tag-creative-cooking-with-passion-fruit-tr","11":"product_tag-exotic-culinary-ingredient-tr","12":"product_tag-guilt-free-indulgence-tr","13":"product_tag-passion-fruit-flavored-syrup-tr","14":"product_tag-tropical-syrup-tr","16":"first","17":"instock","18":"shipping-taxable","19":"product-type-simple"},"_links":{"self":[{"href":"https:\/\/inovexfoods.com\/tr\/wp-json\/wp\/v2\/product\/6806","targetHints":{"allow":["GET"]}}],"collection":[{"href":"https:\/\/inovexfoods.com\/tr\/wp-json\/wp\/v2\/product"}],"about":[{"href":"https:\/\/inovexfoods.com\/tr\/wp-json\/wp\/v2\/types\/product"}],"replies":[{"embeddable":true,"href":"https:\/\/inovexfoods.com\/tr\/wp-json\/wp\/v2\/comments?post=6806"}],"wp:featuredmedia":[{"embeddable":true,"href":"https:\/\/inovexfoods.com\/tr\/wp-json\/wp\/v2\/media\/6715"}],"wp:attachment":[{"href":"https:\/\/inovexfoods.com\/tr\/wp-json\/wp\/v2\/media?parent=6806"}],"wp:term":[{"taxonomy":"product_brand","embeddable":true,"href":"https:\/\/inovexfoods.com\/tr\/wp-json\/wp\/v2\/product_brand?post=6806"},{"taxonomy":"product_cat","embeddable":true,"href":"https:\/\/inovexfoods.com\/tr\/wp-json\/wp\/v2\/product_cat?post=6806"},{"taxonomy":"product_tag","embeddable":true,"href":"https:\/\/inovexfoods.com\/tr\/wp-json\/wp\/v2\/product_tag?post=6806"}],"curies":[{"name":"wp","href":"https:\/\/api.w.org\/{rel}","templated":true}]}}