{"id":6805,"date":"2025-08-05T19:09:49","date_gmt":"2025-08-05T19:09:49","guid":{"rendered":"https:\/\/www.inovexfoods.com\/products\/barico-pistachio-flavored-syrup\/"},"modified":"2025-08-07T09:03:17","modified_gmt":"2025-08-07T09:03:17","slug":"barico-fistik-aromali-surup","status":"publish","type":"product","link":"https:\/\/inovexfoods.com\/tr\/urun\/barico-fistik-aromali-surup\/","title":{"rendered":"Barico F\u0131st\u0131k Aromal\u0131 \u015eurup"},"content":{"rendered":"<p>Barico Antep F\u0131st\u0131kl\u0131 \u015eurup<\/p>\n<p>Narin ve f\u0131nd\u0131ks\u0131 aromal\u0131 ve kar\u015f\u0131 konulmaz derecede yumu\u015fak Barico Antep F\u0131st\u0131kl\u0131 \u015eurup, antep f\u0131st\u0131\u011f\u0131n\u0131n zengin ve aromatik aromas\u0131n\u0131 i\u00e7eceklerinize ve tatl\u0131lar\u0131n\u0131za ta\u015f\u0131r. Kremsi dokusu ve dengeli tatl\u0131l\u0131\u011f\u0131yla bu \u015furup, hem klasik hem de yarat\u0131c\u0131 tariflere gurme bir dokunu\u015f katmak i\u00e7in m\u00fckemmeldir.<\/p>\n<p>Antep f\u0131st\u0131kl\u0131 lattelerden buzlu kahvelere, milkshake&#8217;lerden alkols\u00fcz kokteyllere ve hatta hamur i\u015flerine kadar, Barico Antep F\u0131st\u0131kl\u0131 \u015eurup zahmetsizce kar\u0131\u015f\u0131r ve \u00f6ne \u00e7\u0131kan benzersiz bir lezzet deneyimi sunar. Her tarifte \u00f6zg\u00fcnl\u00fck arayan baristalar, \u015fefler ve miksologlar i\u00e7in tasarlanm\u0131\u015ft\u0131r.<\/p>\n<p>Uygun Oldu\u011fu Yerler:<br \/>\n\u2013 S\u0131cak ve buzlu antep f\u0131st\u0131kl\u0131 latteler<br \/>\n\u2013 Milkshake&#8217;ler, frappe&#8217;ler ve smoothie&#8217;ler<br \/>\n\u2013 Alkols\u00fcz kokteyller ve yarat\u0131c\u0131 kokteyller<br \/>\n\u2013 Kekler, kremalar ve tatl\u0131 soslar<\/p>\n<p>Barico Antep F\u0131st\u0131kl\u0131 \u015eurup&#8217;un f\u0131nd\u0131ks\u0131 zarafetiyle s\u0131radan olan\u0131 s\u0131ra d\u0131\u015f\u0131 hale getirin.<\/p>\n<p><img fetchpriority=\"high\" decoding=\"async\" class=\"alignnone wp-image-536 size-full\" src=\"https:\/\/inovexfoods.com\/wp-content\/uploads\/2024\/01\/Blackberry-2.png\" alt=\"\" width=\"620\" height=\"955\" srcset=\"https:\/\/inovexfoods.com\/wp-content\/uploads\/2024\/01\/Blackberry-2.png 620w, https:\/\/inovexfoods.com\/wp-content\/uploads\/2024\/01\/Blackberry-2-300x462.png 300w, https:\/\/inovexfoods.com\/wp-content\/uploads\/2024\/01\/Blackberry-2-150x231.png 150w, https:\/\/inovexfoods.com\/wp-content\/uploads\/2024\/01\/Blackberry-2-600x924.png 600w, https:\/\/inovexfoods.com\/wp-content\/uploads\/2024\/01\/Blackberry-2-195x300.png 195w, https:\/\/inovexfoods.com\/wp-content\/uploads\/2024\/01\/Blackberry-2-8x12.png 8w\" sizes=\"(max-width: 620px) 100vw, 620px\" \/><\/p>\n","protected":false},"excerpt":{"rendered":"<p>Narin ve f\u0131nd\u0131ks\u0131 aromal\u0131 ve kar\u015f\u0131 konulmaz derecede yumu\u015fak Barico Antep F\u0131st\u0131kl\u0131 \u015eurup, antep f\u0131st\u0131\u011f\u0131n\u0131n zengin ve aromatik aromas\u0131n\u0131 i\u00e7eceklerinize ve tatl\u0131lar\u0131n\u0131za ta\u015f\u0131r. Kremsi dokusu ve dengeli tatl\u0131l\u0131\u011f\u0131yla bu \u015furup, hem klasik hem de yarat\u0131c\u0131 tariflere gurme bir dokunu\u015f katmak i\u00e7in m\u00fckemmeldir.<\/p>\n<table width=\"292\">\n<tbody>\n<tr>\n<td width=\"139\">Volume<\/td>\n<td width=\"153\">1 Liter<\/td>\n<\/tr>\n<tr>\n<td>Net Weight<\/td>\n<td>1315 gr.<\/td>\n<\/tr>\n<tr>\n<td>Gross Weight<\/td>\n<td>1998 gr.<\/td>\n<\/tr>\n<tr>\n<td>Pieces \/ carton<\/td>\n<td>6<\/td>\n<\/tr>\n<tr>\n<td>Carton \/ Pallet<\/td>\n<td>100<\/td>\n<\/tr>\n<tr>\n<td>Carton \/ 20 ft<\/td>\n<td>1000<\/td>\n<\/tr>\n<tr>\n<td>Carton \/ 40 ft<\/td>\n<td>2100<\/td>\n<\/tr>\n<tr>\n<td>Shelf Life<\/td>\n<td>3 years<\/td>\n<\/tr>\n<tr>\n<td>Languages<\/td>\n<td>English, Turkish, Arabic<\/td>\n<\/tr>\n<\/tbody>\n<\/table>\n","protected":false},"featured_media":6700,"comment_status":"closed","ping_status":"closed","template":"","meta":[],"product_brand":[],"product_cat":[486],"product_tag":[275,276,348,349,350,280,351,352],"class_list":{"0":"post-6805","1":"product","2":"type-product","3":"status-publish","4":"has-post-thumbnail","6":"product_cat-aromali-suruplar","7":"product_tag-artisanal-syrup-tr","8":"product_tag-barico-syrup-tr","9":"product_tag-cocktail-enhancement-tr","10":"product_tag-creative-cooking-with-passion-fruit-tr","11":"product_tag-exotic-culinary-ingredient-tr","12":"product_tag-guilt-free-indulgence-tr","13":"product_tag-passion-fruit-flavored-syrup-tr","14":"product_tag-tropical-syrup-tr","16":"first","17":"instock","18":"shipping-taxable","19":"product-type-simple"},"_links":{"self":[{"href":"https:\/\/inovexfoods.com\/tr\/wp-json\/wp\/v2\/product\/6805","targetHints":{"allow":["GET"]}}],"collection":[{"href":"https:\/\/inovexfoods.com\/tr\/wp-json\/wp\/v2\/product"}],"about":[{"href":"https:\/\/inovexfoods.com\/tr\/wp-json\/wp\/v2\/types\/product"}],"replies":[{"embeddable":true,"href":"https:\/\/inovexfoods.com\/tr\/wp-json\/wp\/v2\/comments?post=6805"}],"wp:featuredmedia":[{"embeddable":true,"href":"https:\/\/inovexfoods.com\/tr\/wp-json\/wp\/v2\/media\/6700"}],"wp:attachment":[{"href":"https:\/\/inovexfoods.com\/tr\/wp-json\/wp\/v2\/media?parent=6805"}],"wp:term":[{"taxonomy":"product_brand","embeddable":true,"href":"https:\/\/inovexfoods.com\/tr\/wp-json\/wp\/v2\/product_brand?post=6805"},{"taxonomy":"product_cat","embeddable":true,"href":"https:\/\/inovexfoods.com\/tr\/wp-json\/wp\/v2\/product_cat?post=6805"},{"taxonomy":"product_tag","embeddable":true,"href":"https:\/\/inovexfoods.com\/tr\/wp-json\/wp\/v2\/product_tag?post=6805"}],"curies":[{"name":"wp","href":"https:\/\/api.w.org\/{rel}","templated":true}]}}