{"id":6803,"date":"2025-08-05T19:13:00","date_gmt":"2025-08-05T19:13:00","guid":{"rendered":"https:\/\/www.inovexfoods.com\/products\/barico-red-velvet-cake-flavored-syrup\/"},"modified":"2025-08-07T09:03:16","modified_gmt":"2025-08-07T09:03:16","slug":"barico-kirmizi-kadife-kek-aromali-surup","status":"publish","type":"product","link":"https:\/\/inovexfoods.com\/tr\/urun\/barico-kirmizi-kadife-kek-aromali-surup\/","title":{"rendered":"Barico K\u0131rm\u0131z\u0131 Kadife Kek Aromal\u0131 \u015eurup"},"content":{"rendered":"<p>Barico K\u0131rm\u0131z\u0131 Kadife Kek Aromal\u0131 \u015eurup<\/p>\n<p>\u015e\u0131k, yumu\u015fak ve kar\u015f\u0131 konulmaz derecede nostaljik \u2014 Barico K\u0131rm\u0131z\u0131 Kadife Kek Aromal\u0131 \u015eurup, klasik tatl\u0131lar\u0131n ikonik lezzetini zengin ve kadifemsi bir \u015furupta yakalar. Kakao, vanilya ve hafif kremams\u0131 dokunu\u015flarla bu \u015furup, i\u00e7eceklerinize ve tatl\u0131lar\u0131n\u0131za l\u00fcks bir dokunu\u015f katar.<\/p>\n<p>Latte, milkshake, frappe ve alkols\u00fcz kokteyllere derinlik katmak i\u00e7in m\u00fckemmel olan bu \u015furup, tatl\u0131 soslar\u0131nda, kremalarda ve yarat\u0131c\u0131 pasta tariflerinde de parlar. Barico K\u0131rm\u0131z\u0131 Kadife \u015eurup, kreasyonlar\u0131na k\u0131rm\u0131z\u0131 kadifenin cazibesini katmak isteyen profesyoneller i\u00e7in tasarlanm\u0131\u015ft\u0131r \u2014 pi\u015firme gerektirmez.<\/p>\n<p>Uygun Oldu\u011fu Yerler:<br \/>\n\u2013 K\u0131rm\u0131z\u0131 kadife latte ve s\u0131cak \u00e7ikolatalar<br \/>\n\u2013 Milkshake, smoothie ve frappe<br \/>\n\u2013 Tatl\u0131 soslar\u0131 ve pasta dolgular\u0131<br \/>\n\u2013 Alkols\u00fcz kokteyller ve tatl\u0131 \u00f6zel i\u00e7ecekler<\/p>\n<p>Barico K\u0131rm\u0131z\u0131 Kadife Kek Aromal\u0131 \u015eurup ile her yudumda ve lokmada k\u0131rm\u0131z\u0131 kadifenin \u015f\u0131mart\u0131c\u0131 tad\u0131n\u0131 ya\u015fay\u0131n.<\/p>\n<p><img fetchpriority=\"high\" decoding=\"async\" class=\"alignnone wp-image-536 size-full\" src=\"https:\/\/inovexfoods.com\/wp-content\/uploads\/2024\/01\/Blackberry-2.png\" alt=\"\" width=\"620\" height=\"955\" srcset=\"https:\/\/inovexfoods.com\/wp-content\/uploads\/2024\/01\/Blackberry-2.png 620w, https:\/\/inovexfoods.com\/wp-content\/uploads\/2024\/01\/Blackberry-2-300x462.png 300w, https:\/\/inovexfoods.com\/wp-content\/uploads\/2024\/01\/Blackberry-2-150x231.png 150w, https:\/\/inovexfoods.com\/wp-content\/uploads\/2024\/01\/Blackberry-2-600x924.png 600w, https:\/\/inovexfoods.com\/wp-content\/uploads\/2024\/01\/Blackberry-2-195x300.png 195w, https:\/\/inovexfoods.com\/wp-content\/uploads\/2024\/01\/Blackberry-2-8x12.png 8w\" sizes=\"(max-width: 620px) 100vw, 620px\" \/><\/p>\n","protected":false},"excerpt":{"rendered":"<p>\u015e\u0131k, yumu\u015fak ve kar\u015f\u0131 konulmaz derecede nostaljik \u2014 Barico K\u0131rm\u0131z\u0131 Kadife Kek Aromal\u0131 \u015eurup, klasik tatl\u0131lar\u0131n ikonik lezzetini zengin ve kadifemsi bir \u015furupta yakalar. Kakao, vanilya ve hafif kremams\u0131 dokunu\u015flarla bu \u015furup, i\u00e7eceklerinize ve tatl\u0131lar\u0131n\u0131za l\u00fcks bir dokunu\u015f katar.<\/p>\n<table width=\"292\">\n<tbody>\n<tr>\n<td width=\"139\">Volume<\/td>\n<td width=\"153\">1 Liter<\/td>\n<\/tr>\n<tr>\n<td>Net Weight<\/td>\n<td>1315 gr.<\/td>\n<\/tr>\n<tr>\n<td>Gross Weight<\/td>\n<td>1998 gr.<\/td>\n<\/tr>\n<tr>\n<td>Pieces \/ carton<\/td>\n<td>6<\/td>\n<\/tr>\n<tr>\n<td>Carton \/ Pallet<\/td>\n<td>100<\/td>\n<\/tr>\n<tr>\n<td>Carton \/ 20 ft<\/td>\n<td>1000<\/td>\n<\/tr>\n<tr>\n<td>Carton \/ 40 ft<\/td>\n<td>2100<\/td>\n<\/tr>\n<tr>\n<td>Shelf Life<\/td>\n<td>3 years<\/td>\n<\/tr>\n<tr>\n<td>Languages<\/td>\n<td>English, Turkish, Arabic<\/td>\n<\/tr>\n<\/tbody>\n<\/table>\n","protected":false},"featured_media":6710,"comment_status":"closed","ping_status":"closed","template":"","meta":[],"product_brand":[],"product_cat":[486],"product_tag":[275,276,348,349,350,280,351,352],"class_list":{"0":"post-6803","1":"product","2":"type-product","3":"status-publish","4":"has-post-thumbnail","6":"product_cat-aromali-suruplar","7":"product_tag-artisanal-syrup-tr","8":"product_tag-barico-syrup-tr","9":"product_tag-cocktail-enhancement-tr","10":"product_tag-creative-cooking-with-passion-fruit-tr","11":"product_tag-exotic-culinary-ingredient-tr","12":"product_tag-guilt-free-indulgence-tr","13":"product_tag-passion-fruit-flavored-syrup-tr","14":"product_tag-tropical-syrup-tr","16":"first","17":"instock","18":"shipping-taxable","19":"product-type-simple"},"_links":{"self":[{"href":"https:\/\/inovexfoods.com\/tr\/wp-json\/wp\/v2\/product\/6803","targetHints":{"allow":["GET"]}}],"collection":[{"href":"https:\/\/inovexfoods.com\/tr\/wp-json\/wp\/v2\/product"}],"about":[{"href":"https:\/\/inovexfoods.com\/tr\/wp-json\/wp\/v2\/types\/product"}],"replies":[{"embeddable":true,"href":"https:\/\/inovexfoods.com\/tr\/wp-json\/wp\/v2\/comments?post=6803"}],"wp:featuredmedia":[{"embeddable":true,"href":"https:\/\/inovexfoods.com\/tr\/wp-json\/wp\/v2\/media\/6710"}],"wp:attachment":[{"href":"https:\/\/inovexfoods.com\/tr\/wp-json\/wp\/v2\/media?parent=6803"}],"wp:term":[{"taxonomy":"product_brand","embeddable":true,"href":"https:\/\/inovexfoods.com\/tr\/wp-json\/wp\/v2\/product_brand?post=6803"},{"taxonomy":"product_cat","embeddable":true,"href":"https:\/\/inovexfoods.com\/tr\/wp-json\/wp\/v2\/product_cat?post=6803"},{"taxonomy":"product_tag","embeddable":true,"href":"https:\/\/inovexfoods.com\/tr\/wp-json\/wp\/v2\/product_tag?post=6803"}],"curies":[{"name":"wp","href":"https:\/\/api.w.org\/{rel}","templated":true}]}}