{"id":6801,"date":"2025-08-05T19:16:08","date_gmt":"2025-08-05T19:16:08","guid":{"rendered":"https:\/\/www.inovexfoods.com\/products\/barico-sugar-syrup\/"},"modified":"2025-08-07T09:03:16","modified_gmt":"2025-08-07T09:03:16","slug":"barico-seker-surubu","status":"publish","type":"product","link":"https:\/\/inovexfoods.com\/tr\/urun\/barico-seker-surubu\/","title":{"rendered":"Barico \u015eeker \u015eurubu"},"content":{"rendered":"<p>Barico \u015eeker \u015eurubu<\/p>\n<p>Basit, \u00e7ok y\u00f6nl\u00fc ve vazge\u00e7ilmez\u2014Barico \u015eeker \u015eurubu, hem s\u0131cak hem de so\u011fuk i\u00e7eceklerde m\u00fckemmel kar\u0131\u015f\u0131m i\u00e7in tasarlanm\u0131\u015f y\u00fcksek kaliteli bir s\u0131v\u0131 tatland\u0131r\u0131c\u0131d\u0131r. Saf, rafine \u015fekerden \u00fcretilen bu \u015furup, i\u00e7eceklerinizin veya tariflerinizin lezzet profilini de\u011fi\u015ftirmeden temiz bir tatl\u0131l\u0131k sa\u011flar.<\/p>\n<p>Kahve, \u00e7ay, kokteyller, alkols\u00fcz kokteyller ve mutfak uygulamalar\u0131nda kullan\u0131m i\u00e7in m\u00fckemmel olan bu \u015furup an\u0131nda \u00e7\u00f6z\u00fcn\u00fcr ve bu da onu kafeler, barlar ve profesyonel mutfaklar i\u00e7in olmazsa olmaz bir \u00fcr\u00fcn haline getirir. \u0130ster klasik bir espressoyu tatland\u0131r\u0131n, ister \u00f6zel yap\u0131m bir kokteyli dengeleyin, Barico \u015eeker \u015eurubu her d\u00f6k\u00fcmde k\u0131vam, kolayl\u0131k ve safl\u0131k sa\u011flar.<\/p>\n<p>Kullan\u0131m Alanlar\u0131:<br \/>\n\u2013 Kahve, \u00e7ay ve espresso bazl\u0131 i\u00e7ecekler<br \/>\n\u2013 Kokteyller ve alkols\u00fcz kokteyller<br \/>\n\u2013 Smoothie&#8217;ler, limonatalar ve buzlu i\u00e7ecekler<br \/>\n\u2013 Pi\u015firme, j\u00f6leler ve tatl\u0131 haz\u0131rlama<\/p>\n<p>Barico \u015eeker \u015eurubu\u2014kusursuz lezzet ve zahmetsiz kar\u0131\u015ft\u0131rma i\u00e7in vazge\u00e7ilmez tatland\u0131r\u0131c\u0131.<\/p>\n<p><img fetchpriority=\"high\" decoding=\"async\" class=\"alignnone wp-image-536 size-full\" src=\"https:\/\/inovexfoods.com\/wp-content\/uploads\/2024\/01\/Blackberry-2.png\" alt=\"\" width=\"620\" height=\"955\" srcset=\"https:\/\/inovexfoods.com\/wp-content\/uploads\/2024\/01\/Blackberry-2.png 620w, https:\/\/inovexfoods.com\/wp-content\/uploads\/2024\/01\/Blackberry-2-300x462.png 300w, https:\/\/inovexfoods.com\/wp-content\/uploads\/2024\/01\/Blackberry-2-150x231.png 150w, https:\/\/inovexfoods.com\/wp-content\/uploads\/2024\/01\/Blackberry-2-600x924.png 600w, https:\/\/inovexfoods.com\/wp-content\/uploads\/2024\/01\/Blackberry-2-195x300.png 195w, https:\/\/inovexfoods.com\/wp-content\/uploads\/2024\/01\/Blackberry-2-8x12.png 8w\" sizes=\"(max-width: 620px) 100vw, 620px\" \/><\/p>\n","protected":false},"excerpt":{"rendered":"<p>Basit, \u00e7ok y\u00f6nl\u00fc ve vazge\u00e7ilmez\u2014Barico \u015eeker \u015eurubu, hem s\u0131cak hem de so\u011fuk i\u00e7eceklerde m\u00fckemmel kar\u0131\u015f\u0131m i\u00e7in tasarlanm\u0131\u015f y\u00fcksek kaliteli bir s\u0131v\u0131 tatland\u0131r\u0131c\u0131d\u0131r. Saf, rafine \u015fekerden \u00fcretilen bu \u015furup, i\u00e7eceklerinizin veya tariflerinizin lezzet profilini de\u011fi\u015ftirmeden temiz bir tatl\u0131l\u0131k sa\u011flar.<\/p>\n<table width=\"292\">\n<tbody>\n<tr>\n<td width=\"139\">Volume<\/td>\n<td width=\"153\">1 Liter<\/td>\n<\/tr>\n<tr>\n<td>Net Weight<\/td>\n<td>1315 gr.<\/td>\n<\/tr>\n<tr>\n<td>Gross Weight<\/td>\n<td>1998 gr.<\/td>\n<\/tr>\n<tr>\n<td>Pieces \/ carton<\/td>\n<td>6<\/td>\n<\/tr>\n<tr>\n<td>Carton \/ Pallet<\/td>\n<td>100<\/td>\n<\/tr>\n<tr>\n<td>Carton \/ 20 ft<\/td>\n<td>1000<\/td>\n<\/tr>\n<tr>\n<td>Carton \/ 40 ft<\/td>\n<td>2100<\/td>\n<\/tr>\n<tr>\n<td>Shelf Life<\/td>\n<td>3 years<\/td>\n<\/tr>\n<tr>\n<td>Languages<\/td>\n<td>English, Turkish, Arabic<\/td>\n<\/tr>\n<\/tbody>\n<\/table>\n","protected":false},"featured_media":6720,"comment_status":"closed","ping_status":"closed","template":"","meta":[],"product_brand":[],"product_cat":[486],"product_tag":[275,276,348,349,350,280,351,352],"class_list":{"0":"post-6801","1":"product","2":"type-product","3":"status-publish","4":"has-post-thumbnail","6":"product_cat-aromali-suruplar","7":"product_tag-artisanal-syrup-tr","8":"product_tag-barico-syrup-tr","9":"product_tag-cocktail-enhancement-tr","10":"product_tag-creative-cooking-with-passion-fruit-tr","11":"product_tag-exotic-culinary-ingredient-tr","12":"product_tag-guilt-free-indulgence-tr","13":"product_tag-passion-fruit-flavored-syrup-tr","14":"product_tag-tropical-syrup-tr","16":"first","17":"instock","18":"shipping-taxable","19":"product-type-simple"},"_links":{"self":[{"href":"https:\/\/inovexfoods.com\/tr\/wp-json\/wp\/v2\/product\/6801","targetHints":{"allow":["GET"]}}],"collection":[{"href":"https:\/\/inovexfoods.com\/tr\/wp-json\/wp\/v2\/product"}],"about":[{"href":"https:\/\/inovexfoods.com\/tr\/wp-json\/wp\/v2\/types\/product"}],"replies":[{"embeddable":true,"href":"https:\/\/inovexfoods.com\/tr\/wp-json\/wp\/v2\/comments?post=6801"}],"wp:featuredmedia":[{"embeddable":true,"href":"https:\/\/inovexfoods.com\/tr\/wp-json\/wp\/v2\/media\/6720"}],"wp:attachment":[{"href":"https:\/\/inovexfoods.com\/tr\/wp-json\/wp\/v2\/media?parent=6801"}],"wp:term":[{"taxonomy":"product_brand","embeddable":true,"href":"https:\/\/inovexfoods.com\/tr\/wp-json\/wp\/v2\/product_brand?post=6801"},{"taxonomy":"product_cat","embeddable":true,"href":"https:\/\/inovexfoods.com\/tr\/wp-json\/wp\/v2\/product_cat?post=6801"},{"taxonomy":"product_tag","embeddable":true,"href":"https:\/\/inovexfoods.com\/tr\/wp-json\/wp\/v2\/product_tag?post=6801"}],"curies":[{"name":"wp","href":"https:\/\/api.w.org\/{rel}","templated":true}]}}