{"id":6798,"date":"2025-08-05T19:19:45","date_gmt":"2025-08-05T19:19:45","guid":{"rendered":"https:\/\/www.inovexfoods.com\/products\/barico-sweet-cherry-flavored-syrup\/"},"modified":"2025-08-07T09:03:16","modified_gmt":"2025-08-07T09:03:16","slug":"barico-tatli-kiraz-aromali-surup","status":"publish","type":"product","link":"https:\/\/inovexfoods.com\/tr\/urun\/barico-tatli-kiraz-aromali-surup\/","title":{"rendered":"Barico Tatl\u0131 Kiraz Aromal\u0131 \u015eurup"},"content":{"rendered":"<p>Barico Tatl\u0131 Kiraz Aromal\u0131 \u015eurup<\/p>\n<p>Gazl\u0131 i\u00e7ecekler, buzlu \u00e7aylar, limonatalar, milkshake&#8217;ler ve alkols\u00fcz kokteyller i\u00e7in ideal olmas\u0131n\u0131n yan\u0131 s\u0131ra, kekler, dondurmalar ve hamur i\u015fleri i\u00e7in lezzetli bir sos veya kar\u0131\u015f\u0131m olarak da kullan\u0131labilir. \u0130ster kirazl\u0131 kola ister \u00f6zel bir i\u00e7ecek haz\u0131rlay\u0131n, Barico Tatl\u0131 Kiraz \u015eurubu, \u00f6ne \u00e7\u0131kan bir lezzet sunar.Parlak, sulu ve nefis tatl\u0131 \u2014 Barico Tatl\u0131 Kiraz Aromal\u0131 \u015eurup, her damlas\u0131nda olgun kirazlar\u0131n cesur ve nostaljik tad\u0131n\u0131 yakalar. Canl\u0131 rengi ve zengin kiraz aromas\u0131yla bu \u015furup, i\u00e7eceklere, tatl\u0131lara ve daha fazlas\u0131na meyveli bir dokunu\u015f katmak i\u00e7in m\u00fckemmeldir.<\/p>\n<p>\u015eunlar i\u00e7in m\u00fckemmeldir:<br \/>\n\u2013 Gazl\u0131 i\u00e7ecekler, limonatalar ve buzlu \u00e7aylar<br \/>\n\u2013 Kokteyller ve alkols\u00fcz kokteyller<br \/>\n\u2013 Milkshake&#8217;ler, smoothie&#8217;ler ve frappe&#8217;ler<br \/>\n\u2013 Tatl\u0131lar, hamur i\u015fleri ve soslar<\/p>\n<p>Barico Tatl\u0131 Kiraz Aromal\u0131 \u015eurup ile tatl\u0131 ve meyveli bir dokunu\u015f kat\u0131n.<\/p>\n<p><img fetchpriority=\"high\" decoding=\"async\" class=\"alignnone wp-image-536 size-full\" src=\"https:\/\/inovexfoods.com\/wp-content\/uploads\/2024\/01\/Blackberry-2.png\" alt=\"\" width=\"620\" height=\"955\" srcset=\"https:\/\/inovexfoods.com\/wp-content\/uploads\/2024\/01\/Blackberry-2.png 620w, https:\/\/inovexfoods.com\/wp-content\/uploads\/2024\/01\/Blackberry-2-300x462.png 300w, https:\/\/inovexfoods.com\/wp-content\/uploads\/2024\/01\/Blackberry-2-150x231.png 150w, https:\/\/inovexfoods.com\/wp-content\/uploads\/2024\/01\/Blackberry-2-600x924.png 600w, https:\/\/inovexfoods.com\/wp-content\/uploads\/2024\/01\/Blackberry-2-195x300.png 195w, https:\/\/inovexfoods.com\/wp-content\/uploads\/2024\/01\/Blackberry-2-8x12.png 8w\" sizes=\"(max-width: 620px) 100vw, 620px\" \/><\/p>\n","protected":false},"excerpt":{"rendered":"<p>Parlak, sulu ve nefis tatl\u0131 \u2014 Barico Tatl\u0131 Kiraz Aromal\u0131 \u015eurup, her damlas\u0131nda olgun kirazlar\u0131n cesur ve nostaljik tad\u0131n\u0131 yakalar. Canl\u0131 rengi ve zengin kiraz aromas\u0131yla bu \u015furup, i\u00e7eceklere, tatl\u0131lara ve daha fazlas\u0131na meyveli bir dokunu\u015f katmak i\u00e7in m\u00fckemmeldir.<\/p>\n<table width=\"292\">\n<tbody>\n<tr>\n<td width=\"139\">Volume<\/td>\n<td width=\"153\">1 Liter<\/td>\n<\/tr>\n<tr>\n<td>Net Weight<\/td>\n<td>1315 gr.<\/td>\n<\/tr>\n<tr>\n<td>Gross Weight<\/td>\n<td>1998 gr.<\/td>\n<\/tr>\n<tr>\n<td>Pieces \/ carton<\/td>\n<td>6<\/td>\n<\/tr>\n<tr>\n<td>Carton \/ Pallet<\/td>\n<td>100<\/td>\n<\/tr>\n<tr>\n<td>Carton \/ 20 ft<\/td>\n<td>1000<\/td>\n<\/tr>\n<tr>\n<td>Carton \/ 40 ft<\/td>\n<td>2100<\/td>\n<\/tr>\n<tr>\n<td>Shelf Life<\/td>\n<td>3 years<\/td>\n<\/tr>\n<tr>\n<td>Languages<\/td>\n<td>English, Turkish, Arabic<\/td>\n<\/tr>\n<\/tbody>\n<\/table>\n","protected":false},"featured_media":6725,"comment_status":"closed","ping_status":"closed","template":"","meta":[],"product_brand":[],"product_cat":[486],"product_tag":[275,276,348,349,350,280,351,352],"class_list":{"0":"post-6798","1":"product","2":"type-product","3":"status-publish","4":"has-post-thumbnail","6":"product_cat-aromali-suruplar","7":"product_tag-artisanal-syrup-tr","8":"product_tag-barico-syrup-tr","9":"product_tag-cocktail-enhancement-tr","10":"product_tag-creative-cooking-with-passion-fruit-tr","11":"product_tag-exotic-culinary-ingredient-tr","12":"product_tag-guilt-free-indulgence-tr","13":"product_tag-passion-fruit-flavored-syrup-tr","14":"product_tag-tropical-syrup-tr","16":"first","17":"instock","18":"shipping-taxable","19":"product-type-simple"},"_links":{"self":[{"href":"https:\/\/inovexfoods.com\/tr\/wp-json\/wp\/v2\/product\/6798","targetHints":{"allow":["GET"]}}],"collection":[{"href":"https:\/\/inovexfoods.com\/tr\/wp-json\/wp\/v2\/product"}],"about":[{"href":"https:\/\/inovexfoods.com\/tr\/wp-json\/wp\/v2\/types\/product"}],"replies":[{"embeddable":true,"href":"https:\/\/inovexfoods.com\/tr\/wp-json\/wp\/v2\/comments?post=6798"}],"wp:featuredmedia":[{"embeddable":true,"href":"https:\/\/inovexfoods.com\/tr\/wp-json\/wp\/v2\/media\/6725"}],"wp:attachment":[{"href":"https:\/\/inovexfoods.com\/tr\/wp-json\/wp\/v2\/media?parent=6798"}],"wp:term":[{"taxonomy":"product_brand","embeddable":true,"href":"https:\/\/inovexfoods.com\/tr\/wp-json\/wp\/v2\/product_brand?post=6798"},{"taxonomy":"product_cat","embeddable":true,"href":"https:\/\/inovexfoods.com\/tr\/wp-json\/wp\/v2\/product_cat?post=6798"},{"taxonomy":"product_tag","embeddable":true,"href":"https:\/\/inovexfoods.com\/tr\/wp-json\/wp\/v2\/product_tag?post=6798"}],"curies":[{"name":"wp","href":"https:\/\/api.w.org\/{rel}","templated":true}]}}