{"id":6795,"date":"2025-08-05T19:22:38","date_gmt":"2025-08-05T19:22:38","guid":{"rendered":"https:\/\/www.inovexfoods.com\/products\/barico-raspberry-flavored-syrup\/"},"modified":"2025-08-07T09:03:16","modified_gmt":"2025-08-07T09:03:16","slug":"barico-ahududu-aromali-surup","status":"publish","type":"product","link":"https:\/\/inovexfoods.com\/tr\/urun\/barico-ahududu-aromali-surup\/","title":{"rendered":"Barico Ahududu Aromal\u0131 \u015eurup"},"content":{"rendered":"<p>Barico Ahududu Aromal\u0131 \u015eurup<\/p>\n<p>Ek\u015fi, canl\u0131 ve meyve lezzetiyle dolu Barico Ahududu Aromal\u0131 \u015eurup, olgun ahududular\u0131n taze ve sulu tad\u0131n\u0131 i\u00e7eceklerinize ve tatl\u0131lar\u0131n\u0131za ta\u015f\u0131r. Cesur aromas\u0131 ve koyu k\u0131rm\u0131z\u0131 tonu, onu hem klasik hem de yarat\u0131c\u0131 tarifler i\u00e7in \u00f6ne \u00e7\u0131kan bir malzeme haline getirir.<\/p>\n<p>Kokteyller, limonatalar, buzlu \u00e7aylar, smoothieler ve milkshake&#8217;ler i\u00e7in m\u00fckemmel olmas\u0131n\u0131n yan\u0131 s\u0131ra, cheesecake, panna cotta ve hamur i\u015fleri gibi tatl\u0131lara da meyveli bir dokunu\u015f katar. \u0130ster barista, ister miksolog, ister tatl\u0131 uzman\u0131 olun, Barico Ahududu \u015eurubu, tutarl\u0131 bir kalite ve ferahlat\u0131c\u0131 bir meyve dokunu\u015fu sunar.<\/p>\n<p>\u015eunlar i\u00e7in m\u00fckemmeldir:<br \/>\n\u2013 Buzlu \u00e7aylar, limonatalar ve gazl\u0131 i\u00e7ecekler<br \/>\n\u2013 Kokteyller, alkols\u00fcz kokteyller ve spritz&#8217;ler<br \/>\n\u2013 Milkshake&#8217;ler, smoothieler ve frappeler<br \/>\n\u2013 Tatl\u0131lar, soslar ve kek dolgular\u0131<\/p>\n<p>Barico Ahududu Aromal\u0131 \u015eurup ile cesur bir meyve aromas\u0131 kat\u0131n.<\/p>\n<p><img fetchpriority=\"high\" decoding=\"async\" class=\"alignnone wp-image-536 size-full\" src=\"https:\/\/inovexfoods.com\/wp-content\/uploads\/2024\/01\/Blackberry-2.png\" alt=\"\" width=\"620\" height=\"955\" srcset=\"https:\/\/inovexfoods.com\/wp-content\/uploads\/2024\/01\/Blackberry-2.png 620w, https:\/\/inovexfoods.com\/wp-content\/uploads\/2024\/01\/Blackberry-2-300x462.png 300w, https:\/\/inovexfoods.com\/wp-content\/uploads\/2024\/01\/Blackberry-2-150x231.png 150w, https:\/\/inovexfoods.com\/wp-content\/uploads\/2024\/01\/Blackberry-2-600x924.png 600w, https:\/\/inovexfoods.com\/wp-content\/uploads\/2024\/01\/Blackberry-2-195x300.png 195w, https:\/\/inovexfoods.com\/wp-content\/uploads\/2024\/01\/Blackberry-2-8x12.png 8w\" sizes=\"(max-width: 620px) 100vw, 620px\" \/><\/p>\n","protected":false},"excerpt":{"rendered":"<p>Ek\u015fi, canl\u0131 ve meyve lezzetiyle dolu Barico Ahududu Aromal\u0131 \u015eurup, olgun ahududular\u0131n taze ve sulu tad\u0131n\u0131 i\u00e7eceklerinize ve tatl\u0131lar\u0131n\u0131za ta\u015f\u0131r. Cesur aromas\u0131 ve koyu k\u0131rm\u0131z\u0131 tonu, onu hem klasik hem de yarat\u0131c\u0131 tarifler i\u00e7in \u00f6ne \u00e7\u0131kan bir malzeme haline getirir.<\/p>\n<table width=\"292\">\n<tbody>\n<tr>\n<td width=\"139\">Volume<\/td>\n<td width=\"153\">1 Liter<\/td>\n<\/tr>\n<tr>\n<td>Net Weight<\/td>\n<td>1315 gr.<\/td>\n<\/tr>\n<tr>\n<td>Gross Weight<\/td>\n<td>1998 gr.<\/td>\n<\/tr>\n<tr>\n<td>Pieces \/ carton<\/td>\n<td>6<\/td>\n<\/tr>\n<tr>\n<td>Carton \/ Pallet<\/td>\n<td>100<\/td>\n<\/tr>\n<tr>\n<td>Carton \/ 20 ft<\/td>\n<td>1000<\/td>\n<\/tr>\n<tr>\n<td>Carton \/ 40 ft<\/td>\n<td>2100<\/td>\n<\/tr>\n<tr>\n<td>Shelf Life<\/td>\n<td>3 years<\/td>\n<\/tr>\n<tr>\n<td>Languages<\/td>\n<td>English, Turkish, Arabic<\/td>\n<\/tr>\n<\/tbody>\n<\/table>\n","protected":false},"featured_media":6705,"comment_status":"closed","ping_status":"closed","template":"","meta":[],"product_brand":[],"product_cat":[486],"product_tag":[275,276,348,349,350,280,351,352],"class_list":{"0":"post-6795","1":"product","2":"type-product","3":"status-publish","4":"has-post-thumbnail","6":"product_cat-aromali-suruplar","7":"product_tag-artisanal-syrup-tr","8":"product_tag-barico-syrup-tr","9":"product_tag-cocktail-enhancement-tr","10":"product_tag-creative-cooking-with-passion-fruit-tr","11":"product_tag-exotic-culinary-ingredient-tr","12":"product_tag-guilt-free-indulgence-tr","13":"product_tag-passion-fruit-flavored-syrup-tr","14":"product_tag-tropical-syrup-tr","16":"first","17":"instock","18":"shipping-taxable","19":"product-type-simple"},"_links":{"self":[{"href":"https:\/\/inovexfoods.com\/tr\/wp-json\/wp\/v2\/product\/6795","targetHints":{"allow":["GET"]}}],"collection":[{"href":"https:\/\/inovexfoods.com\/tr\/wp-json\/wp\/v2\/product"}],"about":[{"href":"https:\/\/inovexfoods.com\/tr\/wp-json\/wp\/v2\/types\/product"}],"replies":[{"embeddable":true,"href":"https:\/\/inovexfoods.com\/tr\/wp-json\/wp\/v2\/comments?post=6795"}],"wp:featuredmedia":[{"embeddable":true,"href":"https:\/\/inovexfoods.com\/tr\/wp-json\/wp\/v2\/media\/6705"}],"wp:attachment":[{"href":"https:\/\/inovexfoods.com\/tr\/wp-json\/wp\/v2\/media?parent=6795"}],"wp:term":[{"taxonomy":"product_brand","embeddable":true,"href":"https:\/\/inovexfoods.com\/tr\/wp-json\/wp\/v2\/product_brand?post=6795"},{"taxonomy":"product_cat","embeddable":true,"href":"https:\/\/inovexfoods.com\/tr\/wp-json\/wp\/v2\/product_cat?post=6795"},{"taxonomy":"product_tag","embeddable":true,"href":"https:\/\/inovexfoods.com\/tr\/wp-json\/wp\/v2\/product_tag?post=6795"}],"curies":[{"name":"wp","href":"https:\/\/api.w.org\/{rel}","templated":true}]}}