{"id":6792,"date":"2025-08-05T19:26:03","date_gmt":"2025-08-05T19:26:03","guid":{"rendered":"https:\/\/www.inovexfoods.com\/products\/barico-pineapple-flavored-syrup\/"},"modified":"2025-08-07T09:03:15","modified_gmt":"2025-08-07T09:03:15","slug":"barico-ananas-aromali-surup","status":"publish","type":"product","link":"https:\/\/inovexfoods.com\/tr\/urun\/barico-ananas-aromali-surup\/","title":{"rendered":"Barico Ananas Aromal\u0131 \u015eurup"},"content":{"rendered":"<p>Barico Ananas Aromal\u0131 \u015eurup<\/p>\n<p>\u015ei\u015fede g\u00fcne\u015f \u0131\u015f\u0131\u011f\u0131na merhaba deyin! Barico Ananas Aromal\u0131 \u015eurup, tropikal cennete giden yolunuzdur; g\u00fcne\u015fte olgunla\u015fm\u0131\u015f ananaslar\u0131n sulu, alt\u0131n rengi tatl\u0131l\u0131\u011f\u0131 ve her t\u00fcrl\u00fc lezzete canl\u0131l\u0131k katan canl\u0131 bir dokunu\u015fla doludur.<\/p>\n<p>\u0130ster plaj temal\u0131 bir alkols\u00fcz kokteyl, ister canl\u0131 bir smoothie, ister canl\u0131 ananasl\u0131 buzlu \u00e7ay haz\u0131rlay\u0131n, bu \u015furup her yudumda cesur bir ada aromas\u0131 sunar. Ayr\u0131ca tatl\u0131larda da harikalar yarat\u0131r; panna cotta \u00fczerine gezdirmekten meyveli keklere veya sorbelere katmanlar halinde eklemeye kadar.<\/p>\n<p>Yarat\u0131c\u0131 zihinler ve maceraperest damaklar i\u00e7in tasarlanan Barico Ananas \u015eurubu, s\u0131radan i\u00e7ecekleri ve yemekleri egzotik ka\u00e7\u0131\u015flara d\u00f6n\u00fc\u015ft\u00fcr\u00fcr.<\/p>\n<p>\u015eunlar i\u00e7in idealdir:<br \/>\n\u2013 Tropikal limonatalar, buzlu \u00e7aylar ve gazl\u0131 i\u00e7ecekler<br \/>\n\u2013 Ferahlat\u0131c\u0131 kokteyller ve alkols\u00fcz kokteyller<br \/>\n\u2013 Smoothie&#8217;ler, frappe&#8217;ler ve milkshake&#8217;ler<br \/>\n\u2013 Kekler, kremalar ve ada esintili tatl\u0131lar<\/p>\n<p>Barico Ananas Aromal\u0131 \u015eurup ile men\u00fcn\u00fcz\u00fc tropiklere ta\u015f\u0131y\u0131n.<\/p>\n<p><img fetchpriority=\"high\" decoding=\"async\" class=\"alignnone wp-image-536 size-full\" src=\"https:\/\/inovexfoods.com\/wp-content\/uploads\/2024\/01\/Blackberry-2.png\" alt=\"\" width=\"620\" height=\"955\" srcset=\"https:\/\/inovexfoods.com\/wp-content\/uploads\/2024\/01\/Blackberry-2.png 620w, https:\/\/inovexfoods.com\/wp-content\/uploads\/2024\/01\/Blackberry-2-300x462.png 300w, https:\/\/inovexfoods.com\/wp-content\/uploads\/2024\/01\/Blackberry-2-150x231.png 150w, https:\/\/inovexfoods.com\/wp-content\/uploads\/2024\/01\/Blackberry-2-600x924.png 600w, https:\/\/inovexfoods.com\/wp-content\/uploads\/2024\/01\/Blackberry-2-195x300.png 195w, https:\/\/inovexfoods.com\/wp-content\/uploads\/2024\/01\/Blackberry-2-8x12.png 8w\" sizes=\"(max-width: 620px) 100vw, 620px\" \/><\/p>\n","protected":false},"excerpt":{"rendered":"<p>\u015ei\u015fede g\u00fcne\u015f \u0131\u015f\u0131\u011f\u0131na merhaba deyin! Barico Ananas Aromal\u0131 \u015eurup, tropikal cennete giden yolunuzdur; g\u00fcne\u015fte olgunla\u015fm\u0131\u015f ananaslar\u0131n sulu, alt\u0131n rengi tatl\u0131l\u0131\u011f\u0131 ve her t\u00fcrl\u00fc lezzete canl\u0131l\u0131k katan canl\u0131 bir dokunu\u015fla doludur.<\/p>\n<table width=\"292\">\n<tbody>\n<tr>\n<td width=\"139\">Volume<\/td>\n<td width=\"153\">1 Liter<\/td>\n<\/tr>\n<tr>\n<td>Net Weight<\/td>\n<td>1315 gr.<\/td>\n<\/tr>\n<tr>\n<td>Gross Weight<\/td>\n<td>1998 gr.<\/td>\n<\/tr>\n<tr>\n<td>Pieces \/ carton<\/td>\n<td>6<\/td>\n<\/tr>\n<tr>\n<td>Carton \/ Pallet<\/td>\n<td>100<\/td>\n<\/tr>\n<tr>\n<td>Carton \/ 20 ft<\/td>\n<td>1000<\/td>\n<\/tr>\n<tr>\n<td>Carton \/ 40 ft<\/td>\n<td>2100<\/td>\n<\/tr>\n<tr>\n<td>Shelf Life<\/td>\n<td>3 years<\/td>\n<\/tr>\n<tr>\n<td>Languages<\/td>\n<td>English, Turkish, Arabic<\/td>\n<\/tr>\n<\/tbody>\n<\/table>\n","protected":false},"featured_media":6695,"comment_status":"closed","ping_status":"closed","template":"","meta":[],"product_brand":[],"product_cat":[486],"product_tag":[275,276,348,349,350,280,351,352],"class_list":{"0":"post-6792","1":"product","2":"type-product","3":"status-publish","4":"has-post-thumbnail","6":"product_cat-aromali-suruplar","7":"product_tag-artisanal-syrup-tr","8":"product_tag-barico-syrup-tr","9":"product_tag-cocktail-enhancement-tr","10":"product_tag-creative-cooking-with-passion-fruit-tr","11":"product_tag-exotic-culinary-ingredient-tr","12":"product_tag-guilt-free-indulgence-tr","13":"product_tag-passion-fruit-flavored-syrup-tr","14":"product_tag-tropical-syrup-tr","16":"first","17":"instock","18":"shipping-taxable","19":"product-type-simple"},"_links":{"self":[{"href":"https:\/\/inovexfoods.com\/tr\/wp-json\/wp\/v2\/product\/6792","targetHints":{"allow":["GET"]}}],"collection":[{"href":"https:\/\/inovexfoods.com\/tr\/wp-json\/wp\/v2\/product"}],"about":[{"href":"https:\/\/inovexfoods.com\/tr\/wp-json\/wp\/v2\/types\/product"}],"replies":[{"embeddable":true,"href":"https:\/\/inovexfoods.com\/tr\/wp-json\/wp\/v2\/comments?post=6792"}],"wp:featuredmedia":[{"embeddable":true,"href":"https:\/\/inovexfoods.com\/tr\/wp-json\/wp\/v2\/media\/6695"}],"wp:attachment":[{"href":"https:\/\/inovexfoods.com\/tr\/wp-json\/wp\/v2\/media?parent=6792"}],"wp:term":[{"taxonomy":"product_brand","embeddable":true,"href":"https:\/\/inovexfoods.com\/tr\/wp-json\/wp\/v2\/product_brand?post=6792"},{"taxonomy":"product_cat","embeddable":true,"href":"https:\/\/inovexfoods.com\/tr\/wp-json\/wp\/v2\/product_cat?post=6792"},{"taxonomy":"product_tag","embeddable":true,"href":"https:\/\/inovexfoods.com\/tr\/wp-json\/wp\/v2\/product_tag?post=6792"}],"curies":[{"name":"wp","href":"https:\/\/api.w.org\/{rel}","templated":true}]}}