{"id":6788,"date":"2025-08-05T19:29:04","date_gmt":"2025-08-05T19:29:04","guid":{"rendered":"https:\/\/www.inovexfoods.com\/products\/barico-matcha-flavored-syrup\/"},"modified":"2025-08-07T09:03:15","modified_gmt":"2025-08-07T09:03:15","slug":"barico-matcha-aromali-surup","status":"publish","type":"product","link":"https:\/\/inovexfoods.com\/tr\/urun\/barico-matcha-aromali-surup\/","title":{"rendered":"Barico Matcha Aromal\u0131 \u015eurup"},"content":{"rendered":"<p>Barico Matcha Aromal\u0131 \u015eurup<br \/>\n\ud83c\udf75 Her Damlas\u0131nda Topraks\u0131 Zarafet \ud83c\udf3f<\/p>\n<p>Barico Matcha Aromal\u0131 \u015eurup ile ye\u015fil \u00e7ay\u0131n zengin ve sakinle\u015ftirici ruhunu a\u00e7\u0131\u011fa \u00e7\u0131kar\u0131n &#8211; yumu\u015fak tatl\u0131l\u0131k ve otantik matcha derinli\u011finin m\u00fckemmel dengelenmi\u015f bir birle\u015fimi. Modern kafeler, yarat\u0131c\u0131 miksologlar ve tatl\u0131 yenilik\u00e7ileri i\u00e7in tasarlanan bu \u015furup, dokundu\u011fu her \u015feye rafine ve topraks\u0131 bir karakter kat\u0131yor.<\/p>\n<p>\u0130ster canl\u0131 bir buzlu matcha latte haz\u0131rlay\u0131n, ister benzersiz bir kokteyl haz\u0131rlay\u0131n, ister kek ve tatl\u0131lara Japon esintili bir dokunu\u015f kat\u0131n, Barico Matcha \u015eurubu hem cesur hem de dingin bir lezzet sunar.<\/p>\n<p>\u015eunlar i\u00e7in idealdir:<br \/>\n\u2013 Buzlu ve s\u0131cak matcha latte<br \/>\n\u2013 \u00d6zel kokteyller ve alkols\u00fcz kokteyller<br \/>\n\u2013 Matcha milkshake&#8217;leri, smoothie&#8217;ler ve frappe&#8217;ler<br \/>\n\u2013 Kekler, j\u00f6leler ve tatl\u0131 soslar\u0131<\/p>\n<p>Ye\u015fil \u00e7ay\u0131n gurme lezzetlerle bulu\u015ftu\u011fu Barico Matcha Aromal\u0131 \u015eurup ile gelenek ve yarat\u0131c\u0131l\u0131\u011f\u0131n uyumunu tad\u0131n.<\/p>\n<p><img fetchpriority=\"high\" decoding=\"async\" class=\"alignnone wp-image-536 size-full\" src=\"https:\/\/inovexfoods.com\/wp-content\/uploads\/2024\/01\/Blackberry-2.png\" alt=\"\" width=\"620\" height=\"955\" srcset=\"https:\/\/inovexfoods.com\/wp-content\/uploads\/2024\/01\/Blackberry-2.png 620w, https:\/\/inovexfoods.com\/wp-content\/uploads\/2024\/01\/Blackberry-2-300x462.png 300w, https:\/\/inovexfoods.com\/wp-content\/uploads\/2024\/01\/Blackberry-2-150x231.png 150w, https:\/\/inovexfoods.com\/wp-content\/uploads\/2024\/01\/Blackberry-2-600x924.png 600w, https:\/\/inovexfoods.com\/wp-content\/uploads\/2024\/01\/Blackberry-2-195x300.png 195w, https:\/\/inovexfoods.com\/wp-content\/uploads\/2024\/01\/Blackberry-2-8x12.png 8w\" sizes=\"(max-width: 620px) 100vw, 620px\" \/><\/p>\n","protected":false},"excerpt":{"rendered":"<p>Barico Matcha Aromal\u0131 \u015eurup ile ye\u015fil \u00e7ay\u0131n zengin ve sakinle\u015ftirici ruhunu a\u00e7\u0131\u011fa \u00e7\u0131kar\u0131n &#8211; yumu\u015fak tatl\u0131l\u0131k ve otantik matcha derinli\u011finin m\u00fckemmel dengelenmi\u015f bir birle\u015fimi. Modern kafeler, yarat\u0131c\u0131 miksologlar ve tatl\u0131 yenilik\u00e7ileri i\u00e7in tasarlanan bu \u015furup, dokundu\u011fu her \u015feye rafine ve topraks\u0131 bir karakter kat\u0131yor.<\/p>\n<table width=\"292\">\n<tbody>\n<tr>\n<td width=\"139\">Volume<\/td>\n<td width=\"153\">1 Liter<\/td>\n<\/tr>\n<tr>\n<td>Net Weight<\/td>\n<td>1315 gr.<\/td>\n<\/tr>\n<tr>\n<td>Gross Weight<\/td>\n<td>1998 gr.<\/td>\n<\/tr>\n<tr>\n<td>Pieces \/ carton<\/td>\n<td>6<\/td>\n<\/tr>\n<tr>\n<td>Carton \/ Pallet<\/td>\n<td>100<\/td>\n<\/tr>\n<tr>\n<td>Carton \/ 20 ft<\/td>\n<td>1000<\/td>\n<\/tr>\n<tr>\n<td>Carton \/ 40 ft<\/td>\n<td>2100<\/td>\n<\/tr>\n<tr>\n<td>Shelf Life<\/td>\n<td>3 years<\/td>\n<\/tr>\n<tr>\n<td>Languages<\/td>\n<td>English, Turkish, Arabic<\/td>\n<\/tr>\n<\/tbody>\n<\/table>\n","protected":false},"featured_media":6685,"comment_status":"closed","ping_status":"closed","template":"","meta":[],"product_brand":[],"product_cat":[486],"product_tag":[275,276,348,349,350,280,351,352],"class_list":{"0":"post-6788","1":"product","2":"type-product","3":"status-publish","4":"has-post-thumbnail","6":"product_cat-aromali-suruplar","7":"product_tag-artisanal-syrup-tr","8":"product_tag-barico-syrup-tr","9":"product_tag-cocktail-enhancement-tr","10":"product_tag-creative-cooking-with-passion-fruit-tr","11":"product_tag-exotic-culinary-ingredient-tr","12":"product_tag-guilt-free-indulgence-tr","13":"product_tag-passion-fruit-flavored-syrup-tr","14":"product_tag-tropical-syrup-tr","16":"first","17":"instock","18":"shipping-taxable","19":"product-type-simple"},"_links":{"self":[{"href":"https:\/\/inovexfoods.com\/tr\/wp-json\/wp\/v2\/product\/6788","targetHints":{"allow":["GET"]}}],"collection":[{"href":"https:\/\/inovexfoods.com\/tr\/wp-json\/wp\/v2\/product"}],"about":[{"href":"https:\/\/inovexfoods.com\/tr\/wp-json\/wp\/v2\/types\/product"}],"replies":[{"embeddable":true,"href":"https:\/\/inovexfoods.com\/tr\/wp-json\/wp\/v2\/comments?post=6788"}],"wp:featuredmedia":[{"embeddable":true,"href":"https:\/\/inovexfoods.com\/tr\/wp-json\/wp\/v2\/media\/6685"}],"wp:attachment":[{"href":"https:\/\/inovexfoods.com\/tr\/wp-json\/wp\/v2\/media?parent=6788"}],"wp:term":[{"taxonomy":"product_brand","embeddable":true,"href":"https:\/\/inovexfoods.com\/tr\/wp-json\/wp\/v2\/product_brand?post=6788"},{"taxonomy":"product_cat","embeddable":true,"href":"https:\/\/inovexfoods.com\/tr\/wp-json\/wp\/v2\/product_cat?post=6788"},{"taxonomy":"product_tag","embeddable":true,"href":"https:\/\/inovexfoods.com\/tr\/wp-json\/wp\/v2\/product_tag?post=6788"}],"curies":[{"name":"wp","href":"https:\/\/api.w.org\/{rel}","templated":true}]}}